{"id":3576,"date":"2025-08-05T08:37:58","date_gmt":"2025-08-05T08:37:58","guid":{"rendered":"https:\/\/chic-claws.com\/?post_type=product&#038;p=3576"},"modified":"2025-09-16T20:52:21","modified_gmt":"2025-09-16T20:52:21","slug":"monarchie","status":"publish","type":"product","link":"https:\/\/chic-claws.com\/en\/urun\/monarchie\/","title":{"rendered":"Red Glam Sparkle"},"content":{"rendered":"<p>Red Glam Sparkle<\/p>\n<p>Das Red Glam Sparkle Nageldesign bringt pure Eleganz auf deine N\u00e4gel. Das kr\u00e4ftige Rot kombiniert mit goldenem Glitzer setzt glamour\u00f6se Highlights und ist perfekt f\u00fcr Festtage, Partys oder besondere Anl\u00e4sse.<br \/>\nProduct Highlights \/ Key Features<br \/>\nIntensive rote Farbe mit gl\u00e4nzendem Finish<br \/>\nGoldene Glitzer-Details f\u00fcr luxuri\u00f6sen Look<br \/>\nHochwertige Press-on N\u00e4gel f\u00fcr einfache Anwendung<br \/>\nWiederverwendbar und langlebig<\/p>","protected":false},"excerpt":{"rendered":"<p>Red Glam Sparkle Das Red Glam Sparkle Nageldesign bringt pure Eleganz auf deine N\u00e4gel. Das kr\u00e4ftige Rot kombiniert mit goldenem Glitzer setzt glamour\u00f6se Highlights und ist perfekt f\u00fcr Festtage, Partys oder besondere Anl\u00e4sse. Produkt-Highlights: Intensive rote Farbe mit gl\u00e4nzendem Finish Goldene Glitzer-Details f\u00fcr luxuri\u00f6sen Look Hochwertige Press-on N\u00e4gel f\u00fcr einfache Anwendung Wiederverwendbar und langlebig<\/p>","protected":false},"featured_media":3577,"comment_status":"open","ping_status":"closed","template":"","meta":[],"product_brand":[],"product_cat":[83],"product_tag":[84],"class_list":{"0":"post-3576","1":"product","2":"type-product","3":"status-publish","4":"has-post-thumbnail","6":"product_cat-handgefertigte-nagel","7":"product_tag-handgefertigte-nagel","8":"product_shipping_class-class-2","9":"pa_groesse-l","10":"pa_groesse-m","11":"pa_groesse-s","12":"pa_nagelform-ballerina","14":"first","15":"instock","16":"taxable","17":"shipping-taxable","18":"purchasable","19":"product-type-variable"},"yoast_head":"<!-- This site is optimized with the Yoast SEO plugin v27.4 - https:\/\/yoast.com\/product\/yoast-seo-wordpress\/ -->\n<title>Red Glam Sparkle | Handgefertigte Press-on Nails \u2013 Chic Claws<\/title>\n<meta name=\"description\" content=\"Entdecke Red Glam Sparkle \u2013 wiederverwendbare, handgefertigte Press-on Nails mit UV-freiem Kleber. Besser als Kiss &amp; Doonails. Jetzt bei Chic Claws kaufen!\" \/>\n<meta name=\"robots\" content=\"index, follow, max-snippet:-1, max-image-preview:large, max-video-preview:-1\" \/>\n<link rel=\"canonical\" href=\"https:\/\/chic-claws.com\/en\/urun\/monarchie\/\" \/>\n<meta property=\"og:locale\" content=\"en_US\" \/>\n<meta property=\"og:type\" content=\"article\" \/>\n<meta property=\"og:title\" content=\"Red Glam Sparkle | Handgefertigte Press-on Nails \u2013 Chic Claws\" \/>\n<meta property=\"og:description\" content=\"Entdecke Red Glam Sparkle \u2013 wiederverwendbare, handgefertigte Press-on Nails mit UV-freiem Kleber. Besser als Kiss &amp; Doonails. Jetzt bei Chic Claws kaufen!\" \/>\n<meta property=\"og:url\" content=\"https:\/\/chic-claws.com\/en\/urun\/monarchie\/\" \/>\n<meta property=\"og:site_name\" content=\"Chic Claws\" \/>\n<meta property=\"article:modified_time\" content=\"2025-09-16T20:52:21+00:00\" \/>\n<meta property=\"og:image\" content=\"https:\/\/chic-claws.com\/wp-content\/uploads\/2025\/08\/monarchie.jpg\" \/>\n\t<meta property=\"og:image:width\" content=\"1200\" \/>\n\t<meta property=\"og:image:height\" content=\"1353\" \/>\n\t<meta property=\"og:image:type\" content=\"image\/jpeg\" \/>\n<meta name=\"twitter:card\" content=\"summary_large_image\" \/>\n<script type=\"application\/ld+json\" class=\"yoast-schema-graph\">{\"@context\":\"https:\\\/\\\/schema.org\",\"@graph\":[{\"@type\":\"WebPage\",\"@id\":\"https:\\\/\\\/chic-claws.com\\\/urun\\\/monarchie\\\/\",\"url\":\"https:\\\/\\\/chic-claws.com\\\/urun\\\/monarchie\\\/\",\"name\":\"Red Glam Sparkle | Handgefertigte Press-on Nails \u2013 Chic Claws\",\"isPartOf\":{\"@id\":\"https:\\\/\\\/chic-claws.com\\\/#website\"},\"primaryImageOfPage\":{\"@id\":\"https:\\\/\\\/chic-claws.com\\\/urun\\\/monarchie\\\/#primaryimage\"},\"image\":{\"@id\":\"https:\\\/\\\/chic-claws.com\\\/urun\\\/monarchie\\\/#primaryimage\"},\"thumbnailUrl\":\"https:\\\/\\\/chic-claws.com\\\/wp-content\\\/uploads\\\/2025\\\/08\\\/monarchie.jpg\",\"datePublished\":\"2025-08-05T08:37:58+00:00\",\"dateModified\":\"2025-09-16T20:52:21+00:00\",\"description\":\"Entdecke Red Glam Sparkle \u2013 wiederverwendbare, handgefertigte Press-on Nails mit UV-freiem Kleber. Besser als Kiss & Doonails. Jetzt bei Chic Claws kaufen!\",\"breadcrumb\":{\"@id\":\"https:\\\/\\\/chic-claws.com\\\/urun\\\/monarchie\\\/#breadcrumb\"},\"inLanguage\":\"en-US\",\"potentialAction\":[{\"@type\":\"ReadAction\",\"target\":[\"https:\\\/\\\/chic-claws.com\\\/urun\\\/monarchie\\\/\"]}]},{\"@type\":\"ImageObject\",\"inLanguage\":\"en-US\",\"@id\":\"https:\\\/\\\/chic-claws.com\\\/urun\\\/monarchie\\\/#primaryimage\",\"url\":\"https:\\\/\\\/chic-claws.com\\\/wp-content\\\/uploads\\\/2025\\\/08\\\/monarchie.jpg\",\"contentUrl\":\"https:\\\/\\\/chic-claws.com\\\/wp-content\\\/uploads\\\/2025\\\/08\\\/monarchie.jpg\",\"width\":1200,\"height\":1353},{\"@type\":\"BreadcrumbList\",\"@id\":\"https:\\\/\\\/chic-claws.com\\\/urun\\\/monarchie\\\/#breadcrumb\",\"itemListElement\":[{\"@type\":\"ListItem\",\"position\":1,\"name\":\"Anasayfa\",\"item\":\"https:\\\/\\\/chic-claws.com\\\/\"},{\"@type\":\"ListItem\",\"position\":2,\"name\":\"Shop\",\"item\":\"https:\\\/\\\/chic-claws.com\\\/en\\\/shop\\\/\"},{\"@type\":\"ListItem\",\"position\":3,\"name\":\"Red Glam Sparkle\"}]},{\"@type\":\"WebSite\",\"@id\":\"https:\\\/\\\/chic-claws.com\\\/#website\",\"url\":\"https:\\\/\\\/chic-claws.com\\\/\",\"name\":\"Chic Claws\",\"description\":\"Chic Claws\",\"publisher\":{\"@id\":\"https:\\\/\\\/chic-claws.com\\\/#organization\"},\"potentialAction\":[{\"@type\":\"SearchAction\",\"target\":{\"@type\":\"EntryPoint\",\"urlTemplate\":\"https:\\\/\\\/chic-claws.com\\\/?s={search_term_string}\"},\"query-input\":{\"@type\":\"PropertyValueSpecification\",\"valueRequired\":true,\"valueName\":\"search_term_string\"}}],\"inLanguage\":\"en-US\"},{\"@type\":\"Organization\",\"@id\":\"https:\\\/\\\/chic-claws.com\\\/#organization\",\"name\":\"Chic Claws\",\"url\":\"https:\\\/\\\/chic-claws.com\\\/\",\"logo\":{\"@type\":\"ImageObject\",\"inLanguage\":\"en-US\",\"@id\":\"https:\\\/\\\/chic-claws.com\\\/#\\\/schema\\\/logo\\\/image\\\/\",\"url\":\"https:\\\/\\\/chic-claws.com\\\/wp-content\\\/uploads\\\/2020\\\/02\\\/cropped-noBgColor-2-small.png\",\"contentUrl\":\"https:\\\/\\\/chic-claws.com\\\/wp-content\\\/uploads\\\/2020\\\/02\\\/cropped-noBgColor-2-small.png\",\"width\":142,\"height\":144,\"caption\":\"Chic Claws\"},\"image\":{\"@id\":\"https:\\\/\\\/chic-claws.com\\\/#\\\/schema\\\/logo\\\/image\\\/\"}}]}<\/script>\n<!-- \/ Yoast SEO plugin. -->","yoast_head_json":{"title":"Red Glam Sparkle | Handgefertigte Press-on Nails \u2013 Chic Claws","description":"Entdecke Red Glam Sparkle \u2013 wiederverwendbare, handgefertigte Press-on Nails mit UV-freiem Kleber. Besser als Kiss & Doonails. Jetzt bei Chic Claws kaufen!","robots":{"index":"index","follow":"follow","max-snippet":"max-snippet:-1","max-image-preview":"max-image-preview:large","max-video-preview":"max-video-preview:-1"},"canonical":"https:\/\/chic-claws.com\/en\/urun\/monarchie\/","og_locale":"en_US","og_type":"article","og_title":"Red Glam Sparkle | Handgefertigte Press-on Nails \u2013 Chic Claws","og_description":"Entdecke Red Glam Sparkle \u2013 wiederverwendbare, handgefertigte Press-on Nails mit UV-freiem Kleber. Besser als Kiss & Doonails. Jetzt bei Chic Claws kaufen!","og_url":"https:\/\/chic-claws.com\/en\/urun\/monarchie\/","og_site_name":"Chic Claws","article_modified_time":"2025-09-16T20:52:21+00:00","og_image":[{"width":1200,"height":1353,"url":"https:\/\/chic-claws.com\/wp-content\/uploads\/2025\/08\/monarchie.jpg","type":"image\/jpeg"}],"twitter_card":"summary_large_image","schema":{"@context":"https:\/\/schema.org","@graph":[{"@type":"WebPage","@id":"https:\/\/chic-claws.com\/urun\/monarchie\/","url":"https:\/\/chic-claws.com\/urun\/monarchie\/","name":"Red Glam Sparkle | Handgefertigte Press-on Nails \u2013 Chic Claws","isPartOf":{"@id":"https:\/\/chic-claws.com\/#website"},"primaryImageOfPage":{"@id":"https:\/\/chic-claws.com\/urun\/monarchie\/#primaryimage"},"image":{"@id":"https:\/\/chic-claws.com\/urun\/monarchie\/#primaryimage"},"thumbnailUrl":"https:\/\/chic-claws.com\/wp-content\/uploads\/2025\/08\/monarchie.jpg","datePublished":"2025-08-05T08:37:58+00:00","dateModified":"2025-09-16T20:52:21+00:00","description":"Entdecke Red Glam Sparkle \u2013 wiederverwendbare, handgefertigte Press-on Nails mit UV-freiem Kleber. Besser als Kiss & Doonails. Jetzt bei Chic Claws kaufen!","breadcrumb":{"@id":"https:\/\/chic-claws.com\/urun\/monarchie\/#breadcrumb"},"inLanguage":"en-US","potentialAction":[{"@type":"ReadAction","target":["https:\/\/chic-claws.com\/urun\/monarchie\/"]}]},{"@type":"ImageObject","inLanguage":"en-US","@id":"https:\/\/chic-claws.com\/urun\/monarchie\/#primaryimage","url":"https:\/\/chic-claws.com\/wp-content\/uploads\/2025\/08\/monarchie.jpg","contentUrl":"https:\/\/chic-claws.com\/wp-content\/uploads\/2025\/08\/monarchie.jpg","width":1200,"height":1353},{"@type":"BreadcrumbList","@id":"https:\/\/chic-claws.com\/urun\/monarchie\/#breadcrumb","itemListElement":[{"@type":"ListItem","position":1,"name":"Anasayfa","item":"https:\/\/chic-claws.com\/"},{"@type":"ListItem","position":2,"name":"Shop","item":"https:\/\/chic-claws.com\/en\/shop\/"},{"@type":"ListItem","position":3,"name":"Red Glam Sparkle"}]},{"@type":"WebSite","@id":"https:\/\/chic-claws.com\/#website","url":"https:\/\/chic-claws.com\/","name":"Chic Claws","description":"Chic Claws","publisher":{"@id":"https:\/\/chic-claws.com\/#organization"},"potentialAction":[{"@type":"SearchAction","target":{"@type":"EntryPoint","urlTemplate":"https:\/\/chic-claws.com\/?s={search_term_string}"},"query-input":{"@type":"PropertyValueSpecification","valueRequired":true,"valueName":"search_term_string"}}],"inLanguage":"en-US"},{"@type":"Organization","@id":"https:\/\/chic-claws.com\/#organization","name":"Chic Claws","url":"https:\/\/chic-claws.com\/","logo":{"@type":"ImageObject","inLanguage":"en-US","@id":"https:\/\/chic-claws.com\/#\/schema\/logo\/image\/","url":"https:\/\/chic-claws.com\/wp-content\/uploads\/2020\/02\/cropped-noBgColor-2-small.png","contentUrl":"https:\/\/chic-claws.com\/wp-content\/uploads\/2020\/02\/cropped-noBgColor-2-small.png","width":142,"height":144,"caption":"Chic Claws"},"image":{"@id":"https:\/\/chic-claws.com\/#\/schema\/logo\/image\/"}}]}},"_links":{"self":[{"href":"https:\/\/chic-claws.com\/en\/wp-json\/wp\/v2\/product\/3576","targetHints":{"allow":["GET"]}}],"collection":[{"href":"https:\/\/chic-claws.com\/en\/wp-json\/wp\/v2\/product"}],"about":[{"href":"https:\/\/chic-claws.com\/en\/wp-json\/wp\/v2\/types\/product"}],"replies":[{"embeddable":true,"href":"https:\/\/chic-claws.com\/en\/wp-json\/wp\/v2\/comments?post=3576"}],"version-history":[{"count":3,"href":"https:\/\/chic-claws.com\/en\/wp-json\/wp\/v2\/product\/3576\/revisions"}],"predecessor-version":[{"id":6434,"href":"https:\/\/chic-claws.com\/en\/wp-json\/wp\/v2\/product\/3576\/revisions\/6434"}],"wp:featuredmedia":[{"embeddable":true,"href":"https:\/\/chic-claws.com\/en\/wp-json\/wp\/v2\/media\/3577"}],"wp:attachment":[{"href":"https:\/\/chic-claws.com\/en\/wp-json\/wp\/v2\/media?parent=3576"}],"wp:term":[{"taxonomy":"product_brand","embeddable":true,"href":"https:\/\/chic-claws.com\/en\/wp-json\/wp\/v2\/product_brand?post=3576"},{"taxonomy":"product_cat","embeddable":true,"href":"https:\/\/chic-claws.com\/en\/wp-json\/wp\/v2\/product_cat?post=3576"},{"taxonomy":"product_tag","embeddable":true,"href":"https:\/\/chic-claws.com\/en\/wp-json\/wp\/v2\/product_tag?post=3576"}],"curies":[{"name":"wp","href":"https:\/\/api.w.org\/{rel}","templated":true}]}}