{"id":3724,"date":"2025-08-06T12:04:05","date_gmt":"2025-08-06T12:04:05","guid":{"rendered":"https:\/\/chic-claws.com\/?post_type=product&#038;p=3724"},"modified":"2025-09-16T19:46:04","modified_gmt":"2025-09-16T19:46:04","slug":"karo-dame","status":"publish","type":"product","link":"https:\/\/chic-claws.com\/en\/urun\/karo-dame\/","title":{"rendered":"Golden Glamour"},"content":{"rendered":"<p>Golden Glamour \u2013 Handgefertigtes Nageldesign in Gold-Braun<\/p>\n<p>Verleihe deinem Look einen Hauch von Luxus mit dem Golden Glamour Nageldesign! Diese handgefertigten Press-on Nails kombinieren edle Gold- und Braunt\u00f6ne mit einem modernen Rautenmuster, das deine N\u00e4gel zu einem echten Blickfang macht.<br \/>\nDie wiederverwendbaren Kunstn\u00e4gel sind perfekt f\u00fcr Partys, Abendveranstaltungen oder einfach, um deinem Alltagsoutfit eine besondere Note zu verleihen. Sie lassen sich m\u00fchelos anbringen und sorgen im Handumdrehen f\u00fcr eine professionelle Manik\u00fcre.<br \/>\nProduct Highlights \/ Key Features<br \/>\nHandgefertigtes Design in Gold-Braun<br \/>\nModernes Rautenmuster f\u00fcr trendige Looks<br \/>\nWiederverwendbare Press-on Nails<br \/>\nEinfache Anwendung f\u00fcr Zuhause<\/p>","protected":false},"excerpt":{"rendered":"<p>Golden Glamour \u2013 Handgefertigtes Nageldesign in Gold-Braun Verleihe deinem Look einen Hauch von Luxus mit dem Golden Glamour Nageldesign! Diese handgefertigten Press-on Nails kombinieren edle Gold- und Braunt\u00f6ne mit einem modernen Rautenmuster, das deine N\u00e4gel zu einem echten Blickfang macht. Die wiederverwendbaren Kunstn\u00e4gel sind perfekt f\u00fcr Partys, Abendveranstaltungen oder einfach, um deinem Alltagsoutfit eine besondere [&hellip;]<\/p>\n","protected":false},"featured_media":3725,"comment_status":"open","ping_status":"closed","template":"","meta":[],"product_brand":[],"product_cat":[83],"product_tag":[84],"class_list":{"0":"post-3724","1":"product","2":"type-product","3":"status-publish","4":"has-post-thumbnail","6":"product_cat-handgefertigte-nagel","7":"product_tag-handgefertigte-nagel","8":"product_shipping_class-class-2","9":"pa_groesse-l","10":"pa_groesse-m","11":"pa_groesse-s","12":"pa_nagelform-weicheckig","14":"first","15":"instock","16":"taxable","17":"shipping-taxable","18":"purchasable","19":"product-type-variable"},"yoast_head":"<!-- This site is optimized with the Yoast SEO plugin v27.4 - https:\/\/yoast.com\/product\/yoast-seo-wordpress\/ -->\n<title>Golden Glamour | Handgefertigte Press-on Nails \u2013 Chic Claws<\/title>\n<meta name=\"description\" content=\"Entdecke Golden Glamour \u2013 wiederverwendbare, handgefertigte Press-on Nails mit UV-freiem Kleber. Besser als Kiss &amp; Doonails. Jetzt bei Chic Claws kaufen!\" \/>\n<meta name=\"robots\" content=\"index, follow, max-snippet:-1, max-image-preview:large, max-video-preview:-1\" \/>\n<link rel=\"canonical\" href=\"https:\/\/chic-claws.com\/en\/urun\/karo-dame\/\" \/>\n<meta property=\"og:locale\" content=\"en_US\" \/>\n<meta property=\"og:type\" content=\"article\" \/>\n<meta property=\"og:title\" content=\"Golden Glamour | Handgefertigte Press-on Nails \u2013 Chic Claws\" \/>\n<meta property=\"og:description\" content=\"Entdecke Golden Glamour \u2013 wiederverwendbare, handgefertigte Press-on Nails mit UV-freiem Kleber. Besser als Kiss &amp; Doonails. Jetzt bei Chic Claws kaufen!\" \/>\n<meta property=\"og:url\" content=\"https:\/\/chic-claws.com\/en\/urun\/karo-dame\/\" \/>\n<meta property=\"og:site_name\" content=\"Chic Claws\" \/>\n<meta property=\"article:modified_time\" content=\"2025-09-16T19:46:04+00:00\" \/>\n<meta property=\"og:image\" content=\"https:\/\/chic-claws.com\/wp-content\/uploads\/2025\/08\/karo-dame.jpg\" \/>\n\t<meta property=\"og:image:width\" content=\"1200\" \/>\n\t<meta property=\"og:image:height\" content=\"1353\" \/>\n\t<meta property=\"og:image:type\" content=\"image\/jpeg\" \/>\n<meta name=\"twitter:card\" content=\"summary_large_image\" \/>\n<meta name=\"twitter:label1\" content=\"Est. reading time\" \/>\n\t<meta name=\"twitter:data1\" content=\"1 minute\" \/>\n<script type=\"application\/ld+json\" class=\"yoast-schema-graph\">{\"@context\":\"https:\\\/\\\/schema.org\",\"@graph\":[{\"@type\":\"WebPage\",\"@id\":\"https:\\\/\\\/chic-claws.com\\\/urun\\\/karo-dame\\\/\",\"url\":\"https:\\\/\\\/chic-claws.com\\\/urun\\\/karo-dame\\\/\",\"name\":\"Golden Glamour | Handgefertigte Press-on Nails \u2013 Chic Claws\",\"isPartOf\":{\"@id\":\"https:\\\/\\\/chic-claws.com\\\/#website\"},\"primaryImageOfPage\":{\"@id\":\"https:\\\/\\\/chic-claws.com\\\/urun\\\/karo-dame\\\/#primaryimage\"},\"image\":{\"@id\":\"https:\\\/\\\/chic-claws.com\\\/urun\\\/karo-dame\\\/#primaryimage\"},\"thumbnailUrl\":\"https:\\\/\\\/chic-claws.com\\\/wp-content\\\/uploads\\\/2025\\\/08\\\/karo-dame.jpg\",\"datePublished\":\"2025-08-06T12:04:05+00:00\",\"dateModified\":\"2025-09-16T19:46:04+00:00\",\"description\":\"Entdecke Golden Glamour \u2013 wiederverwendbare, handgefertigte Press-on Nails mit UV-freiem Kleber. Besser als Kiss & Doonails. Jetzt bei Chic Claws kaufen!\",\"breadcrumb\":{\"@id\":\"https:\\\/\\\/chic-claws.com\\\/urun\\\/karo-dame\\\/#breadcrumb\"},\"inLanguage\":\"en-US\",\"potentialAction\":[{\"@type\":\"ReadAction\",\"target\":[\"https:\\\/\\\/chic-claws.com\\\/urun\\\/karo-dame\\\/\"]}]},{\"@type\":\"ImageObject\",\"inLanguage\":\"en-US\",\"@id\":\"https:\\\/\\\/chic-claws.com\\\/urun\\\/karo-dame\\\/#primaryimage\",\"url\":\"https:\\\/\\\/chic-claws.com\\\/wp-content\\\/uploads\\\/2025\\\/08\\\/karo-dame.jpg\",\"contentUrl\":\"https:\\\/\\\/chic-claws.com\\\/wp-content\\\/uploads\\\/2025\\\/08\\\/karo-dame.jpg\",\"width\":1200,\"height\":1353},{\"@type\":\"BreadcrumbList\",\"@id\":\"https:\\\/\\\/chic-claws.com\\\/urun\\\/karo-dame\\\/#breadcrumb\",\"itemListElement\":[{\"@type\":\"ListItem\",\"position\":1,\"name\":\"Anasayfa\",\"item\":\"https:\\\/\\\/chic-claws.com\\\/\"},{\"@type\":\"ListItem\",\"position\":2,\"name\":\"Shop\",\"item\":\"https:\\\/\\\/chic-claws.com\\\/en\\\/shop\\\/\"},{\"@type\":\"ListItem\",\"position\":3,\"name\":\"Golden Glamour\"}]},{\"@type\":\"WebSite\",\"@id\":\"https:\\\/\\\/chic-claws.com\\\/#website\",\"url\":\"https:\\\/\\\/chic-claws.com\\\/\",\"name\":\"Chic Claws\",\"description\":\"Chic Claws\",\"publisher\":{\"@id\":\"https:\\\/\\\/chic-claws.com\\\/#organization\"},\"potentialAction\":[{\"@type\":\"SearchAction\",\"target\":{\"@type\":\"EntryPoint\",\"urlTemplate\":\"https:\\\/\\\/chic-claws.com\\\/?s={search_term_string}\"},\"query-input\":{\"@type\":\"PropertyValueSpecification\",\"valueRequired\":true,\"valueName\":\"search_term_string\"}}],\"inLanguage\":\"en-US\"},{\"@type\":\"Organization\",\"@id\":\"https:\\\/\\\/chic-claws.com\\\/#organization\",\"name\":\"Chic Claws\",\"url\":\"https:\\\/\\\/chic-claws.com\\\/\",\"logo\":{\"@type\":\"ImageObject\",\"inLanguage\":\"en-US\",\"@id\":\"https:\\\/\\\/chic-claws.com\\\/#\\\/schema\\\/logo\\\/image\\\/\",\"url\":\"https:\\\/\\\/chic-claws.com\\\/wp-content\\\/uploads\\\/2020\\\/02\\\/cropped-noBgColor-2-small.png\",\"contentUrl\":\"https:\\\/\\\/chic-claws.com\\\/wp-content\\\/uploads\\\/2020\\\/02\\\/cropped-noBgColor-2-small.png\",\"width\":142,\"height\":144,\"caption\":\"Chic Claws\"},\"image\":{\"@id\":\"https:\\\/\\\/chic-claws.com\\\/#\\\/schema\\\/logo\\\/image\\\/\"}}]}<\/script>\n<!-- \/ Yoast SEO plugin. -->","yoast_head_json":{"title":"Golden Glamour | Handgefertigte Press-on Nails \u2013 Chic Claws","description":"Entdecke Golden Glamour \u2013 wiederverwendbare, handgefertigte Press-on Nails mit UV-freiem Kleber. Besser als Kiss & Doonails. Jetzt bei Chic Claws kaufen!","robots":{"index":"index","follow":"follow","max-snippet":"max-snippet:-1","max-image-preview":"max-image-preview:large","max-video-preview":"max-video-preview:-1"},"canonical":"https:\/\/chic-claws.com\/en\/urun\/karo-dame\/","og_locale":"en_US","og_type":"article","og_title":"Golden Glamour | Handgefertigte Press-on Nails \u2013 Chic Claws","og_description":"Entdecke Golden Glamour \u2013 wiederverwendbare, handgefertigte Press-on Nails mit UV-freiem Kleber. Besser als Kiss & Doonails. Jetzt bei Chic Claws kaufen!","og_url":"https:\/\/chic-claws.com\/en\/urun\/karo-dame\/","og_site_name":"Chic Claws","article_modified_time":"2025-09-16T19:46:04+00:00","og_image":[{"width":1200,"height":1353,"url":"https:\/\/chic-claws.com\/wp-content\/uploads\/2025\/08\/karo-dame.jpg","type":"image\/jpeg"}],"twitter_card":"summary_large_image","twitter_misc":{"Est. reading time":"1 minute"},"schema":{"@context":"https:\/\/schema.org","@graph":[{"@type":"WebPage","@id":"https:\/\/chic-claws.com\/urun\/karo-dame\/","url":"https:\/\/chic-claws.com\/urun\/karo-dame\/","name":"Golden Glamour | Handgefertigte Press-on Nails \u2013 Chic Claws","isPartOf":{"@id":"https:\/\/chic-claws.com\/#website"},"primaryImageOfPage":{"@id":"https:\/\/chic-claws.com\/urun\/karo-dame\/#primaryimage"},"image":{"@id":"https:\/\/chic-claws.com\/urun\/karo-dame\/#primaryimage"},"thumbnailUrl":"https:\/\/chic-claws.com\/wp-content\/uploads\/2025\/08\/karo-dame.jpg","datePublished":"2025-08-06T12:04:05+00:00","dateModified":"2025-09-16T19:46:04+00:00","description":"Entdecke Golden Glamour \u2013 wiederverwendbare, handgefertigte Press-on Nails mit UV-freiem Kleber. Besser als Kiss & Doonails. Jetzt bei Chic Claws kaufen!","breadcrumb":{"@id":"https:\/\/chic-claws.com\/urun\/karo-dame\/#breadcrumb"},"inLanguage":"en-US","potentialAction":[{"@type":"ReadAction","target":["https:\/\/chic-claws.com\/urun\/karo-dame\/"]}]},{"@type":"ImageObject","inLanguage":"en-US","@id":"https:\/\/chic-claws.com\/urun\/karo-dame\/#primaryimage","url":"https:\/\/chic-claws.com\/wp-content\/uploads\/2025\/08\/karo-dame.jpg","contentUrl":"https:\/\/chic-claws.com\/wp-content\/uploads\/2025\/08\/karo-dame.jpg","width":1200,"height":1353},{"@type":"BreadcrumbList","@id":"https:\/\/chic-claws.com\/urun\/karo-dame\/#breadcrumb","itemListElement":[{"@type":"ListItem","position":1,"name":"Anasayfa","item":"https:\/\/chic-claws.com\/"},{"@type":"ListItem","position":2,"name":"Shop","item":"https:\/\/chic-claws.com\/en\/shop\/"},{"@type":"ListItem","position":3,"name":"Golden Glamour"}]},{"@type":"WebSite","@id":"https:\/\/chic-claws.com\/#website","url":"https:\/\/chic-claws.com\/","name":"Chic Claws","description":"Chic Claws","publisher":{"@id":"https:\/\/chic-claws.com\/#organization"},"potentialAction":[{"@type":"SearchAction","target":{"@type":"EntryPoint","urlTemplate":"https:\/\/chic-claws.com\/?s={search_term_string}"},"query-input":{"@type":"PropertyValueSpecification","valueRequired":true,"valueName":"search_term_string"}}],"inLanguage":"en-US"},{"@type":"Organization","@id":"https:\/\/chic-claws.com\/#organization","name":"Chic Claws","url":"https:\/\/chic-claws.com\/","logo":{"@type":"ImageObject","inLanguage":"en-US","@id":"https:\/\/chic-claws.com\/#\/schema\/logo\/image\/","url":"https:\/\/chic-claws.com\/wp-content\/uploads\/2020\/02\/cropped-noBgColor-2-small.png","contentUrl":"https:\/\/chic-claws.com\/wp-content\/uploads\/2020\/02\/cropped-noBgColor-2-small.png","width":142,"height":144,"caption":"Chic Claws"},"image":{"@id":"https:\/\/chic-claws.com\/#\/schema\/logo\/image\/"}}]}},"_links":{"self":[{"href":"https:\/\/chic-claws.com\/en\/wp-json\/wp\/v2\/product\/3724","targetHints":{"allow":["GET"]}}],"collection":[{"href":"https:\/\/chic-claws.com\/en\/wp-json\/wp\/v2\/product"}],"about":[{"href":"https:\/\/chic-claws.com\/en\/wp-json\/wp\/v2\/types\/product"}],"replies":[{"embeddable":true,"href":"https:\/\/chic-claws.com\/en\/wp-json\/wp\/v2\/comments?post=3724"}],"version-history":[{"count":3,"href":"https:\/\/chic-claws.com\/en\/wp-json\/wp\/v2\/product\/3724\/revisions"}],"predecessor-version":[{"id":6141,"href":"https:\/\/chic-claws.com\/en\/wp-json\/wp\/v2\/product\/3724\/revisions\/6141"}],"wp:featuredmedia":[{"embeddable":true,"href":"https:\/\/chic-claws.com\/en\/wp-json\/wp\/v2\/media\/3725"}],"wp:attachment":[{"href":"https:\/\/chic-claws.com\/en\/wp-json\/wp\/v2\/media?parent=3724"}],"wp:term":[{"taxonomy":"product_brand","embeddable":true,"href":"https:\/\/chic-claws.com\/en\/wp-json\/wp\/v2\/product_brand?post=3724"},{"taxonomy":"product_cat","embeddable":true,"href":"https:\/\/chic-claws.com\/en\/wp-json\/wp\/v2\/product_cat?post=3724"},{"taxonomy":"product_tag","embeddable":true,"href":"https:\/\/chic-claws.com\/en\/wp-json\/wp\/v2\/product_tag?post=3724"}],"curies":[{"name":"wp","href":"https:\/\/api.w.org\/{rel}","templated":true}]}}