{"id":3838,"date":"2025-08-07T09:49:20","date_gmt":"2025-08-07T09:49:20","guid":{"rendered":"https:\/\/chic-claws.com\/?post_type=product&#038;p=3838"},"modified":"2025-09-20T19:08:44","modified_gmt":"2025-09-20T19:08:44","slug":"sternhyazinthe","status":"publish","type":"product","link":"https:\/\/chic-claws.com\/en\/urun\/sternhyazinthe\/","title":{"rendered":"Starry Night"},"content":{"rendered":"<p>Ein Hauch von Luxus in K\u00f6nigsblau<br \/>\nUnsere Royal Blue Glam Nails kombinieren tiefes Blau mit funkelnden Highlights und zarten Silberdetails. Perfekt f\u00fcr glamour\u00f6se Abende, festliche Anl\u00e4sse oder wenn du deinem Look einen Hauch von Extravaganz verleihen willst.<br \/>\n\u2728 Highlights:<br \/>\nIntensives Blau mit Glitzer-Details<br \/>\nElegantes Design f\u00fcr besondere Momente<br \/>\nSchnelle &amp; einfache Anwendung<br \/>\nHochwertige Qualit\u00e4t f\u00fcr lange Haltbarkeit<\/p>","protected":false},"excerpt":{"rendered":"<p>Ein Hauch von Luxus in K\u00f6nigsblau Unsere Royal Blue Glam Nails kombinieren tiefes Blau mit funkelnden Highlights und zarten Silberdetails. Perfekt f\u00fcr glamour\u00f6se Abende, festliche Anl\u00e4sse oder wenn du deinem Look einen Hauch von Extravaganz verleihen willst. \u2728 Highlights: Intensives Blau mit Glitzer-Details Elegantes Design f\u00fcr besondere Momente Schnelle &amp; einfache Anwendung Hochwertige Qualit\u00e4t f\u00fcr [&hellip;]<\/p>\n","protected":false},"featured_media":3839,"comment_status":"open","ping_status":"closed","template":"","meta":[],"product_brand":[],"product_cat":[83],"product_tag":[84],"class_list":{"0":"post-3838","1":"product","2":"type-product","3":"status-publish","4":"has-post-thumbnail","6":"product_cat-handgefertigte-nagel","7":"product_tag-handgefertigte-nagel","8":"product_shipping_class-class-2","9":"pa_farben-blaue","10":"pa_farben-silber","11":"pa_farben-weiss","12":"pa_groesse-l","13":"pa_groesse-m","14":"pa_groesse-s","15":"pa_merkmalen-3d","16":"pa_merkmalen-diamant","17":"pa_merkmalen-metallic","18":"pa_merkmalen-sterne","19":"pa_nagelform-oval","21":"first","22":"instock","23":"taxable","24":"shipping-taxable","25":"purchasable","26":"product-type-variable"},"yoast_head":"<!-- This site is optimized with the Yoast SEO plugin v27.4 - https:\/\/yoast.com\/product\/yoast-seo-wordpress\/ -->\n<title>Starry Night | Handgefertigte Press-on Nails \u2013 Chic Claws<\/title>\n<meta name=\"description\" content=\"Entdecke Starry Night \u2013 wiederverwendbare, handgefertigte Press-on Nails mit UV-freiem Kleber. Besser als Kiss &amp; Doonails. Jetzt bei Chic Claws kaufen!\" \/>\n<meta name=\"robots\" content=\"index, follow, max-snippet:-1, max-image-preview:large, max-video-preview:-1\" \/>\n<link rel=\"canonical\" href=\"https:\/\/chic-claws.com\/en\/urun\/sternhyazinthe\/\" \/>\n<meta property=\"og:locale\" content=\"en_US\" \/>\n<meta property=\"og:type\" content=\"article\" \/>\n<meta property=\"og:title\" content=\"Starry Night | Handgefertigte Press-on Nails \u2013 Chic Claws\" \/>\n<meta property=\"og:description\" content=\"Entdecke Starry Night \u2013 wiederverwendbare, handgefertigte Press-on Nails mit UV-freiem Kleber. Besser als Kiss &amp; Doonails. Jetzt bei Chic Claws kaufen!\" \/>\n<meta property=\"og:url\" content=\"https:\/\/chic-claws.com\/en\/urun\/sternhyazinthe\/\" \/>\n<meta property=\"og:site_name\" content=\"Chic Claws\" \/>\n<meta property=\"article:modified_time\" content=\"2025-09-20T19:08:44+00:00\" \/>\n<meta property=\"og:image\" content=\"https:\/\/chic-claws.com\/wp-content\/uploads\/2025\/08\/sternhyazinthe.jpg\" \/>\n\t<meta property=\"og:image:width\" content=\"1200\" \/>\n\t<meta property=\"og:image:height\" content=\"1353\" \/>\n\t<meta property=\"og:image:type\" content=\"image\/jpeg\" \/>\n<meta name=\"twitter:card\" content=\"summary_large_image\" \/>\n<script type=\"application\/ld+json\" class=\"yoast-schema-graph\">{\"@context\":\"https:\\\/\\\/schema.org\",\"@graph\":[{\"@type\":\"WebPage\",\"@id\":\"https:\\\/\\\/chic-claws.com\\\/urun\\\/sternhyazinthe\\\/\",\"url\":\"https:\\\/\\\/chic-claws.com\\\/urun\\\/sternhyazinthe\\\/\",\"name\":\"Starry Night | Handgefertigte Press-on Nails \u2013 Chic Claws\",\"isPartOf\":{\"@id\":\"https:\\\/\\\/chic-claws.com\\\/#website\"},\"primaryImageOfPage\":{\"@id\":\"https:\\\/\\\/chic-claws.com\\\/urun\\\/sternhyazinthe\\\/#primaryimage\"},\"image\":{\"@id\":\"https:\\\/\\\/chic-claws.com\\\/urun\\\/sternhyazinthe\\\/#primaryimage\"},\"thumbnailUrl\":\"https:\\\/\\\/chic-claws.com\\\/wp-content\\\/uploads\\\/2025\\\/08\\\/sternhyazinthe.jpg\",\"datePublished\":\"2025-08-07T09:49:20+00:00\",\"dateModified\":\"2025-09-20T19:08:44+00:00\",\"description\":\"Entdecke Starry Night \u2013 wiederverwendbare, handgefertigte Press-on Nails mit UV-freiem Kleber. Besser als Kiss & Doonails. Jetzt bei Chic Claws kaufen!\",\"breadcrumb\":{\"@id\":\"https:\\\/\\\/chic-claws.com\\\/urun\\\/sternhyazinthe\\\/#breadcrumb\"},\"inLanguage\":\"en-US\",\"potentialAction\":[{\"@type\":\"ReadAction\",\"target\":[\"https:\\\/\\\/chic-claws.com\\\/urun\\\/sternhyazinthe\\\/\"]}]},{\"@type\":\"ImageObject\",\"inLanguage\":\"en-US\",\"@id\":\"https:\\\/\\\/chic-claws.com\\\/urun\\\/sternhyazinthe\\\/#primaryimage\",\"url\":\"https:\\\/\\\/chic-claws.com\\\/wp-content\\\/uploads\\\/2025\\\/08\\\/sternhyazinthe.jpg\",\"contentUrl\":\"https:\\\/\\\/chic-claws.com\\\/wp-content\\\/uploads\\\/2025\\\/08\\\/sternhyazinthe.jpg\",\"width\":1200,\"height\":1353},{\"@type\":\"BreadcrumbList\",\"@id\":\"https:\\\/\\\/chic-claws.com\\\/urun\\\/sternhyazinthe\\\/#breadcrumb\",\"itemListElement\":[{\"@type\":\"ListItem\",\"position\":1,\"name\":\"Anasayfa\",\"item\":\"https:\\\/\\\/chic-claws.com\\\/\"},{\"@type\":\"ListItem\",\"position\":2,\"name\":\"Shop\",\"item\":\"https:\\\/\\\/chic-claws.com\\\/en\\\/shop\\\/\"},{\"@type\":\"ListItem\",\"position\":3,\"name\":\"Starry Night\"}]},{\"@type\":\"WebSite\",\"@id\":\"https:\\\/\\\/chic-claws.com\\\/#website\",\"url\":\"https:\\\/\\\/chic-claws.com\\\/\",\"name\":\"Chic Claws\",\"description\":\"Chic Claws\",\"publisher\":{\"@id\":\"https:\\\/\\\/chic-claws.com\\\/#organization\"},\"potentialAction\":[{\"@type\":\"SearchAction\",\"target\":{\"@type\":\"EntryPoint\",\"urlTemplate\":\"https:\\\/\\\/chic-claws.com\\\/?s={search_term_string}\"},\"query-input\":{\"@type\":\"PropertyValueSpecification\",\"valueRequired\":true,\"valueName\":\"search_term_string\"}}],\"inLanguage\":\"en-US\"},{\"@type\":\"Organization\",\"@id\":\"https:\\\/\\\/chic-claws.com\\\/#organization\",\"name\":\"Chic Claws\",\"url\":\"https:\\\/\\\/chic-claws.com\\\/\",\"logo\":{\"@type\":\"ImageObject\",\"inLanguage\":\"en-US\",\"@id\":\"https:\\\/\\\/chic-claws.com\\\/#\\\/schema\\\/logo\\\/image\\\/\",\"url\":\"https:\\\/\\\/chic-claws.com\\\/wp-content\\\/uploads\\\/2020\\\/02\\\/cropped-noBgColor-2-small.png\",\"contentUrl\":\"https:\\\/\\\/chic-claws.com\\\/wp-content\\\/uploads\\\/2020\\\/02\\\/cropped-noBgColor-2-small.png\",\"width\":142,\"height\":144,\"caption\":\"Chic Claws\"},\"image\":{\"@id\":\"https:\\\/\\\/chic-claws.com\\\/#\\\/schema\\\/logo\\\/image\\\/\"}}]}<\/script>\n<!-- \/ Yoast SEO plugin. -->","yoast_head_json":{"title":"Starry Night | Handgefertigte Press-on Nails \u2013 Chic Claws","description":"Entdecke Starry Night \u2013 wiederverwendbare, handgefertigte Press-on Nails mit UV-freiem Kleber. Besser als Kiss & Doonails. Jetzt bei Chic Claws kaufen!","robots":{"index":"index","follow":"follow","max-snippet":"max-snippet:-1","max-image-preview":"max-image-preview:large","max-video-preview":"max-video-preview:-1"},"canonical":"https:\/\/chic-claws.com\/en\/urun\/sternhyazinthe\/","og_locale":"en_US","og_type":"article","og_title":"Starry Night | Handgefertigte Press-on Nails \u2013 Chic Claws","og_description":"Entdecke Starry Night \u2013 wiederverwendbare, handgefertigte Press-on Nails mit UV-freiem Kleber. Besser als Kiss & Doonails. Jetzt bei Chic Claws kaufen!","og_url":"https:\/\/chic-claws.com\/en\/urun\/sternhyazinthe\/","og_site_name":"Chic Claws","article_modified_time":"2025-09-20T19:08:44+00:00","og_image":[{"width":1200,"height":1353,"url":"https:\/\/chic-claws.com\/wp-content\/uploads\/2025\/08\/sternhyazinthe.jpg","type":"image\/jpeg"}],"twitter_card":"summary_large_image","schema":{"@context":"https:\/\/schema.org","@graph":[{"@type":"WebPage","@id":"https:\/\/chic-claws.com\/urun\/sternhyazinthe\/","url":"https:\/\/chic-claws.com\/urun\/sternhyazinthe\/","name":"Starry Night | Handgefertigte Press-on Nails \u2013 Chic Claws","isPartOf":{"@id":"https:\/\/chic-claws.com\/#website"},"primaryImageOfPage":{"@id":"https:\/\/chic-claws.com\/urun\/sternhyazinthe\/#primaryimage"},"image":{"@id":"https:\/\/chic-claws.com\/urun\/sternhyazinthe\/#primaryimage"},"thumbnailUrl":"https:\/\/chic-claws.com\/wp-content\/uploads\/2025\/08\/sternhyazinthe.jpg","datePublished":"2025-08-07T09:49:20+00:00","dateModified":"2025-09-20T19:08:44+00:00","description":"Entdecke Starry Night \u2013 wiederverwendbare, handgefertigte Press-on Nails mit UV-freiem Kleber. Besser als Kiss & Doonails. Jetzt bei Chic Claws kaufen!","breadcrumb":{"@id":"https:\/\/chic-claws.com\/urun\/sternhyazinthe\/#breadcrumb"},"inLanguage":"en-US","potentialAction":[{"@type":"ReadAction","target":["https:\/\/chic-claws.com\/urun\/sternhyazinthe\/"]}]},{"@type":"ImageObject","inLanguage":"en-US","@id":"https:\/\/chic-claws.com\/urun\/sternhyazinthe\/#primaryimage","url":"https:\/\/chic-claws.com\/wp-content\/uploads\/2025\/08\/sternhyazinthe.jpg","contentUrl":"https:\/\/chic-claws.com\/wp-content\/uploads\/2025\/08\/sternhyazinthe.jpg","width":1200,"height":1353},{"@type":"BreadcrumbList","@id":"https:\/\/chic-claws.com\/urun\/sternhyazinthe\/#breadcrumb","itemListElement":[{"@type":"ListItem","position":1,"name":"Anasayfa","item":"https:\/\/chic-claws.com\/"},{"@type":"ListItem","position":2,"name":"Shop","item":"https:\/\/chic-claws.com\/en\/shop\/"},{"@type":"ListItem","position":3,"name":"Starry Night"}]},{"@type":"WebSite","@id":"https:\/\/chic-claws.com\/#website","url":"https:\/\/chic-claws.com\/","name":"Chic Claws","description":"Chic Claws","publisher":{"@id":"https:\/\/chic-claws.com\/#organization"},"potentialAction":[{"@type":"SearchAction","target":{"@type":"EntryPoint","urlTemplate":"https:\/\/chic-claws.com\/?s={search_term_string}"},"query-input":{"@type":"PropertyValueSpecification","valueRequired":true,"valueName":"search_term_string"}}],"inLanguage":"en-US"},{"@type":"Organization","@id":"https:\/\/chic-claws.com\/#organization","name":"Chic Claws","url":"https:\/\/chic-claws.com\/","logo":{"@type":"ImageObject","inLanguage":"en-US","@id":"https:\/\/chic-claws.com\/#\/schema\/logo\/image\/","url":"https:\/\/chic-claws.com\/wp-content\/uploads\/2020\/02\/cropped-noBgColor-2-small.png","contentUrl":"https:\/\/chic-claws.com\/wp-content\/uploads\/2020\/02\/cropped-noBgColor-2-small.png","width":142,"height":144,"caption":"Chic Claws"},"image":{"@id":"https:\/\/chic-claws.com\/#\/schema\/logo\/image\/"}}]}},"_links":{"self":[{"href":"https:\/\/chic-claws.com\/en\/wp-json\/wp\/v2\/product\/3838","targetHints":{"allow":["GET"]}}],"collection":[{"href":"https:\/\/chic-claws.com\/en\/wp-json\/wp\/v2\/product"}],"about":[{"href":"https:\/\/chic-claws.com\/en\/wp-json\/wp\/v2\/types\/product"}],"replies":[{"embeddable":true,"href":"https:\/\/chic-claws.com\/en\/wp-json\/wp\/v2\/comments?post=3838"}],"version-history":[{"count":4,"href":"https:\/\/chic-claws.com\/en\/wp-json\/wp\/v2\/product\/3838\/revisions"}],"predecessor-version":[{"id":6417,"href":"https:\/\/chic-claws.com\/en\/wp-json\/wp\/v2\/product\/3838\/revisions\/6417"}],"wp:featuredmedia":[{"embeddable":true,"href":"https:\/\/chic-claws.com\/en\/wp-json\/wp\/v2\/media\/3839"}],"wp:attachment":[{"href":"https:\/\/chic-claws.com\/en\/wp-json\/wp\/v2\/media?parent=3838"}],"wp:term":[{"taxonomy":"product_brand","embeddable":true,"href":"https:\/\/chic-claws.com\/en\/wp-json\/wp\/v2\/product_brand?post=3838"},{"taxonomy":"product_cat","embeddable":true,"href":"https:\/\/chic-claws.com\/en\/wp-json\/wp\/v2\/product_cat?post=3838"},{"taxonomy":"product_tag","embeddable":true,"href":"https:\/\/chic-claws.com\/en\/wp-json\/wp\/v2\/product_tag?post=3838"}],"curies":[{"name":"wp","href":"https:\/\/api.w.org\/{rel}","templated":true}]}}