{"id":4549,"date":"2025-08-14T18:11:56","date_gmt":"2025-08-14T18:11:56","guid":{"rendered":"https:\/\/chic-claws.com\/?page_id=4549"},"modified":"2025-08-14T18:23:40","modified_gmt":"2025-08-14T18:23:40","slug":"sample-page-3","status":"publish","type":"page","link":"https:\/\/chic-claws.com\/ru\/sample-page-3\/","title":{"rendered":"Sample Page"},"content":{"rendered":"\t\t<div data-elementor-type=\"wp-page\" data-elementor-id=\"4549\" class=\"elementor elementor-4549\" data-elementor-post-type=\"page\">\n\t\t\t\t\t\t<section class=\"elementor-section elementor-top-section elementor-element elementor-element-4cde4877 elementor-section-boxed elementor-section-height-default elementor-section-height-default\" data-id=\"4cde4877\" data-element_type=\"section\" data-e-type=\"section\" data-settings=\"{&quot;jet_parallax_layout_list&quot;:[{&quot;jet_parallax_layout_image&quot;:{&quot;url&quot;:&quot;&quot;,&quot;id&quot;:&quot;&quot;,&quot;size&quot;:&quot;&quot;},&quot;_id&quot;:&quot;1090680&quot;,&quot;jet_parallax_layout_image_tablet&quot;:{&quot;url&quot;:&quot;&quot;,&quot;id&quot;:&quot;&quot;,&quot;size&quot;:&quot;&quot;},&quot;jet_parallax_layout_image_mobile&quot;:{&quot;url&quot;:&quot;&quot;,&quot;id&quot;:&quot;&quot;,&quot;size&quot;:&quot;&quot;},&quot;jet_parallax_layout_speed&quot;:{&quot;unit&quot;:&quot;%&quot;,&quot;size&quot;:50,&quot;sizes&quot;:[]},&quot;jet_parallax_layout_type&quot;:&quot;scroll&quot;,&quot;jet_parallax_layout_direction&quot;:&quot;1&quot;,&quot;jet_parallax_layout_fx_direction&quot;:null,&quot;jet_parallax_layout_z_index&quot;:&quot;&quot;,&quot;jet_parallax_layout_bg_x&quot;:50,&quot;jet_parallax_layout_bg_x_tablet&quot;:&quot;&quot;,&quot;jet_parallax_layout_bg_x_mobile&quot;:&quot;&quot;,&quot;jet_parallax_layout_bg_y&quot;:50,&quot;jet_parallax_layout_bg_y_tablet&quot;:&quot;&quot;,&quot;jet_parallax_layout_bg_y_mobile&quot;:&quot;&quot;,&quot;jet_parallax_layout_bg_size&quot;:&quot;auto&quot;,&quot;jet_parallax_layout_bg_size_tablet&quot;:&quot;&quot;,&quot;jet_parallax_layout_bg_size_mobile&quot;:&quot;&quot;,&quot;jet_parallax_layout_animation_prop&quot;:&quot;transform&quot;,&quot;jet_parallax_layout_on&quot;:[&quot;desktop&quot;,&quot;tablet&quot;]}]}\">\n\t\t\t\t\t\t<div class=\"elementor-container elementor-column-gap-no\">\n\t\t\t\t\t<div class=\"elementor-column elementor-col-100 elementor-top-column elementor-element elementor-element-4f23bc33\" data-id=\"4f23bc33\" data-element_type=\"column\" data-e-type=\"column\">\n\t\t\t<div class=\"elementor-widget-wrap elementor-element-populated\">\n\t\t\t\t\t\t<div class=\"elementor-element elementor-element-63698c47 elementor-widget elementor-widget-heading\" data-id=\"63698c47\" data-element_type=\"widget\" data-e-type=\"widget\" data-widget_type=\"heading.default\">\n\t\t\t\t\t<h3 class=\"elementor-heading-title elementor-size-default\">Blog Update<\/h3>\t\t\t\t<\/div>\n\t\t\t\t<div class=\"elementor-element elementor-element-5483575b elementor-widget elementor-widget-jet-posts\" data-id=\"5483575b\" data-element_type=\"widget\" data-e-type=\"widget\" data-settings=\"{&quot;columns_tablet&quot;:&quot;2&quot;,&quot;columns_mobile&quot;:&quot;1&quot;,&quot;columns&quot;:&quot;3&quot;,&quot;slides_to_scroll&quot;:&quot;1&quot;}\" data-widget_type=\"jet-posts.default\">\n\t\t\t\t<div class=\"elementor-widget-container\">\n\t\t\t\t\t<div class=\"elementor-jet-posts jet-elements\"><div class=\"jet-carousel elementor-slick-slider\" data-slider_options=\"{&quot;autoplaySpeed&quot;:5000,&quot;autoplay&quot;:false,&quot;infinite&quot;:true,&quot;pauseOnHover&quot;:false,&quot;speed&quot;:500,&quot;arrows&quot;:false,&quot;dots&quot;:false,&quot;slidesToScroll&quot;:1,&quot;prevArrow&quot;:&quot;.jet-posts__prev-arrow-5483575b&quot;,&quot;nextArrow&quot;:&quot;.jet-posts__next-arrow-5483575b&quot;,&quot;rtl&quot;:false}\" dir=\"ltr\"><div class=\"jet-posts col-row  jet-equal-cols\"><div class=\"jet-posts__item\">\n\t<div class=\"jet-posts__inner-box\"><div class=\"jet-posts__terms\"><a href=\"https:\/\/chic-claws.com\/tr\/category\/uncategorized\/\" class=\"jet-posts__terms-link\">Uncategorized<\/a><\/div><div class=\"jet-posts__inner-content\"><h4 class=\"entry-title\"><a href=\"https:\/\/chic-claws.com\/tr\/hello-world\/\" target=\"\">Hello world!<\/a><\/h4><div class=\"post-meta\"><span class=\"posted-by post-meta__item\">Posted by <a href=\"https:\/\/chic-claws.com\/tr\/author\/admin\/\"  class=\"posted-by__author\" rel=\"author\">admin<\/a><\/span><span class=\"post__date post-meta__item\"><a href=\"https:\/\/chic-claws.com\/tr\/2025\/07\/18\/\"  class=\"post__date-link\" ><time datetime=\"2025-07-18T17:52:02+00:00\" title=\"2025-07-18T17:52:02+00:00\">Temmuz 18, 2025<\/time><\/a><\/span><span class=\"post__comments post-meta__item\">Comments: <a href=\"https:\/\/chic-claws.com\/tr\/hello-world\/#respond\"  class=\"post__comments-link\">0<\/a><\/span><\/div><\/div><\/div>\n<\/div>\n<div class=\"jet-posts__item\">\n\t<div class=\"jet-posts__inner-box\"><div class=\"post-thumbnail\"><a href=\"https:\/\/chic-claws.com\/tr\/do-you-use-the-color-blocking-technique\/\" class=\"post-thumbnail__link\"><img loading=\"lazy\" decoding=\"async\" class=\"post-thumbnail__img wp-post-image\" src=\"https:\/\/chic-claws.com\/wp-content\/uploads\/2017\/11\/fashion-blog-2-570x450.jpg\" alt=\"Watch the Magical New Trailer for A Wrinkle in Time\" loading=\"lazy\" width=\"570\" height=\"450\"><\/a><\/div><div class=\"jet-posts__terms\"><a href=\"https:\/\/chic-claws.com\/tr\/category\/models\/\" class=\"jet-posts__terms-link\">Models<\/a><\/div><div class=\"jet-posts__inner-content\"><h4 class=\"entry-title\"><a href=\"https:\/\/chic-claws.com\/tr\/do-you-use-the-color-blocking-technique\/\" target=\"\">Watch the Magical New Trailer for A Wrinkle in Time<\/a><\/h4><div class=\"post-meta\"><span class=\"posted-by post-meta__item\">Posted by <a href=\"https:\/\/chic-claws.com\/tr\/author\/admin\/\"  class=\"posted-by__author\" rel=\"author\">admin<\/a><\/span><span class=\"post__date post-meta__item\"><a href=\"https:\/\/chic-claws.com\/tr\/2024\/02\/28\/\"  class=\"post__date-link\" ><time datetime=\"2024-02-28T13:18:13+00:00\" title=\"2024-02-28T13:18:13+00:00\">\u015eubat 28, 2024<\/time><\/a><\/span><span class=\"post__comments post-meta__item\">Comments: <a href=\"https:\/\/chic-claws.com\/tr\/do-you-use-the-color-blocking-technique\/#respond\"  class=\"post__comments-link\">0<\/a><\/span><\/div><\/div><\/div>\n<\/div>\n<div class=\"jet-posts__item\">\n\t<div class=\"jet-posts__inner-box\"><div class=\"post-thumbnail\"><a href=\"https:\/\/chic-claws.com\/tr\/never-buy-a-boring-coat\/\" class=\"post-thumbnail__link\"><img loading=\"lazy\" decoding=\"async\" class=\"post-thumbnail__img wp-post-image\" src=\"https:\/\/chic-claws.com\/wp-content\/uploads\/2017\/11\/fashion-blog-1-570x450.jpg\" alt=\"Never Buy A Boring Coat\" loading=\"lazy\" width=\"570\" height=\"450\"><\/a><\/div><div class=\"jet-posts__terms\"><a href=\"https:\/\/chic-claws.com\/tr\/category\/models\/\" class=\"jet-posts__terms-link\">Models<\/a><\/div><div class=\"jet-posts__inner-content\"><h4 class=\"entry-title\"><a href=\"https:\/\/chic-claws.com\/tr\/never-buy-a-boring-coat\/\" target=\"\">Never Buy A Boring Coat<\/a><\/h4><div class=\"post-meta\"><span class=\"posted-by post-meta__item\">Posted by <a href=\"https:\/\/chic-claws.com\/tr\/author\/admin\/\"  class=\"posted-by__author\" rel=\"author\">admin<\/a><\/span><span class=\"post__date post-meta__item\"><a href=\"https:\/\/chic-claws.com\/tr\/2024\/02\/28\/\"  class=\"post__date-link\" ><time datetime=\"2024-02-28T13:17:13+00:00\" title=\"2024-02-28T13:17:13+00:00\">\u015eubat 28, 2024<\/time><\/a><\/span><span class=\"post__comments post-meta__item\">Comments: <a href=\"https:\/\/chic-claws.com\/tr\/never-buy-a-boring-coat\/#respond\"  class=\"post__comments-link\">0<\/a><\/span><\/div><\/div><\/div>\n<\/div>\n<div class=\"jet-posts__item\">\n\t<div class=\"jet-posts__inner-box\"><div class=\"post-thumbnail\"><a href=\"https:\/\/chic-claws.com\/tr\/cook-like-a-true-sicilian\/\" class=\"post-thumbnail__link\"><img loading=\"lazy\" decoding=\"async\" class=\"post-thumbnail__img wp-post-image\" src=\"https:\/\/chic-claws.com\/wp-content\/uploads\/2017\/11\/fashion-blog-3-570x450.jpg\" alt=\"Cook Like a True Sicilian!\" loading=\"lazy\" width=\"570\" height=\"450\"><\/a><\/div><div class=\"jet-posts__terms\"><a href=\"https:\/\/chic-claws.com\/tr\/category\/models\/\" class=\"jet-posts__terms-link\">Models<\/a><\/div><div class=\"jet-posts__inner-content\"><h4 class=\"entry-title\"><a href=\"https:\/\/chic-claws.com\/tr\/cook-like-a-true-sicilian\/\" target=\"\">Cook Like a True Sicilian!<\/a><\/h4><div class=\"post-meta\"><span class=\"posted-by post-meta__item\">Posted by <a href=\"https:\/\/chic-claws.com\/tr\/author\/admin\/\"  class=\"posted-by__author\" rel=\"author\">admin<\/a><\/span><span class=\"post__date post-meta__item\"><a href=\"https:\/\/chic-claws.com\/tr\/2024\/02\/28\/\"  class=\"post__date-link\" ><time datetime=\"2024-02-28T13:17:12+00:00\" title=\"2024-02-28T13:17:12+00:00\">\u015eubat 28, 2024<\/time><\/a><\/span><span class=\"post__comments post-meta__item\">Comments: <a href=\"https:\/\/chic-claws.com\/tr\/cook-like-a-true-sicilian\/#respond\"  class=\"post__comments-link\">0<\/a><\/span><\/div><\/div><\/div>\n<\/div>\n<div class=\"jet-posts__item\">\n\t<div class=\"jet-posts__inner-box\"><div class=\"post-thumbnail\"><a href=\"https:\/\/chic-claws.com\/tr\/this-many-people-were-injured-making-a-selfie\/\" class=\"post-thumbnail__link\"><img loading=\"lazy\" decoding=\"async\" class=\"post-thumbnail__img wp-post-image\" src=\"https:\/\/chic-claws.com\/wp-content\/uploads\/2017\/11\/fashion-blog-30-570x450.jpg\" alt=\"This Many People Were Injured Making a Selfie\" loading=\"lazy\" width=\"570\" height=\"450\"><\/a><\/div><div class=\"jet-posts__terms\"><a href=\"https:\/\/chic-claws.com\/tr\/category\/designers\/\" class=\"jet-posts__terms-link\">Designers<\/a><\/div><div class=\"jet-posts__inner-content\"><h4 class=\"entry-title\"><a href=\"https:\/\/chic-claws.com\/tr\/this-many-people-were-injured-making-a-selfie\/\" target=\"\">This Many People Were Injured Making a Selfie<\/a><\/h4><div class=\"post-meta\"><span class=\"posted-by post-meta__item\">Posted by <a href=\"https:\/\/chic-claws.com\/tr\/author\/admin\/\"  class=\"posted-by__author\" rel=\"author\">admin<\/a><\/span><span class=\"post__date post-meta__item\"><a href=\"https:\/\/chic-claws.com\/tr\/2024\/02\/28\/\"  class=\"post__date-link\" ><time datetime=\"2024-02-28T12:03:26+00:00\" title=\"2024-02-28T12:03:26+00:00\">\u015eubat 28, 2024<\/time><\/a><\/span><span class=\"post__comments post-meta__item\">Comments: <a href=\"https:\/\/chic-claws.com\/tr\/this-many-people-were-injured-making-a-selfie\/#respond\"  class=\"post__comments-link\">0<\/a><\/span><\/div><\/div><\/div>\n<\/div>\n<\/div>\n<\/div><\/div>\t\t\t\t<\/div>\n\t\t\t\t<\/div>\n\t\t\t\t\t<\/div>\n\t\t<\/div>\n\t\t\t\t\t<\/div>\n\t\t<\/section>\n\t\t\t\t<\/div>\n\t\t","protected":false},"excerpt":{"rendered":"<p>Blog Update Uncategorized Hello world! Posted by adminTemmuz 18, 2025Comments: 0 Models Watch the Magical New Trailer for A Wrinkle in Time Posted by admin\u015eubat 28, 2024Comments: 0 Models Never Buy A Boring Coat Posted by admin\u015eubat 28, 2024Comments: 0 Models Cook Like a True Sicilian! Posted by admin\u015eubat 28, 2024Comments: 0 Designers This Many [&hellip;]<\/p>\n","protected":false},"author":4,"featured_media":0,"parent":0,"menu_order":0,"comment_status":"closed","ping_status":"open","template":"","meta":{"footnotes":""},"class_list":["post-4549","page","type-page","status-publish","hentry"],"yoast_head":"<!-- This site is optimized with the Yoast SEO plugin v27.5 - https:\/\/yoast.com\/product\/yoast-seo-wordpress\/ -->\n<title>Sample Page - Chic Claws<\/title>\n<meta name=\"description\" content=\"Erfahre mehr \u00fcber Sample Page auf Chic Claws. Entdecke Press-on Nails, wiederverwendbare Designs und UV-freien Nagelkleber \u2013 exklusiv bei Chic Class.\" \/>\n<meta name=\"robots\" content=\"index, follow, max-snippet:-1, max-image-preview:large, max-video-preview:-1\" \/>\n<link rel=\"canonical\" href=\"https:\/\/chic-claws.com\/ru\/sample-page-3\/\" \/>\n<meta property=\"og:locale\" content=\"ru_RU\" \/>\n<meta property=\"og:type\" content=\"article\" \/>\n<meta property=\"og:title\" content=\"Sample Page - Chic Claws\" \/>\n<meta property=\"og:description\" content=\"Erfahre mehr \u00fcber Sample Page auf Chic Claws. Entdecke Press-on Nails, wiederverwendbare Designs und UV-freien Nagelkleber \u2013 exklusiv bei Chic Class.\" \/>\n<meta property=\"og:url\" content=\"https:\/\/chic-claws.com\/ru\/sample-page-3\/\" \/>\n<meta property=\"og:site_name\" content=\"Chic Claws\" \/>\n<meta property=\"article:modified_time\" content=\"2025-08-14T18:23:40+00:00\" \/>\n<meta property=\"og:image\" content=\"https:\/\/chic-claws.com\/wp-content\/uploads\/2017\/11\/fashion-blog-2-570x450.jpg\" \/>\n<meta name=\"twitter:card\" content=\"summary_large_image\" \/>\n<script type=\"application\/ld+json\" class=\"yoast-schema-graph\">{\"@context\":\"https:\\\/\\\/schema.org\",\"@graph\":[{\"@type\":\"WebPage\",\"@id\":\"https:\\\/\\\/chic-claws.com\\\/sample-page-3\\\/\",\"url\":\"https:\\\/\\\/chic-claws.com\\\/sample-page-3\\\/\",\"name\":\"Sample Page - Chic Claws\",\"isPartOf\":{\"@id\":\"https:\\\/\\\/chic-claws.com\\\/#website\"},\"primaryImageOfPage\":{\"@id\":\"https:\\\/\\\/chic-claws.com\\\/sample-page-3\\\/#primaryimage\"},\"image\":{\"@id\":\"https:\\\/\\\/chic-claws.com\\\/sample-page-3\\\/#primaryimage\"},\"thumbnailUrl\":\"https:\\\/\\\/chic-claws.com\\\/wp-content\\\/uploads\\\/2017\\\/11\\\/fashion-blog-2-570x450.jpg\",\"datePublished\":\"2025-08-14T18:11:56+00:00\",\"dateModified\":\"2025-08-14T18:23:40+00:00\",\"description\":\"Erfahre mehr \u00fcber Sample Page auf Chic Claws. Entdecke Press-on Nails, wiederverwendbare Designs und UV-freien Nagelkleber \u2013 exklusiv bei Chic Class.\",\"breadcrumb\":{\"@id\":\"https:\\\/\\\/chic-claws.com\\\/sample-page-3\\\/#breadcrumb\"},\"inLanguage\":\"ru-RU\",\"potentialAction\":[{\"@type\":\"ReadAction\",\"target\":[\"https:\\\/\\\/chic-claws.com\\\/sample-page-3\\\/\"]}]},{\"@type\":\"ImageObject\",\"inLanguage\":\"ru-RU\",\"@id\":\"https:\\\/\\\/chic-claws.com\\\/sample-page-3\\\/#primaryimage\",\"url\":\"https:\\\/\\\/chic-claws.com\\\/wp-content\\\/uploads\\\/2017\\\/11\\\/fashion-blog-2-570x450.jpg\",\"contentUrl\":\"https:\\\/\\\/chic-claws.com\\\/wp-content\\\/uploads\\\/2017\\\/11\\\/fashion-blog-2-570x450.jpg\"},{\"@type\":\"BreadcrumbList\",\"@id\":\"https:\\\/\\\/chic-claws.com\\\/sample-page-3\\\/#breadcrumb\",\"itemListElement\":[{\"@type\":\"ListItem\",\"position\":1,\"name\":\"Anasayfa\",\"item\":\"https:\\\/\\\/chic-claws.com\\\/\"},{\"@type\":\"ListItem\",\"position\":2,\"name\":\"Sample Page\"}]},{\"@type\":\"WebSite\",\"@id\":\"https:\\\/\\\/chic-claws.com\\\/#website\",\"url\":\"https:\\\/\\\/chic-claws.com\\\/\",\"name\":\"Chic Claws\",\"description\":\"Chic Claws\",\"publisher\":{\"@id\":\"https:\\\/\\\/chic-claws.com\\\/#organization\"},\"potentialAction\":[{\"@type\":\"SearchAction\",\"target\":{\"@type\":\"EntryPoint\",\"urlTemplate\":\"https:\\\/\\\/chic-claws.com\\\/?s={search_term_string}\"},\"query-input\":{\"@type\":\"PropertyValueSpecification\",\"valueRequired\":true,\"valueName\":\"search_term_string\"}}],\"inLanguage\":\"ru-RU\"},{\"@type\":\"Organization\",\"@id\":\"https:\\\/\\\/chic-claws.com\\\/#organization\",\"name\":\"Chic Claws\",\"url\":\"https:\\\/\\\/chic-claws.com\\\/\",\"logo\":{\"@type\":\"ImageObject\",\"inLanguage\":\"ru-RU\",\"@id\":\"https:\\\/\\\/chic-claws.com\\\/#\\\/schema\\\/logo\\\/image\\\/\",\"url\":\"https:\\\/\\\/chic-claws.com\\\/wp-content\\\/uploads\\\/2020\\\/02\\\/cropped-noBgColor-2-small.png\",\"contentUrl\":\"https:\\\/\\\/chic-claws.com\\\/wp-content\\\/uploads\\\/2020\\\/02\\\/cropped-noBgColor-2-small.png\",\"width\":142,\"height\":144,\"caption\":\"Chic Claws\"},\"image\":{\"@id\":\"https:\\\/\\\/chic-claws.com\\\/#\\\/schema\\\/logo\\\/image\\\/\"}}]}<\/script>\n<!-- \/ Yoast SEO plugin. -->","yoast_head_json":{"title":"Sample Page - Chic Claws","description":"Erfahre mehr \u00fcber Sample Page auf Chic Claws. Entdecke Press-on Nails, wiederverwendbare Designs und UV-freien Nagelkleber \u2013 exklusiv bei Chic Class.","robots":{"index":"index","follow":"follow","max-snippet":"max-snippet:-1","max-image-preview":"max-image-preview:large","max-video-preview":"max-video-preview:-1"},"canonical":"https:\/\/chic-claws.com\/ru\/sample-page-3\/","og_locale":"ru_RU","og_type":"article","og_title":"Sample Page - Chic Claws","og_description":"Erfahre mehr \u00fcber Sample Page auf Chic Claws. Entdecke Press-on Nails, wiederverwendbare Designs und UV-freien Nagelkleber \u2013 exklusiv bei Chic Class.","og_url":"https:\/\/chic-claws.com\/ru\/sample-page-3\/","og_site_name":"Chic Claws","article_modified_time":"2025-08-14T18:23:40+00:00","og_image":[{"url":"https:\/\/chic-claws.com\/wp-content\/uploads\/2017\/11\/fashion-blog-2-570x450.jpg","type":"","width":"","height":""}],"twitter_card":"summary_large_image","schema":{"@context":"https:\/\/schema.org","@graph":[{"@type":"WebPage","@id":"https:\/\/chic-claws.com\/sample-page-3\/","url":"https:\/\/chic-claws.com\/sample-page-3\/","name":"Sample Page - Chic Claws","isPartOf":{"@id":"https:\/\/chic-claws.com\/#website"},"primaryImageOfPage":{"@id":"https:\/\/chic-claws.com\/sample-page-3\/#primaryimage"},"image":{"@id":"https:\/\/chic-claws.com\/sample-page-3\/#primaryimage"},"thumbnailUrl":"https:\/\/chic-claws.com\/wp-content\/uploads\/2017\/11\/fashion-blog-2-570x450.jpg","datePublished":"2025-08-14T18:11:56+00:00","dateModified":"2025-08-14T18:23:40+00:00","description":"Erfahre mehr \u00fcber Sample Page auf Chic Claws. Entdecke Press-on Nails, wiederverwendbare Designs und UV-freien Nagelkleber \u2013 exklusiv bei Chic Class.","breadcrumb":{"@id":"https:\/\/chic-claws.com\/sample-page-3\/#breadcrumb"},"inLanguage":"ru-RU","potentialAction":[{"@type":"ReadAction","target":["https:\/\/chic-claws.com\/sample-page-3\/"]}]},{"@type":"ImageObject","inLanguage":"ru-RU","@id":"https:\/\/chic-claws.com\/sample-page-3\/#primaryimage","url":"https:\/\/chic-claws.com\/wp-content\/uploads\/2017\/11\/fashion-blog-2-570x450.jpg","contentUrl":"https:\/\/chic-claws.com\/wp-content\/uploads\/2017\/11\/fashion-blog-2-570x450.jpg"},{"@type":"BreadcrumbList","@id":"https:\/\/chic-claws.com\/sample-page-3\/#breadcrumb","itemListElement":[{"@type":"ListItem","position":1,"name":"Anasayfa","item":"https:\/\/chic-claws.com\/"},{"@type":"ListItem","position":2,"name":"Sample Page"}]},{"@type":"WebSite","@id":"https:\/\/chic-claws.com\/#website","url":"https:\/\/chic-claws.com\/","name":"Chic Claws","description":"Chic Claws","publisher":{"@id":"https:\/\/chic-claws.com\/#organization"},"potentialAction":[{"@type":"SearchAction","target":{"@type":"EntryPoint","urlTemplate":"https:\/\/chic-claws.com\/?s={search_term_string}"},"query-input":{"@type":"PropertyValueSpecification","valueRequired":true,"valueName":"search_term_string"}}],"inLanguage":"ru-RU"},{"@type":"Organization","@id":"https:\/\/chic-claws.com\/#organization","name":"Chic Claws","url":"https:\/\/chic-claws.com\/","logo":{"@type":"ImageObject","inLanguage":"ru-RU","@id":"https:\/\/chic-claws.com\/#\/schema\/logo\/image\/","url":"https:\/\/chic-claws.com\/wp-content\/uploads\/2020\/02\/cropped-noBgColor-2-small.png","contentUrl":"https:\/\/chic-claws.com\/wp-content\/uploads\/2020\/02\/cropped-noBgColor-2-small.png","width":142,"height":144,"caption":"Chic Claws"},"image":{"@id":"https:\/\/chic-claws.com\/#\/schema\/logo\/image\/"}}]}},"_links":{"self":[{"href":"https:\/\/chic-claws.com\/ru\/wp-json\/wp\/v2\/pages\/4549","targetHints":{"allow":["GET"]}}],"collection":[{"href":"https:\/\/chic-claws.com\/ru\/wp-json\/wp\/v2\/pages"}],"about":[{"href":"https:\/\/chic-claws.com\/ru\/wp-json\/wp\/v2\/types\/page"}],"author":[{"embeddable":true,"href":"https:\/\/chic-claws.com\/ru\/wp-json\/wp\/v2\/users\/4"}],"replies":[{"embeddable":true,"href":"https:\/\/chic-claws.com\/ru\/wp-json\/wp\/v2\/comments?post=4549"}],"version-history":[{"count":10,"href":"https:\/\/chic-claws.com\/ru\/wp-json\/wp\/v2\/pages\/4549\/revisions"}],"predecessor-version":[{"id":4566,"href":"https:\/\/chic-claws.com\/ru\/wp-json\/wp\/v2\/pages\/4549\/revisions\/4566"}],"wp:attachment":[{"href":"https:\/\/chic-claws.com\/ru\/wp-json\/wp\/v2\/media?parent=4549"}],"curies":[{"name":"wp","href":"https:\/\/api.w.org\/{rel}","templated":true}]}}