{"id":1096,"date":"2018-01-23T14:30:21","date_gmt":"2018-01-23T14:30:21","guid":{"rendered":"http:\/\/ld-wp.template-help.com\/woocommerce_prod-16812\/v2\/?post_type=product&#038;p=1096"},"modified":"2025-09-20T14:10:36","modified_gmt":"2025-09-20T14:10:36","slug":"glitzer-blume","status":"publish","type":"product","link":"https:\/\/chic-claws.com\/ru\/urun\/glitzer-blume\/","title":{"rendered":"Cherry Blossom Sparkle"},"content":{"rendered":"<p>Cherry Blossom Sparkle<\/p>\n<p>Das Cherry Blossom Sparkle Nageldesign bringt die Sch\u00f6nheit der Kirschbl\u00fcten direkt auf deine N\u00e4gel. Mit zarten Bl\u00fcten, schimmerndem Hintergrund und einem Hauch von Glitzer entsteht ein romantischer und frischer Look \u2013 perfekt f\u00fcr den Fr\u00fchling oder besondere Anl\u00e4sse.<br \/>\n\u041e\u0441\u043e\u0431\u0435\u043d\u043d\u043e\u0441\u0442\u0438 \u043f\u0440\u043e\u0434\u0443\u043a\u0442\u0430<br \/>\nElegantes Kirschbl\u00fcten-Design mit Glitzer-Effekt<br \/>\nDezente Farbkombination aus Rosa, Wei\u00df und zarten Akzenten<br \/>\nEinfach anzubringen und mehrfach verwendbar<br \/>\nIdeal f\u00fcr Hochzeiten, Dates oder festliche Outfits<\/p>","protected":false},"excerpt":{"rendered":"<p>Cherry Blossom Sparkle Das Cherry Blossom Sparkle Nageldesign bringt die Sch\u00f6nheit der Kirschbl\u00fcten direkt auf deine N\u00e4gel. Mit zarten Bl\u00fcten, schimmerndem Hintergrund und einem Hauch von Glitzer entsteht ein romantischer und frischer Look \u2013 perfekt f\u00fcr den Fr\u00fchling oder besondere Anl\u00e4sse. Produkt-Highlights: Elegantes Kirschbl\u00fcten-Design mit Glitzer-Effekt Dezente Farbkombination aus Rosa, Wei\u00df und zarten Akzenten Einfach [&hellip;]<\/p>\n","protected":false},"featured_media":3510,"comment_status":"open","ping_status":"closed","template":"","meta":[],"product_brand":[],"product_cat":[83],"product_tag":[],"class_list":{"0":"post-1096","1":"product","2":"type-product","3":"status-publish","4":"has-post-thumbnail","6":"product_cat-handgefertigte-nagel","7":"product_shipping_class-class-1","8":"pa_groesse-l","9":"pa_groesse-m","10":"pa_groesse-s","11":"pa_merkmalen-blumen","12":"pa_merkmalen-french","13":"pa_nagelform-weicheckig","15":"first","16":"instock","17":"taxable","18":"shipping-taxable","19":"purchasable","20":"product-type-variable"},"yoast_head":"<!-- This site is optimized with the Yoast SEO plugin v27.4 - https:\/\/yoast.com\/product\/yoast-seo-wordpress\/ -->\n<title>Cherry Blossom Sparkle | Handgefertigte Press-on Nails \u2013 Chic Claws<\/title>\n<meta name=\"description\" content=\"Entdecke Cherry Blossom Sparkle \u2013 wiederverwendbare, handgefertigte Press-on Nails mit UV-freiem Kleber. Besser als Kiss &amp; Doonails. Jetzt bei Chic Claws kaufen!\" \/>\n<meta name=\"robots\" content=\"index, follow, max-snippet:-1, max-image-preview:large, max-video-preview:-1\" \/>\n<link rel=\"canonical\" href=\"https:\/\/chic-claws.com\/ru\/urun\/glitzer-blume\/\" \/>\n<meta property=\"og:locale\" content=\"ru_RU\" \/>\n<meta property=\"og:type\" content=\"article\" \/>\n<meta property=\"og:title\" content=\"Cherry Blossom Sparkle | Handgefertigte Press-on Nails \u2013 Chic Claws\" \/>\n<meta property=\"og:description\" content=\"Entdecke Cherry Blossom Sparkle \u2013 wiederverwendbare, handgefertigte Press-on Nails mit UV-freiem Kleber. Besser als Kiss &amp; Doonails. Jetzt bei Chic Claws kaufen!\" \/>\n<meta property=\"og:url\" content=\"https:\/\/chic-claws.com\/ru\/urun\/glitzer-blume\/\" \/>\n<meta property=\"og:site_name\" content=\"Chic Claws\" \/>\n<meta property=\"article:modified_time\" content=\"2025-09-20T14:10:36+00:00\" \/>\n<meta property=\"og:image\" content=\"https:\/\/chic-claws.com\/wp-content\/uploads\/2018\/01\/glitzer-blume-1.jpg\" \/>\n\t<meta property=\"og:image:width\" content=\"1200\" \/>\n\t<meta property=\"og:image:height\" content=\"1353\" \/>\n\t<meta property=\"og:image:type\" content=\"image\/jpeg\" \/>\n<meta name=\"twitter:card\" content=\"summary_large_image\" \/>\n<meta name=\"twitter:label1\" content=\"\u041f\u0440\u0438\u043c\u0435\u0440\u043d\u043e\u0435 \u0432\u0440\u0435\u043c\u044f \u0434\u043b\u044f \u0447\u0442\u0435\u043d\u0438\u044f\" \/>\n\t<meta name=\"twitter:data1\" content=\"1 \u043c\u0438\u043d\u0443\u0442\u0430\" \/>\n<script type=\"application\/ld+json\" class=\"yoast-schema-graph\">{\"@context\":\"https:\\\/\\\/schema.org\",\"@graph\":[{\"@type\":\"WebPage\",\"@id\":\"https:\\\/\\\/chic-claws.com\\\/urun\\\/glitzer-blume\\\/\",\"url\":\"https:\\\/\\\/chic-claws.com\\\/urun\\\/glitzer-blume\\\/\",\"name\":\"Cherry Blossom Sparkle | Handgefertigte Press-on Nails \u2013 Chic Claws\",\"isPartOf\":{\"@id\":\"https:\\\/\\\/chic-claws.com\\\/#website\"},\"primaryImageOfPage\":{\"@id\":\"https:\\\/\\\/chic-claws.com\\\/urun\\\/glitzer-blume\\\/#primaryimage\"},\"image\":{\"@id\":\"https:\\\/\\\/chic-claws.com\\\/urun\\\/glitzer-blume\\\/#primaryimage\"},\"thumbnailUrl\":\"https:\\\/\\\/chic-claws.com\\\/wp-content\\\/uploads\\\/2018\\\/01\\\/glitzer-blume-1.jpg\",\"datePublished\":\"2018-01-23T14:30:21+00:00\",\"dateModified\":\"2025-09-20T14:10:36+00:00\",\"description\":\"Entdecke Cherry Blossom Sparkle \u2013 wiederverwendbare, handgefertigte Press-on Nails mit UV-freiem Kleber. Besser als Kiss & Doonails. Jetzt bei Chic Claws kaufen!\",\"breadcrumb\":{\"@id\":\"https:\\\/\\\/chic-claws.com\\\/urun\\\/glitzer-blume\\\/#breadcrumb\"},\"inLanguage\":\"ru-RU\",\"potentialAction\":[{\"@type\":\"ReadAction\",\"target\":[\"https:\\\/\\\/chic-claws.com\\\/urun\\\/glitzer-blume\\\/\"]}]},{\"@type\":\"ImageObject\",\"inLanguage\":\"ru-RU\",\"@id\":\"https:\\\/\\\/chic-claws.com\\\/urun\\\/glitzer-blume\\\/#primaryimage\",\"url\":\"https:\\\/\\\/chic-claws.com\\\/wp-content\\\/uploads\\\/2018\\\/01\\\/glitzer-blume-1.jpg\",\"contentUrl\":\"https:\\\/\\\/chic-claws.com\\\/wp-content\\\/uploads\\\/2018\\\/01\\\/glitzer-blume-1.jpg\",\"width\":1200,\"height\":1353},{\"@type\":\"BreadcrumbList\",\"@id\":\"https:\\\/\\\/chic-claws.com\\\/urun\\\/glitzer-blume\\\/#breadcrumb\",\"itemListElement\":[{\"@type\":\"ListItem\",\"position\":1,\"name\":\"Anasayfa\",\"item\":\"https:\\\/\\\/chic-claws.com\\\/\"},{\"@type\":\"ListItem\",\"position\":2,\"name\":\"Shop\",\"item\":\"https:\\\/\\\/chic-claws.com\\\/en\\\/shop\\\/\"},{\"@type\":\"ListItem\",\"position\":3,\"name\":\"Cherry Blossom Sparkle\"}]},{\"@type\":\"WebSite\",\"@id\":\"https:\\\/\\\/chic-claws.com\\\/#website\",\"url\":\"https:\\\/\\\/chic-claws.com\\\/\",\"name\":\"Chic Claws\",\"description\":\"Chic Claws\",\"publisher\":{\"@id\":\"https:\\\/\\\/chic-claws.com\\\/#organization\"},\"potentialAction\":[{\"@type\":\"SearchAction\",\"target\":{\"@type\":\"EntryPoint\",\"urlTemplate\":\"https:\\\/\\\/chic-claws.com\\\/?s={search_term_string}\"},\"query-input\":{\"@type\":\"PropertyValueSpecification\",\"valueRequired\":true,\"valueName\":\"search_term_string\"}}],\"inLanguage\":\"ru-RU\"},{\"@type\":\"Organization\",\"@id\":\"https:\\\/\\\/chic-claws.com\\\/#organization\",\"name\":\"Chic Claws\",\"url\":\"https:\\\/\\\/chic-claws.com\\\/\",\"logo\":{\"@type\":\"ImageObject\",\"inLanguage\":\"ru-RU\",\"@id\":\"https:\\\/\\\/chic-claws.com\\\/#\\\/schema\\\/logo\\\/image\\\/\",\"url\":\"https:\\\/\\\/chic-claws.com\\\/wp-content\\\/uploads\\\/2020\\\/02\\\/cropped-noBgColor-2-small.png\",\"contentUrl\":\"https:\\\/\\\/chic-claws.com\\\/wp-content\\\/uploads\\\/2020\\\/02\\\/cropped-noBgColor-2-small.png\",\"width\":142,\"height\":144,\"caption\":\"Chic Claws\"},\"image\":{\"@id\":\"https:\\\/\\\/chic-claws.com\\\/#\\\/schema\\\/logo\\\/image\\\/\"}}]}<\/script>\n<!-- \/ Yoast SEO plugin. -->","yoast_head_json":{"title":"Cherry Blossom Sparkle | Handgefertigte Press-on Nails \u2013 Chic Claws","description":"Entdecke Cherry Blossom Sparkle \u2013 wiederverwendbare, handgefertigte Press-on Nails mit UV-freiem Kleber. Besser als Kiss & Doonails. Jetzt bei Chic Claws kaufen!","robots":{"index":"index","follow":"follow","max-snippet":"max-snippet:-1","max-image-preview":"max-image-preview:large","max-video-preview":"max-video-preview:-1"},"canonical":"https:\/\/chic-claws.com\/ru\/urun\/glitzer-blume\/","og_locale":"ru_RU","og_type":"article","og_title":"Cherry Blossom Sparkle | Handgefertigte Press-on Nails \u2013 Chic Claws","og_description":"Entdecke Cherry Blossom Sparkle \u2013 wiederverwendbare, handgefertigte Press-on Nails mit UV-freiem Kleber. Besser als Kiss & Doonails. Jetzt bei Chic Claws kaufen!","og_url":"https:\/\/chic-claws.com\/ru\/urun\/glitzer-blume\/","og_site_name":"Chic Claws","article_modified_time":"2025-09-20T14:10:36+00:00","og_image":[{"width":1200,"height":1353,"url":"https:\/\/chic-claws.com\/wp-content\/uploads\/2018\/01\/glitzer-blume-1.jpg","type":"image\/jpeg"}],"twitter_card":"summary_large_image","twitter_misc":{"\u041f\u0440\u0438\u043c\u0435\u0440\u043d\u043e\u0435 \u0432\u0440\u0435\u043c\u044f \u0434\u043b\u044f \u0447\u0442\u0435\u043d\u0438\u044f":"1 \u043c\u0438\u043d\u0443\u0442\u0430"},"schema":{"@context":"https:\/\/schema.org","@graph":[{"@type":"WebPage","@id":"https:\/\/chic-claws.com\/urun\/glitzer-blume\/","url":"https:\/\/chic-claws.com\/urun\/glitzer-blume\/","name":"Cherry Blossom Sparkle | Handgefertigte Press-on Nails \u2013 Chic Claws","isPartOf":{"@id":"https:\/\/chic-claws.com\/#website"},"primaryImageOfPage":{"@id":"https:\/\/chic-claws.com\/urun\/glitzer-blume\/#primaryimage"},"image":{"@id":"https:\/\/chic-claws.com\/urun\/glitzer-blume\/#primaryimage"},"thumbnailUrl":"https:\/\/chic-claws.com\/wp-content\/uploads\/2018\/01\/glitzer-blume-1.jpg","datePublished":"2018-01-23T14:30:21+00:00","dateModified":"2025-09-20T14:10:36+00:00","description":"Entdecke Cherry Blossom Sparkle \u2013 wiederverwendbare, handgefertigte Press-on Nails mit UV-freiem Kleber. Besser als Kiss & Doonails. Jetzt bei Chic Claws kaufen!","breadcrumb":{"@id":"https:\/\/chic-claws.com\/urun\/glitzer-blume\/#breadcrumb"},"inLanguage":"ru-RU","potentialAction":[{"@type":"ReadAction","target":["https:\/\/chic-claws.com\/urun\/glitzer-blume\/"]}]},{"@type":"ImageObject","inLanguage":"ru-RU","@id":"https:\/\/chic-claws.com\/urun\/glitzer-blume\/#primaryimage","url":"https:\/\/chic-claws.com\/wp-content\/uploads\/2018\/01\/glitzer-blume-1.jpg","contentUrl":"https:\/\/chic-claws.com\/wp-content\/uploads\/2018\/01\/glitzer-blume-1.jpg","width":1200,"height":1353},{"@type":"BreadcrumbList","@id":"https:\/\/chic-claws.com\/urun\/glitzer-blume\/#breadcrumb","itemListElement":[{"@type":"ListItem","position":1,"name":"Anasayfa","item":"https:\/\/chic-claws.com\/"},{"@type":"ListItem","position":2,"name":"Shop","item":"https:\/\/chic-claws.com\/en\/shop\/"},{"@type":"ListItem","position":3,"name":"Cherry Blossom Sparkle"}]},{"@type":"WebSite","@id":"https:\/\/chic-claws.com\/#website","url":"https:\/\/chic-claws.com\/","name":"Chic Claws","description":"Chic Claws","publisher":{"@id":"https:\/\/chic-claws.com\/#organization"},"potentialAction":[{"@type":"SearchAction","target":{"@type":"EntryPoint","urlTemplate":"https:\/\/chic-claws.com\/?s={search_term_string}"},"query-input":{"@type":"PropertyValueSpecification","valueRequired":true,"valueName":"search_term_string"}}],"inLanguage":"ru-RU"},{"@type":"Organization","@id":"https:\/\/chic-claws.com\/#organization","name":"Chic Claws","url":"https:\/\/chic-claws.com\/","logo":{"@type":"ImageObject","inLanguage":"ru-RU","@id":"https:\/\/chic-claws.com\/#\/schema\/logo\/image\/","url":"https:\/\/chic-claws.com\/wp-content\/uploads\/2020\/02\/cropped-noBgColor-2-small.png","contentUrl":"https:\/\/chic-claws.com\/wp-content\/uploads\/2020\/02\/cropped-noBgColor-2-small.png","width":142,"height":144,"caption":"Chic Claws"},"image":{"@id":"https:\/\/chic-claws.com\/#\/schema\/logo\/image\/"}}]}},"_links":{"self":[{"href":"https:\/\/chic-claws.com\/ru\/wp-json\/wp\/v2\/product\/1096","targetHints":{"allow":["GET"]}}],"collection":[{"href":"https:\/\/chic-claws.com\/ru\/wp-json\/wp\/v2\/product"}],"about":[{"href":"https:\/\/chic-claws.com\/ru\/wp-json\/wp\/v2\/types\/product"}],"replies":[{"embeddable":true,"href":"https:\/\/chic-claws.com\/ru\/wp-json\/wp\/v2\/comments?post=1096"}],"version-history":[{"count":6,"href":"https:\/\/chic-claws.com\/ru\/wp-json\/wp\/v2\/product\/1096\/revisions"}],"predecessor-version":[{"id":5371,"href":"https:\/\/chic-claws.com\/ru\/wp-json\/wp\/v2\/product\/1096\/revisions\/5371"}],"wp:featuredmedia":[{"embeddable":true,"href":"https:\/\/chic-claws.com\/ru\/wp-json\/wp\/v2\/media\/3510"}],"wp:attachment":[{"href":"https:\/\/chic-claws.com\/ru\/wp-json\/wp\/v2\/media?parent=1096"}],"wp:term":[{"taxonomy":"product_brand","embeddable":true,"href":"https:\/\/chic-claws.com\/ru\/wp-json\/wp\/v2\/product_brand?post=1096"},{"taxonomy":"product_cat","embeddable":true,"href":"https:\/\/chic-claws.com\/ru\/wp-json\/wp\/v2\/product_cat?post=1096"},{"taxonomy":"product_tag","embeddable":true,"href":"https:\/\/chic-claws.com\/ru\/wp-json\/wp\/v2\/product_tag?post=1096"}],"curies":[{"name":"wp","href":"https:\/\/api.w.org\/{rel}","templated":true}]}}