{"id":3527,"date":"2025-08-05T08:09:46","date_gmt":"2025-08-05T08:09:46","guid":{"rendered":"https:\/\/chic-claws.com\/?post_type=product&#038;p=3527"},"modified":"2025-09-16T21:10:04","modified_gmt":"2025-09-16T21:10:04","slug":"iron-women","status":"publish","type":"product","link":"https:\/\/chic-claws.com\/ru\/urun\/iron-women\/","title":{"rendered":"Ruby Shine"},"content":{"rendered":"<p>Ruby Shine<\/p>\n<p>Das Ruby Shine Nageldesign bringt Glamour und Eleganz auf deine N\u00e4gel! Das kr\u00e4ftige Rubinrot kombiniert mit zarten Highlights und funkelnden Strasssteinen sorgt f\u00fcr einen luxuri\u00f6sen Look, perfekt f\u00fcr besondere Anl\u00e4sse oder einen stilvollen Alltagslook.<br \/>\n\u041e\u0441\u043e\u0431\u0435\u043d\u043d\u043e\u0441\u0442\u0438 \u043f\u0440\u043e\u0434\u0443\u043a\u0442\u0430<br \/>\nStrahlendes Rubinrot mit schimmerndem Effekt<br \/>\nVerspielte Strasssteine f\u00fcr einen Hauch von Luxus<br \/>\nLanglebige, wiederverwendbare Press-on Nails<br \/>\nEinfache Anwendung, professionelles Ergebnis in Minuten<\/p>","protected":false},"excerpt":{"rendered":"<p>Ruby Shine Das Ruby Shine Nageldesign bringt Glamour und Eleganz auf deine N\u00e4gel! Das kr\u00e4ftige Rubinrot kombiniert mit zarten Highlights und funkelnden Strasssteinen sorgt f\u00fcr einen luxuri\u00f6sen Look, perfekt f\u00fcr besondere Anl\u00e4sse oder einen stilvollen Alltagslook. Produkt-Highlights: Strahlendes Rubinrot mit schimmerndem Effekt Verspielte Strasssteine f\u00fcr einen Hauch von Luxus Langlebige, wiederverwendbare Press-on Nails Einfache Anwendung, [&hellip;]<\/p>\n","protected":false},"featured_media":3470,"comment_status":"open","ping_status":"closed","template":"","meta":[],"product_brand":[],"product_cat":[83],"product_tag":[84],"class_list":{"0":"post-3527","1":"product","2":"type-product","3":"status-publish","4":"has-post-thumbnail","6":"product_cat-handgefertigte-nagel","7":"product_tag-handgefertigte-nagel","8":"product_shipping_class-class-2","9":"pa_groesse-l","10":"pa_groesse-m","11":"pa_groesse-s","12":"pa_nagelform-ballerina","14":"first","15":"instock","16":"taxable","17":"shipping-taxable","18":"purchasable","19":"product-type-variable"},"yoast_head":"<!-- This site is optimized with the Yoast SEO plugin v27.4 - https:\/\/yoast.com\/product\/yoast-seo-wordpress\/ -->\n<title>Ruby Shine | Handgefertigte Press-on Nails \u2013 Chic Claws<\/title>\n<meta name=\"description\" content=\"Entdecke Ruby Shine \u2013 wiederverwendbare, handgefertigte Press-on Nails mit UV-freiem Kleber. Besser als Kiss &amp; Doonails. Jetzt bei Chic Claws kaufen!\" \/>\n<meta name=\"robots\" content=\"index, follow, max-snippet:-1, max-image-preview:large, max-video-preview:-1\" \/>\n<link rel=\"canonical\" href=\"https:\/\/chic-claws.com\/ru\/urun\/iron-women\/\" \/>\n<meta property=\"og:locale\" content=\"ru_RU\" \/>\n<meta property=\"og:type\" content=\"article\" \/>\n<meta property=\"og:title\" content=\"Ruby Shine | Handgefertigte Press-on Nails \u2013 Chic Claws\" \/>\n<meta property=\"og:description\" content=\"Entdecke Ruby Shine \u2013 wiederverwendbare, handgefertigte Press-on Nails mit UV-freiem Kleber. Besser als Kiss &amp; Doonails. Jetzt bei Chic Claws kaufen!\" \/>\n<meta property=\"og:url\" content=\"https:\/\/chic-claws.com\/ru\/urun\/iron-women\/\" \/>\n<meta property=\"og:site_name\" content=\"Chic Claws\" \/>\n<meta property=\"article:modified_time\" content=\"2025-09-16T21:10:04+00:00\" \/>\n<meta property=\"og:image\" content=\"https:\/\/chic-claws.com\/wp-content\/uploads\/2018\/01\/iron-women2-scaled-1.jpg\" \/>\n\t<meta property=\"og:image:width\" content=\"1200\" \/>\n\t<meta property=\"og:image:height\" content=\"1353\" \/>\n\t<meta property=\"og:image:type\" content=\"image\/jpeg\" \/>\n<meta name=\"twitter:card\" content=\"summary_large_image\" \/>\n<script type=\"application\/ld+json\" class=\"yoast-schema-graph\">{\"@context\":\"https:\\\/\\\/schema.org\",\"@graph\":[{\"@type\":\"WebPage\",\"@id\":\"https:\\\/\\\/chic-claws.com\\\/urun\\\/iron-women\\\/\",\"url\":\"https:\\\/\\\/chic-claws.com\\\/urun\\\/iron-women\\\/\",\"name\":\"Ruby Shine | Handgefertigte Press-on Nails \u2013 Chic Claws\",\"isPartOf\":{\"@id\":\"https:\\\/\\\/chic-claws.com\\\/#website\"},\"primaryImageOfPage\":{\"@id\":\"https:\\\/\\\/chic-claws.com\\\/urun\\\/iron-women\\\/#primaryimage\"},\"image\":{\"@id\":\"https:\\\/\\\/chic-claws.com\\\/urun\\\/iron-women\\\/#primaryimage\"},\"thumbnailUrl\":\"https:\\\/\\\/chic-claws.com\\\/wp-content\\\/uploads\\\/2018\\\/01\\\/iron-women2-scaled-1.jpg\",\"datePublished\":\"2025-08-05T08:09:46+00:00\",\"dateModified\":\"2025-09-16T21:10:04+00:00\",\"description\":\"Entdecke Ruby Shine \u2013 wiederverwendbare, handgefertigte Press-on Nails mit UV-freiem Kleber. Besser als Kiss & Doonails. Jetzt bei Chic Claws kaufen!\",\"breadcrumb\":{\"@id\":\"https:\\\/\\\/chic-claws.com\\\/urun\\\/iron-women\\\/#breadcrumb\"},\"inLanguage\":\"ru-RU\",\"potentialAction\":[{\"@type\":\"ReadAction\",\"target\":[\"https:\\\/\\\/chic-claws.com\\\/urun\\\/iron-women\\\/\"]}]},{\"@type\":\"ImageObject\",\"inLanguage\":\"ru-RU\",\"@id\":\"https:\\\/\\\/chic-claws.com\\\/urun\\\/iron-women\\\/#primaryimage\",\"url\":\"https:\\\/\\\/chic-claws.com\\\/wp-content\\\/uploads\\\/2018\\\/01\\\/iron-women2-scaled-1.jpg\",\"contentUrl\":\"https:\\\/\\\/chic-claws.com\\\/wp-content\\\/uploads\\\/2018\\\/01\\\/iron-women2-scaled-1.jpg\",\"width\":1200,\"height\":1353},{\"@type\":\"BreadcrumbList\",\"@id\":\"https:\\\/\\\/chic-claws.com\\\/urun\\\/iron-women\\\/#breadcrumb\",\"itemListElement\":[{\"@type\":\"ListItem\",\"position\":1,\"name\":\"Anasayfa\",\"item\":\"https:\\\/\\\/chic-claws.com\\\/\"},{\"@type\":\"ListItem\",\"position\":2,\"name\":\"Shop\",\"item\":\"https:\\\/\\\/chic-claws.com\\\/en\\\/shop\\\/\"},{\"@type\":\"ListItem\",\"position\":3,\"name\":\"Ruby Shine\"}]},{\"@type\":\"WebSite\",\"@id\":\"https:\\\/\\\/chic-claws.com\\\/#website\",\"url\":\"https:\\\/\\\/chic-claws.com\\\/\",\"name\":\"Chic Claws\",\"description\":\"Chic Claws\",\"publisher\":{\"@id\":\"https:\\\/\\\/chic-claws.com\\\/#organization\"},\"potentialAction\":[{\"@type\":\"SearchAction\",\"target\":{\"@type\":\"EntryPoint\",\"urlTemplate\":\"https:\\\/\\\/chic-claws.com\\\/?s={search_term_string}\"},\"query-input\":{\"@type\":\"PropertyValueSpecification\",\"valueRequired\":true,\"valueName\":\"search_term_string\"}}],\"inLanguage\":\"ru-RU\"},{\"@type\":\"Organization\",\"@id\":\"https:\\\/\\\/chic-claws.com\\\/#organization\",\"name\":\"Chic Claws\",\"url\":\"https:\\\/\\\/chic-claws.com\\\/\",\"logo\":{\"@type\":\"ImageObject\",\"inLanguage\":\"ru-RU\",\"@id\":\"https:\\\/\\\/chic-claws.com\\\/#\\\/schema\\\/logo\\\/image\\\/\",\"url\":\"https:\\\/\\\/chic-claws.com\\\/wp-content\\\/uploads\\\/2020\\\/02\\\/cropped-noBgColor-2-small.png\",\"contentUrl\":\"https:\\\/\\\/chic-claws.com\\\/wp-content\\\/uploads\\\/2020\\\/02\\\/cropped-noBgColor-2-small.png\",\"width\":142,\"height\":144,\"caption\":\"Chic Claws\"},\"image\":{\"@id\":\"https:\\\/\\\/chic-claws.com\\\/#\\\/schema\\\/logo\\\/image\\\/\"}}]}<\/script>\n<!-- \/ Yoast SEO plugin. -->","yoast_head_json":{"title":"Ruby Shine | Handgefertigte Press-on Nails \u2013 Chic Claws","description":"Entdecke Ruby Shine \u2013 wiederverwendbare, handgefertigte Press-on Nails mit UV-freiem Kleber. Besser als Kiss & Doonails. Jetzt bei Chic Claws kaufen!","robots":{"index":"index","follow":"follow","max-snippet":"max-snippet:-1","max-image-preview":"max-image-preview:large","max-video-preview":"max-video-preview:-1"},"canonical":"https:\/\/chic-claws.com\/ru\/urun\/iron-women\/","og_locale":"ru_RU","og_type":"article","og_title":"Ruby Shine | Handgefertigte Press-on Nails \u2013 Chic Claws","og_description":"Entdecke Ruby Shine \u2013 wiederverwendbare, handgefertigte Press-on Nails mit UV-freiem Kleber. Besser als Kiss & Doonails. Jetzt bei Chic Claws kaufen!","og_url":"https:\/\/chic-claws.com\/ru\/urun\/iron-women\/","og_site_name":"Chic Claws","article_modified_time":"2025-09-16T21:10:04+00:00","og_image":[{"width":1200,"height":1353,"url":"https:\/\/chic-claws.com\/wp-content\/uploads\/2018\/01\/iron-women2-scaled-1.jpg","type":"image\/jpeg"}],"twitter_card":"summary_large_image","schema":{"@context":"https:\/\/schema.org","@graph":[{"@type":"WebPage","@id":"https:\/\/chic-claws.com\/urun\/iron-women\/","url":"https:\/\/chic-claws.com\/urun\/iron-women\/","name":"Ruby Shine | Handgefertigte Press-on Nails \u2013 Chic Claws","isPartOf":{"@id":"https:\/\/chic-claws.com\/#website"},"primaryImageOfPage":{"@id":"https:\/\/chic-claws.com\/urun\/iron-women\/#primaryimage"},"image":{"@id":"https:\/\/chic-claws.com\/urun\/iron-women\/#primaryimage"},"thumbnailUrl":"https:\/\/chic-claws.com\/wp-content\/uploads\/2018\/01\/iron-women2-scaled-1.jpg","datePublished":"2025-08-05T08:09:46+00:00","dateModified":"2025-09-16T21:10:04+00:00","description":"Entdecke Ruby Shine \u2013 wiederverwendbare, handgefertigte Press-on Nails mit UV-freiem Kleber. Besser als Kiss & Doonails. Jetzt bei Chic Claws kaufen!","breadcrumb":{"@id":"https:\/\/chic-claws.com\/urun\/iron-women\/#breadcrumb"},"inLanguage":"ru-RU","potentialAction":[{"@type":"ReadAction","target":["https:\/\/chic-claws.com\/urun\/iron-women\/"]}]},{"@type":"ImageObject","inLanguage":"ru-RU","@id":"https:\/\/chic-claws.com\/urun\/iron-women\/#primaryimage","url":"https:\/\/chic-claws.com\/wp-content\/uploads\/2018\/01\/iron-women2-scaled-1.jpg","contentUrl":"https:\/\/chic-claws.com\/wp-content\/uploads\/2018\/01\/iron-women2-scaled-1.jpg","width":1200,"height":1353},{"@type":"BreadcrumbList","@id":"https:\/\/chic-claws.com\/urun\/iron-women\/#breadcrumb","itemListElement":[{"@type":"ListItem","position":1,"name":"Anasayfa","item":"https:\/\/chic-claws.com\/"},{"@type":"ListItem","position":2,"name":"Shop","item":"https:\/\/chic-claws.com\/en\/shop\/"},{"@type":"ListItem","position":3,"name":"Ruby Shine"}]},{"@type":"WebSite","@id":"https:\/\/chic-claws.com\/#website","url":"https:\/\/chic-claws.com\/","name":"Chic Claws","description":"Chic Claws","publisher":{"@id":"https:\/\/chic-claws.com\/#organization"},"potentialAction":[{"@type":"SearchAction","target":{"@type":"EntryPoint","urlTemplate":"https:\/\/chic-claws.com\/?s={search_term_string}"},"query-input":{"@type":"PropertyValueSpecification","valueRequired":true,"valueName":"search_term_string"}}],"inLanguage":"ru-RU"},{"@type":"Organization","@id":"https:\/\/chic-claws.com\/#organization","name":"Chic Claws","url":"https:\/\/chic-claws.com\/","logo":{"@type":"ImageObject","inLanguage":"ru-RU","@id":"https:\/\/chic-claws.com\/#\/schema\/logo\/image\/","url":"https:\/\/chic-claws.com\/wp-content\/uploads\/2020\/02\/cropped-noBgColor-2-small.png","contentUrl":"https:\/\/chic-claws.com\/wp-content\/uploads\/2020\/02\/cropped-noBgColor-2-small.png","width":142,"height":144,"caption":"Chic Claws"},"image":{"@id":"https:\/\/chic-claws.com\/#\/schema\/logo\/image\/"}}]}},"_links":{"self":[{"href":"https:\/\/chic-claws.com\/ru\/wp-json\/wp\/v2\/product\/3527","targetHints":{"allow":["GET"]}}],"collection":[{"href":"https:\/\/chic-claws.com\/ru\/wp-json\/wp\/v2\/product"}],"about":[{"href":"https:\/\/chic-claws.com\/ru\/wp-json\/wp\/v2\/types\/product"}],"replies":[{"embeddable":true,"href":"https:\/\/chic-claws.com\/ru\/wp-json\/wp\/v2\/comments?post=3527"}],"version-history":[{"count":4,"href":"https:\/\/chic-claws.com\/ru\/wp-json\/wp\/v2\/product\/3527\/revisions"}],"predecessor-version":[{"id":6438,"href":"https:\/\/chic-claws.com\/ru\/wp-json\/wp\/v2\/product\/3527\/revisions\/6438"}],"wp:featuredmedia":[{"embeddable":true,"href":"https:\/\/chic-claws.com\/ru\/wp-json\/wp\/v2\/media\/3470"}],"wp:attachment":[{"href":"https:\/\/chic-claws.com\/ru\/wp-json\/wp\/v2\/media?parent=3527"}],"wp:term":[{"taxonomy":"product_brand","embeddable":true,"href":"https:\/\/chic-claws.com\/ru\/wp-json\/wp\/v2\/product_brand?post=3527"},{"taxonomy":"product_cat","embeddable":true,"href":"https:\/\/chic-claws.com\/ru\/wp-json\/wp\/v2\/product_cat?post=3527"},{"taxonomy":"product_tag","embeddable":true,"href":"https:\/\/chic-claws.com\/ru\/wp-json\/wp\/v2\/product_tag?post=3527"}],"curies":[{"name":"wp","href":"https:\/\/api.w.org\/{rel}","templated":true}]}}