{"id":3706,"date":"2025-08-06T11:58:35","date_gmt":"2025-08-06T11:58:35","guid":{"rendered":"https:\/\/chic-claws.com\/?post_type=product&#038;p=3706"},"modified":"2025-09-16T19:54:29","modified_gmt":"2025-09-16T19:54:29","slug":"pera","status":"publish","type":"product","link":"https:\/\/chic-claws.com\/ru\/urun\/pera\/","title":{"rendered":"Elegant Sparkle"},"content":{"rendered":"<p>Elegant Sparkle \u2013 Handgefertigtes Nageldesign in Rosa-Wei\u00df<\/p>\n<p>Setze auf zeitlose Eleganz mit dem Elegant Sparkle Nageldesign! Diese handgefertigten Press-on Nails vereinen ein dezentes Rosa-Wei\u00df-Design mit funkelnden Strasssteinen, die deinen N\u00e4geln einen Hauch von Glamour verleihen.<br \/>\nPerfekt f\u00fcr Hochzeiten, Partys oder einfach f\u00fcr einen stilvollen Alltagslook \u2013 diese wiederverwendbaren Kunstn\u00e4gel lassen sich ganz einfach anbringen und sorgen in wenigen Minuten f\u00fcr eine professionelle Manik\u00fcre zuhause.<br \/>\n\u041e\u0441\u043e\u0431\u0435\u043d\u043d\u043e\u0441\u0442\u0438 \u043f\u0440\u043e\u0434\u0443\u043a\u0442\u0430<br \/>\nHandgefertigtes Design in Rosa-Wei\u00df<br \/>\nStrasssteine f\u00fcr funkelnde Akzente<br \/>\nWiederverwendbare Press-on Nails<br \/>\nEinfache und schnelle Anwendung<\/p>","protected":false},"excerpt":{"rendered":"<p>Elegant Sparkle \u2013 Handgefertigtes Nageldesign in Rosa-Wei\u00df Setze auf zeitlose Eleganz mit dem Elegant Sparkle Nageldesign! Diese handgefertigten Press-on Nails vereinen ein dezentes Rosa-Wei\u00df-Design mit funkelnden Strasssteinen, die deinen N\u00e4geln einen Hauch von Glamour verleihen. Perfekt f\u00fcr Hochzeiten, Partys oder einfach f\u00fcr einen stilvollen Alltagslook \u2013 diese wiederverwendbaren Kunstn\u00e4gel lassen sich ganz einfach anbringen und [&hellip;]<\/p>\n","protected":false},"featured_media":3707,"comment_status":"open","ping_status":"closed","template":"","meta":[],"product_brand":[],"product_cat":[83],"product_tag":[84],"class_list":{"0":"post-3706","1":"product","2":"type-product","3":"status-publish","4":"has-post-thumbnail","6":"product_cat-handgefertigte-nagel","7":"product_tag-handgefertigte-nagel","8":"product_shipping_class-class-2","9":"pa_groesse-l","10":"pa_groesse-m","11":"pa_groesse-s","12":"pa_nagelform-eckig","14":"first","15":"instock","16":"taxable","17":"shipping-taxable","18":"purchasable","19":"product-type-variable"},"yoast_head":"<!-- This site is optimized with the Yoast SEO plugin v27.4 - https:\/\/yoast.com\/product\/yoast-seo-wordpress\/ -->\n<title>Elegant Sparkle | Handgefertigte Press-on Nails \u2013 Chic Claws<\/title>\n<meta name=\"description\" content=\"Entdecke Elegant Sparkle \u2013 wiederverwendbare, handgefertigte Press-on Nails mit UV-freiem Kleber. Besser als Kiss &amp; Doonails. Jetzt bei Chic Claws kaufen!\" \/>\n<meta name=\"robots\" content=\"index, follow, max-snippet:-1, max-image-preview:large, max-video-preview:-1\" \/>\n<link rel=\"canonical\" href=\"https:\/\/chic-claws.com\/ru\/urun\/pera\/\" \/>\n<meta property=\"og:locale\" content=\"ru_RU\" \/>\n<meta property=\"og:type\" content=\"article\" \/>\n<meta property=\"og:title\" content=\"Elegant Sparkle | Handgefertigte Press-on Nails \u2013 Chic Claws\" \/>\n<meta property=\"og:description\" content=\"Entdecke Elegant Sparkle \u2013 wiederverwendbare, handgefertigte Press-on Nails mit UV-freiem Kleber. Besser als Kiss &amp; Doonails. Jetzt bei Chic Claws kaufen!\" \/>\n<meta property=\"og:url\" content=\"https:\/\/chic-claws.com\/ru\/urun\/pera\/\" \/>\n<meta property=\"og:site_name\" content=\"Chic Claws\" \/>\n<meta property=\"article:modified_time\" content=\"2025-09-16T19:54:29+00:00\" \/>\n<meta property=\"og:image\" content=\"https:\/\/chic-claws.com\/wp-content\/uploads\/2025\/08\/pera.jpg\" \/>\n\t<meta property=\"og:image:width\" content=\"1200\" \/>\n\t<meta property=\"og:image:height\" content=\"1353\" \/>\n\t<meta property=\"og:image:type\" content=\"image\/jpeg\" \/>\n<meta name=\"twitter:card\" content=\"summary_large_image\" \/>\n<script type=\"application\/ld+json\" class=\"yoast-schema-graph\">{\"@context\":\"https:\\\/\\\/schema.org\",\"@graph\":[{\"@type\":\"WebPage\",\"@id\":\"https:\\\/\\\/chic-claws.com\\\/urun\\\/pera\\\/\",\"url\":\"https:\\\/\\\/chic-claws.com\\\/urun\\\/pera\\\/\",\"name\":\"Elegant Sparkle | Handgefertigte Press-on Nails \u2013 Chic Claws\",\"isPartOf\":{\"@id\":\"https:\\\/\\\/chic-claws.com\\\/#website\"},\"primaryImageOfPage\":{\"@id\":\"https:\\\/\\\/chic-claws.com\\\/urun\\\/pera\\\/#primaryimage\"},\"image\":{\"@id\":\"https:\\\/\\\/chic-claws.com\\\/urun\\\/pera\\\/#primaryimage\"},\"thumbnailUrl\":\"https:\\\/\\\/chic-claws.com\\\/wp-content\\\/uploads\\\/2025\\\/08\\\/pera.jpg\",\"datePublished\":\"2025-08-06T11:58:35+00:00\",\"dateModified\":\"2025-09-16T19:54:29+00:00\",\"description\":\"Entdecke Elegant Sparkle \u2013 wiederverwendbare, handgefertigte Press-on Nails mit UV-freiem Kleber. Besser als Kiss & Doonails. Jetzt bei Chic Claws kaufen!\",\"breadcrumb\":{\"@id\":\"https:\\\/\\\/chic-claws.com\\\/urun\\\/pera\\\/#breadcrumb\"},\"inLanguage\":\"ru-RU\",\"potentialAction\":[{\"@type\":\"ReadAction\",\"target\":[\"https:\\\/\\\/chic-claws.com\\\/urun\\\/pera\\\/\"]}]},{\"@type\":\"ImageObject\",\"inLanguage\":\"ru-RU\",\"@id\":\"https:\\\/\\\/chic-claws.com\\\/urun\\\/pera\\\/#primaryimage\",\"url\":\"https:\\\/\\\/chic-claws.com\\\/wp-content\\\/uploads\\\/2025\\\/08\\\/pera.jpg\",\"contentUrl\":\"https:\\\/\\\/chic-claws.com\\\/wp-content\\\/uploads\\\/2025\\\/08\\\/pera.jpg\",\"width\":1200,\"height\":1353},{\"@type\":\"BreadcrumbList\",\"@id\":\"https:\\\/\\\/chic-claws.com\\\/urun\\\/pera\\\/#breadcrumb\",\"itemListElement\":[{\"@type\":\"ListItem\",\"position\":1,\"name\":\"Anasayfa\",\"item\":\"https:\\\/\\\/chic-claws.com\\\/\"},{\"@type\":\"ListItem\",\"position\":2,\"name\":\"Shop\",\"item\":\"https:\\\/\\\/chic-claws.com\\\/en\\\/shop\\\/\"},{\"@type\":\"ListItem\",\"position\":3,\"name\":\"Elegant Sparkle\"}]},{\"@type\":\"WebSite\",\"@id\":\"https:\\\/\\\/chic-claws.com\\\/#website\",\"url\":\"https:\\\/\\\/chic-claws.com\\\/\",\"name\":\"Chic Claws\",\"description\":\"Chic Claws\",\"publisher\":{\"@id\":\"https:\\\/\\\/chic-claws.com\\\/#organization\"},\"potentialAction\":[{\"@type\":\"SearchAction\",\"target\":{\"@type\":\"EntryPoint\",\"urlTemplate\":\"https:\\\/\\\/chic-claws.com\\\/?s={search_term_string}\"},\"query-input\":{\"@type\":\"PropertyValueSpecification\",\"valueRequired\":true,\"valueName\":\"search_term_string\"}}],\"inLanguage\":\"ru-RU\"},{\"@type\":\"Organization\",\"@id\":\"https:\\\/\\\/chic-claws.com\\\/#organization\",\"name\":\"Chic Claws\",\"url\":\"https:\\\/\\\/chic-claws.com\\\/\",\"logo\":{\"@type\":\"ImageObject\",\"inLanguage\":\"ru-RU\",\"@id\":\"https:\\\/\\\/chic-claws.com\\\/#\\\/schema\\\/logo\\\/image\\\/\",\"url\":\"https:\\\/\\\/chic-claws.com\\\/wp-content\\\/uploads\\\/2020\\\/02\\\/cropped-noBgColor-2-small.png\",\"contentUrl\":\"https:\\\/\\\/chic-claws.com\\\/wp-content\\\/uploads\\\/2020\\\/02\\\/cropped-noBgColor-2-small.png\",\"width\":142,\"height\":144,\"caption\":\"Chic Claws\"},\"image\":{\"@id\":\"https:\\\/\\\/chic-claws.com\\\/#\\\/schema\\\/logo\\\/image\\\/\"}}]}<\/script>\n<!-- \/ Yoast SEO plugin. -->","yoast_head_json":{"title":"Elegant Sparkle | Handgefertigte Press-on Nails \u2013 Chic Claws","description":"Entdecke Elegant Sparkle \u2013 wiederverwendbare, handgefertigte Press-on Nails mit UV-freiem Kleber. Besser als Kiss & Doonails. Jetzt bei Chic Claws kaufen!","robots":{"index":"index","follow":"follow","max-snippet":"max-snippet:-1","max-image-preview":"max-image-preview:large","max-video-preview":"max-video-preview:-1"},"canonical":"https:\/\/chic-claws.com\/ru\/urun\/pera\/","og_locale":"ru_RU","og_type":"article","og_title":"Elegant Sparkle | Handgefertigte Press-on Nails \u2013 Chic Claws","og_description":"Entdecke Elegant Sparkle \u2013 wiederverwendbare, handgefertigte Press-on Nails mit UV-freiem Kleber. Besser als Kiss & Doonails. Jetzt bei Chic Claws kaufen!","og_url":"https:\/\/chic-claws.com\/ru\/urun\/pera\/","og_site_name":"Chic Claws","article_modified_time":"2025-09-16T19:54:29+00:00","og_image":[{"width":1200,"height":1353,"url":"https:\/\/chic-claws.com\/wp-content\/uploads\/2025\/08\/pera.jpg","type":"image\/jpeg"}],"twitter_card":"summary_large_image","schema":{"@context":"https:\/\/schema.org","@graph":[{"@type":"WebPage","@id":"https:\/\/chic-claws.com\/urun\/pera\/","url":"https:\/\/chic-claws.com\/urun\/pera\/","name":"Elegant Sparkle | Handgefertigte Press-on Nails \u2013 Chic Claws","isPartOf":{"@id":"https:\/\/chic-claws.com\/#website"},"primaryImageOfPage":{"@id":"https:\/\/chic-claws.com\/urun\/pera\/#primaryimage"},"image":{"@id":"https:\/\/chic-claws.com\/urun\/pera\/#primaryimage"},"thumbnailUrl":"https:\/\/chic-claws.com\/wp-content\/uploads\/2025\/08\/pera.jpg","datePublished":"2025-08-06T11:58:35+00:00","dateModified":"2025-09-16T19:54:29+00:00","description":"Entdecke Elegant Sparkle \u2013 wiederverwendbare, handgefertigte Press-on Nails mit UV-freiem Kleber. Besser als Kiss & Doonails. Jetzt bei Chic Claws kaufen!","breadcrumb":{"@id":"https:\/\/chic-claws.com\/urun\/pera\/#breadcrumb"},"inLanguage":"ru-RU","potentialAction":[{"@type":"ReadAction","target":["https:\/\/chic-claws.com\/urun\/pera\/"]}]},{"@type":"ImageObject","inLanguage":"ru-RU","@id":"https:\/\/chic-claws.com\/urun\/pera\/#primaryimage","url":"https:\/\/chic-claws.com\/wp-content\/uploads\/2025\/08\/pera.jpg","contentUrl":"https:\/\/chic-claws.com\/wp-content\/uploads\/2025\/08\/pera.jpg","width":1200,"height":1353},{"@type":"BreadcrumbList","@id":"https:\/\/chic-claws.com\/urun\/pera\/#breadcrumb","itemListElement":[{"@type":"ListItem","position":1,"name":"Anasayfa","item":"https:\/\/chic-claws.com\/"},{"@type":"ListItem","position":2,"name":"Shop","item":"https:\/\/chic-claws.com\/en\/shop\/"},{"@type":"ListItem","position":3,"name":"Elegant Sparkle"}]},{"@type":"WebSite","@id":"https:\/\/chic-claws.com\/#website","url":"https:\/\/chic-claws.com\/","name":"Chic Claws","description":"Chic Claws","publisher":{"@id":"https:\/\/chic-claws.com\/#organization"},"potentialAction":[{"@type":"SearchAction","target":{"@type":"EntryPoint","urlTemplate":"https:\/\/chic-claws.com\/?s={search_term_string}"},"query-input":{"@type":"PropertyValueSpecification","valueRequired":true,"valueName":"search_term_string"}}],"inLanguage":"ru-RU"},{"@type":"Organization","@id":"https:\/\/chic-claws.com\/#organization","name":"Chic Claws","url":"https:\/\/chic-claws.com\/","logo":{"@type":"ImageObject","inLanguage":"ru-RU","@id":"https:\/\/chic-claws.com\/#\/schema\/logo\/image\/","url":"https:\/\/chic-claws.com\/wp-content\/uploads\/2020\/02\/cropped-noBgColor-2-small.png","contentUrl":"https:\/\/chic-claws.com\/wp-content\/uploads\/2020\/02\/cropped-noBgColor-2-small.png","width":142,"height":144,"caption":"Chic Claws"},"image":{"@id":"https:\/\/chic-claws.com\/#\/schema\/logo\/image\/"}}]}},"_links":{"self":[{"href":"https:\/\/chic-claws.com\/ru\/wp-json\/wp\/v2\/product\/3706","targetHints":{"allow":["GET"]}}],"collection":[{"href":"https:\/\/chic-claws.com\/ru\/wp-json\/wp\/v2\/product"}],"about":[{"href":"https:\/\/chic-claws.com\/ru\/wp-json\/wp\/v2\/types\/product"}],"replies":[{"embeddable":true,"href":"https:\/\/chic-claws.com\/ru\/wp-json\/wp\/v2\/comments?post=3706"}],"version-history":[{"count":4,"href":"https:\/\/chic-claws.com\/ru\/wp-json\/wp\/v2\/product\/3706\/revisions"}],"predecessor-version":[{"id":5418,"href":"https:\/\/chic-claws.com\/ru\/wp-json\/wp\/v2\/product\/3706\/revisions\/5418"}],"wp:featuredmedia":[{"embeddable":true,"href":"https:\/\/chic-claws.com\/ru\/wp-json\/wp\/v2\/media\/3707"}],"wp:attachment":[{"href":"https:\/\/chic-claws.com\/ru\/wp-json\/wp\/v2\/media?parent=3706"}],"wp:term":[{"taxonomy":"product_brand","embeddable":true,"href":"https:\/\/chic-claws.com\/ru\/wp-json\/wp\/v2\/product_brand?post=3706"},{"taxonomy":"product_cat","embeddable":true,"href":"https:\/\/chic-claws.com\/ru\/wp-json\/wp\/v2\/product_cat?post=3706"},{"taxonomy":"product_tag","embeddable":true,"href":"https:\/\/chic-claws.com\/ru\/wp-json\/wp\/v2\/product_tag?post=3706"}],"curies":[{"name":"wp","href":"https:\/\/api.w.org\/{rel}","templated":true}]}}