{"id":4239,"date":"2025-08-11T15:08:54","date_gmt":"2025-08-11T15:08:54","guid":{"rendered":"https:\/\/chic-claws.com\/?post_type=product&#038;p=4239"},"modified":"2025-09-17T17:21:54","modified_gmt":"2025-09-17T17:21:54","slug":"plink-glow","status":"publish","type":"product","link":"https:\/\/chic-claws.com\/ru\/urun\/plink-glow\/","title":{"rendered":"Pink Glow Elegance"},"content":{"rendered":"<p>Pink Glow Elegance<\/p>\n<p>\u0414\u0438\u0437\u0430\u0439\u043d \u043d\u043e\u0433\u0442\u0435\u0439 Pink Glow Elegance \u043f\u0440\u0438\u0434\u0430\u0451\u0442 \u0432\u0430\u0448\u0438\u043c \u0440\u0443\u043a\u0430\u043c \u0435\u0441\u0442\u0435\u0441\u0442\u0432\u0435\u043d\u043d\u044b\u0439 \u0438 \u0441\u0432\u0435\u0436\u0438\u0439 \u0432\u0438\u0434. \u0411\u043b\u0430\u0433\u043e\u0434\u0430\u0440\u044f \u043d\u0435\u0436\u043d\u043e\u043c\u0443 \u0440\u043e\u0437\u043e\u0432\u043e\u043c\u0443 \u043e\u0442\u0442\u0435\u043d\u043a\u0443 \u0438 \u044d\u043b\u0435\u0433\u0430\u043d\u0442\u043d\u043e\u043c\u0443 \u0431\u043b\u0435\u0441\u043a\u0443 \u044d\u0442\u043e\u0442 \u0434\u0438\u0437\u0430\u0439\u043d \u0438\u0434\u0435\u0430\u043b\u044c\u043d\u043e \u043f\u043e\u0434\u0445\u043e\u0434\u0438\u0442 \u043a\u0430\u043a \u0434\u043b\u044f \u043f\u043e\u0432\u0441\u0435\u0434\u043d\u0435\u0432\u043d\u043e\u0439 \u043d\u043e\u0441\u043a\u0438, \u0442\u0430\u043a \u0438 \u0434\u043b\u044f \u043e\u0441\u043e\u0431\u044b\u0445 \u0441\u043b\u0443\u0447\u0430\u0435\u0432, \u0442\u0430\u043a\u0438\u0445 \u043a\u0430\u043a \u0441\u0432\u0430\u0434\u044c\u0431\u044b \u0438\u043b\u0438 \u0432\u0435\u0447\u0435\u0440\u0438\u043d\u043a\u0438.<br \/>\n\u041e\u0441\u043e\u0431\u0435\u043d\u043d\u043e\u0441\u0442\u0438 \u043f\u0440\u043e\u0434\u0443\u043a\u0442\u0430<br \/>\n\u041d\u0435\u0436\u043d\u044b\u0439 \u0440\u043e\u0437\u043e\u0432\u044b\u0439 \u043e\u0442\u0442\u0435\u043d\u043e\u043a \u0441 \u0438\u0437\u044b\u0441\u043a\u0430\u043d\u043d\u044b\u043c \u0431\u043b\u0435\u0441\u043a\u043e\u043c<br \/>\n\u0412\u043d\u0435\u0432\u0440\u0435\u043c\u0435\u043d\u043d\u043e\u0439 \u0434\u0438\u0437\u0430\u0439\u043d \u0434\u043b\u044f \u043b\u044e\u0431\u043e\u0433\u043e \u0441\u043b\u0443\u0447\u0430\u044f<br \/>\n\u0412\u044b\u0441\u043e\u043a\u043e\u043a\u0430\u0447\u0435\u0441\u0442\u0432\u0435\u043d\u043d\u044b\u0435, \u043c\u043d\u043e\u0433\u043e\u0440\u0430\u0437\u043e\u0432\u044b\u0435 \u0438\u0441\u043a\u0443\u0441\u0441\u0442\u0432\u0435\u043d\u043d\u044b\u0435 \u043d\u043e\u0433\u0442\u0438<br \/>\n\u041f\u0440\u043e\u0441\u0442\u043e\u0435 \u043f\u0440\u0438\u043c\u0435\u043d\u0435\u043d\u0438\u0435 \u0434\u043b\u044f \u0431\u0435\u0437\u0443\u043f\u0440\u0435\u0447\u043d\u043e\u0433\u043e \u0440\u0435\u0437\u0443\u043b\u044c\u0442\u0430\u0442\u0430<\/p>","protected":false},"excerpt":{"rendered":"<p>Pink Glow Elegance Das Pink Glow Elegance Nageldesign verleiht deinen H\u00e4nden einen nat\u00fcrlichen und frischen Look. Mit seinem sanften Ros\u00e9-Ton und dem eleganten Glanz ist dieses Design perfekt f\u00fcr den Alltag, aber auch f\u00fcr besondere Anl\u00e4sse wie Hochzeiten oder Partys geeignet. Produkt-Highlights: Zarter Ros\u00e9-Ton mit edlem Glanz Zeitloses Design f\u00fcr jeden Anlass Hochwertige, wiederverwendbare Kunstn\u00e4gel [&hellip;]<\/p>\n","protected":false},"featured_media":5794,"comment_status":"open","ping_status":"closed","template":"","meta":[],"product_brand":[],"product_cat":[83],"product_tag":[],"class_list":{"0":"post-4239","1":"product","2":"type-product","3":"status-publish","4":"has-post-thumbnail","6":"product_cat-handgefertigte-nagel","7":"product_shipping_class-class-2","8":"pa_groesse-l","9":"pa_groesse-m","10":"pa_groesse-s","11":"pa_merkmalen-verlauf","12":"pa_nagelform-mandel","14":"first","15":"instock","16":"taxable","17":"shipping-taxable","18":"purchasable","19":"product-type-variable"},"yoast_head":"<!-- This site is optimized with the Yoast SEO plugin v27.4 - https:\/\/yoast.com\/product\/yoast-seo-wordpress\/ -->\n<title>Pink Glow Elegance | Handgefertigte Press-on Nails \u2013 Chic Claws<\/title>\n<meta name=\"description\" content=\"Entdecke UV-freier Kleber f\u00fcr N\u00e4gel bei Chic Class \u2013 schonender als BTArtbox! Press-on Nails besser als Kiss\" \/>\n<meta name=\"robots\" content=\"index, follow, max-snippet:-1, max-image-preview:large, max-video-preview:-1\" \/>\n<link rel=\"canonical\" href=\"https:\/\/chic-claws.com\/ru\/urun\/plink-glow\/\" \/>\n<meta property=\"og:locale\" content=\"ru_RU\" \/>\n<meta property=\"og:type\" content=\"article\" \/>\n<meta property=\"og:title\" content=\"Pink Glow Elegance | Handgefertigte Press-on Nails \u2013 Chic Claws\" \/>\n<meta property=\"og:description\" content=\"Entdecke UV-freier Kleber f\u00fcr N\u00e4gel bei Chic Class \u2013 schonender als BTArtbox! Press-on Nails besser als Kiss\" \/>\n<meta property=\"og:url\" content=\"https:\/\/chic-claws.com\/ru\/urun\/plink-glow\/\" \/>\n<meta property=\"og:site_name\" content=\"Chic Claws\" \/>\n<meta property=\"article:modified_time\" content=\"2025-09-17T17:21:54+00:00\" \/>\n<meta property=\"og:image\" content=\"https:\/\/chic-claws.com\/wp-content\/uploads\/2025\/08\/white-Photoroom-Photoroom-1.jpg\" \/>\n\t<meta property=\"og:image:width\" content=\"1200\" \/>\n\t<meta property=\"og:image:height\" content=\"1333\" \/>\n\t<meta property=\"og:image:type\" content=\"image\/jpeg\" \/>\n<meta name=\"twitter:card\" content=\"summary_large_image\" \/>\n<meta name=\"twitter:label1\" content=\"\u041f\u0440\u0438\u043c\u0435\u0440\u043d\u043e\u0435 \u0432\u0440\u0435\u043c\u044f \u0434\u043b\u044f \u0447\u0442\u0435\u043d\u0438\u044f\" \/>\n\t<meta name=\"twitter:data1\" content=\"1 \u043c\u0438\u043d\u0443\u0442\u0430\" \/>\n<script type=\"application\/ld+json\" class=\"yoast-schema-graph\">{\"@context\":\"https:\\\/\\\/schema.org\",\"@graph\":[{\"@type\":\"WebPage\",\"@id\":\"https:\\\/\\\/chic-claws.com\\\/urun\\\/plink-glow\\\/\",\"url\":\"https:\\\/\\\/chic-claws.com\\\/urun\\\/plink-glow\\\/\",\"name\":\"Pink Glow Elegance | Handgefertigte Press-on Nails \u2013 Chic Claws\",\"isPartOf\":{\"@id\":\"https:\\\/\\\/chic-claws.com\\\/#website\"},\"primaryImageOfPage\":{\"@id\":\"https:\\\/\\\/chic-claws.com\\\/urun\\\/plink-glow\\\/#primaryimage\"},\"image\":{\"@id\":\"https:\\\/\\\/chic-claws.com\\\/urun\\\/plink-glow\\\/#primaryimage\"},\"thumbnailUrl\":\"https:\\\/\\\/chic-claws.com\\\/wp-content\\\/uploads\\\/2025\\\/08\\\/white-Photoroom-Photoroom-1.jpg\",\"datePublished\":\"2025-08-11T15:08:54+00:00\",\"dateModified\":\"2025-09-17T17:21:54+00:00\",\"description\":\"Entdecke UV-freier Kleber f\u00fcr N\u00e4gel bei Chic Class \u2013 schonender als BTArtbox! Press-on Nails besser als Kiss\",\"breadcrumb\":{\"@id\":\"https:\\\/\\\/chic-claws.com\\\/urun\\\/plink-glow\\\/#breadcrumb\"},\"inLanguage\":\"ru-RU\",\"potentialAction\":[{\"@type\":\"ReadAction\",\"target\":[\"https:\\\/\\\/chic-claws.com\\\/urun\\\/plink-glow\\\/\"]}]},{\"@type\":\"ImageObject\",\"inLanguage\":\"ru-RU\",\"@id\":\"https:\\\/\\\/chic-claws.com\\\/urun\\\/plink-glow\\\/#primaryimage\",\"url\":\"https:\\\/\\\/chic-claws.com\\\/wp-content\\\/uploads\\\/2025\\\/08\\\/white-Photoroom-Photoroom-1.jpg\",\"contentUrl\":\"https:\\\/\\\/chic-claws.com\\\/wp-content\\\/uploads\\\/2025\\\/08\\\/white-Photoroom-Photoroom-1.jpg\",\"width\":1200,\"height\":1333,\"caption\":\"Pink Glow Elegance\"},{\"@type\":\"BreadcrumbList\",\"@id\":\"https:\\\/\\\/chic-claws.com\\\/urun\\\/plink-glow\\\/#breadcrumb\",\"itemListElement\":[{\"@type\":\"ListItem\",\"position\":1,\"name\":\"Anasayfa\",\"item\":\"https:\\\/\\\/chic-claws.com\\\/\"},{\"@type\":\"ListItem\",\"position\":2,\"name\":\"Shop\",\"item\":\"https:\\\/\\\/chic-claws.com\\\/en\\\/shop\\\/\"},{\"@type\":\"ListItem\",\"position\":3,\"name\":\"Pink Glow Elegance\"}]},{\"@type\":\"WebSite\",\"@id\":\"https:\\\/\\\/chic-claws.com\\\/#website\",\"url\":\"https:\\\/\\\/chic-claws.com\\\/\",\"name\":\"Chic Claws\",\"description\":\"Chic Claws\",\"publisher\":{\"@id\":\"https:\\\/\\\/chic-claws.com\\\/#organization\"},\"potentialAction\":[{\"@type\":\"SearchAction\",\"target\":{\"@type\":\"EntryPoint\",\"urlTemplate\":\"https:\\\/\\\/chic-claws.com\\\/?s={search_term_string}\"},\"query-input\":{\"@type\":\"PropertyValueSpecification\",\"valueRequired\":true,\"valueName\":\"search_term_string\"}}],\"inLanguage\":\"ru-RU\"},{\"@type\":\"Organization\",\"@id\":\"https:\\\/\\\/chic-claws.com\\\/#organization\",\"name\":\"Chic Claws\",\"url\":\"https:\\\/\\\/chic-claws.com\\\/\",\"logo\":{\"@type\":\"ImageObject\",\"inLanguage\":\"ru-RU\",\"@id\":\"https:\\\/\\\/chic-claws.com\\\/#\\\/schema\\\/logo\\\/image\\\/\",\"url\":\"https:\\\/\\\/chic-claws.com\\\/wp-content\\\/uploads\\\/2020\\\/02\\\/cropped-noBgColor-2-small.png\",\"contentUrl\":\"https:\\\/\\\/chic-claws.com\\\/wp-content\\\/uploads\\\/2020\\\/02\\\/cropped-noBgColor-2-small.png\",\"width\":142,\"height\":144,\"caption\":\"Chic Claws\"},\"image\":{\"@id\":\"https:\\\/\\\/chic-claws.com\\\/#\\\/schema\\\/logo\\\/image\\\/\"}}]}<\/script>\n<!-- \/ Yoast SEO plugin. -->","yoast_head_json":{"title":"Pink Glow Elegance | Handgefertigte Press-on Nails \u2013 Chic Claws","description":"Entdecke UV-freier Kleber f\u00fcr N\u00e4gel bei Chic Class \u2013 schonender als BTArtbox! Press-on Nails besser als Kiss","robots":{"index":"index","follow":"follow","max-snippet":"max-snippet:-1","max-image-preview":"max-image-preview:large","max-video-preview":"max-video-preview:-1"},"canonical":"https:\/\/chic-claws.com\/ru\/urun\/plink-glow\/","og_locale":"ru_RU","og_type":"article","og_title":"Pink Glow Elegance | Handgefertigte Press-on Nails \u2013 Chic Claws","og_description":"Entdecke UV-freier Kleber f\u00fcr N\u00e4gel bei Chic Class \u2013 schonender als BTArtbox! Press-on Nails besser als Kiss","og_url":"https:\/\/chic-claws.com\/ru\/urun\/plink-glow\/","og_site_name":"Chic Claws","article_modified_time":"2025-09-17T17:21:54+00:00","og_image":[{"width":1200,"height":1333,"url":"https:\/\/chic-claws.com\/wp-content\/uploads\/2025\/08\/white-Photoroom-Photoroom-1.jpg","type":"image\/jpeg"}],"twitter_card":"summary_large_image","twitter_misc":{"\u041f\u0440\u0438\u043c\u0435\u0440\u043d\u043e\u0435 \u0432\u0440\u0435\u043c\u044f \u0434\u043b\u044f \u0447\u0442\u0435\u043d\u0438\u044f":"1 \u043c\u0438\u043d\u0443\u0442\u0430"},"schema":{"@context":"https:\/\/schema.org","@graph":[{"@type":"WebPage","@id":"https:\/\/chic-claws.com\/urun\/plink-glow\/","url":"https:\/\/chic-claws.com\/urun\/plink-glow\/","name":"Pink Glow Elegance | Handgefertigte Press-on Nails \u2013 Chic Claws","isPartOf":{"@id":"https:\/\/chic-claws.com\/#website"},"primaryImageOfPage":{"@id":"https:\/\/chic-claws.com\/urun\/plink-glow\/#primaryimage"},"image":{"@id":"https:\/\/chic-claws.com\/urun\/plink-glow\/#primaryimage"},"thumbnailUrl":"https:\/\/chic-claws.com\/wp-content\/uploads\/2025\/08\/white-Photoroom-Photoroom-1.jpg","datePublished":"2025-08-11T15:08:54+00:00","dateModified":"2025-09-17T17:21:54+00:00","description":"Entdecke UV-freier Kleber f\u00fcr N\u00e4gel bei Chic Class \u2013 schonender als BTArtbox! Press-on Nails besser als Kiss","breadcrumb":{"@id":"https:\/\/chic-claws.com\/urun\/plink-glow\/#breadcrumb"},"inLanguage":"ru-RU","potentialAction":[{"@type":"ReadAction","target":["https:\/\/chic-claws.com\/urun\/plink-glow\/"]}]},{"@type":"ImageObject","inLanguage":"ru-RU","@id":"https:\/\/chic-claws.com\/urun\/plink-glow\/#primaryimage","url":"https:\/\/chic-claws.com\/wp-content\/uploads\/2025\/08\/white-Photoroom-Photoroom-1.jpg","contentUrl":"https:\/\/chic-claws.com\/wp-content\/uploads\/2025\/08\/white-Photoroom-Photoroom-1.jpg","width":1200,"height":1333,"caption":"Pink Glow Elegance"},{"@type":"BreadcrumbList","@id":"https:\/\/chic-claws.com\/urun\/plink-glow\/#breadcrumb","itemListElement":[{"@type":"ListItem","position":1,"name":"Anasayfa","item":"https:\/\/chic-claws.com\/"},{"@type":"ListItem","position":2,"name":"Shop","item":"https:\/\/chic-claws.com\/en\/shop\/"},{"@type":"ListItem","position":3,"name":"Pink Glow Elegance"}]},{"@type":"WebSite","@id":"https:\/\/chic-claws.com\/#website","url":"https:\/\/chic-claws.com\/","name":"Chic Claws","description":"Chic Claws","publisher":{"@id":"https:\/\/chic-claws.com\/#organization"},"potentialAction":[{"@type":"SearchAction","target":{"@type":"EntryPoint","urlTemplate":"https:\/\/chic-claws.com\/?s={search_term_string}"},"query-input":{"@type":"PropertyValueSpecification","valueRequired":true,"valueName":"search_term_string"}}],"inLanguage":"ru-RU"},{"@type":"Organization","@id":"https:\/\/chic-claws.com\/#organization","name":"Chic Claws","url":"https:\/\/chic-claws.com\/","logo":{"@type":"ImageObject","inLanguage":"ru-RU","@id":"https:\/\/chic-claws.com\/#\/schema\/logo\/image\/","url":"https:\/\/chic-claws.com\/wp-content\/uploads\/2020\/02\/cropped-noBgColor-2-small.png","contentUrl":"https:\/\/chic-claws.com\/wp-content\/uploads\/2020\/02\/cropped-noBgColor-2-small.png","width":142,"height":144,"caption":"Chic Claws"},"image":{"@id":"https:\/\/chic-claws.com\/#\/schema\/logo\/image\/"}}]}},"_links":{"self":[{"href":"https:\/\/chic-claws.com\/ru\/wp-json\/wp\/v2\/product\/4239","targetHints":{"allow":["GET"]}}],"collection":[{"href":"https:\/\/chic-claws.com\/ru\/wp-json\/wp\/v2\/product"}],"about":[{"href":"https:\/\/chic-claws.com\/ru\/wp-json\/wp\/v2\/types\/product"}],"replies":[{"embeddable":true,"href":"https:\/\/chic-claws.com\/ru\/wp-json\/wp\/v2\/comments?post=4239"}],"version-history":[{"count":2,"href":"https:\/\/chic-claws.com\/ru\/wp-json\/wp\/v2\/product\/4239\/revisions"}],"predecessor-version":[{"id":5520,"href":"https:\/\/chic-claws.com\/ru\/wp-json\/wp\/v2\/product\/4239\/revisions\/5520"}],"wp:featuredmedia":[{"embeddable":true,"href":"https:\/\/chic-claws.com\/ru\/wp-json\/wp\/v2\/media\/5794"}],"wp:attachment":[{"href":"https:\/\/chic-claws.com\/ru\/wp-json\/wp\/v2\/media?parent=4239"}],"wp:term":[{"taxonomy":"product_brand","embeddable":true,"href":"https:\/\/chic-claws.com\/ru\/wp-json\/wp\/v2\/product_brand?post=4239"},{"taxonomy":"product_cat","embeddable":true,"href":"https:\/\/chic-claws.com\/ru\/wp-json\/wp\/v2\/product_cat?post=4239"},{"taxonomy":"product_tag","embeddable":true,"href":"https:\/\/chic-claws.com\/ru\/wp-json\/wp\/v2\/product_tag?post=4239"}],"curies":[{"name":"wp","href":"https:\/\/api.w.org\/{rel}","templated":true}]}}