{"id":6442,"date":"2025-09-17T06:56:55","date_gmt":"2025-09-17T06:56:55","guid":{"rendered":"https:\/\/chic-claws.com\/?post_type=product&#038;p=6442"},"modified":"2025-11-01T18:49:45","modified_gmt":"2025-11-01T18:49:45","slug":"6442","status":"publish","type":"product","link":"https:\/\/chic-claws.com\/ru\/urun\/6442\/","title":{"rendered":"Abziehbarer Nagelkleber und Umweltfreundlicher Nagelkleber Entferner"},"content":{"rendered":"<p>\u0421\u044a\u0451\u043c\u043d\u044b\u0439 \u043a\u043b\u0435\u0439 \u0434\u043b\u044f \u043d\u043e\u0433\u0442\u0435\u0439<br \/>\n\u0411\u0435\u0437 \u0437\u0430\u043f\u0430\u0445\u0430 \u0421\u043e\u0434\u0435\u0440\u0436\u0438\u043c\u043e\u0435: (7 \u043c\u043b \/ 0.24 fl.oz)<\/p>\n<p>\u0421\u0432\u043e\u0439\u0441\u0442\u0432\u0430 \u0441\u044a\u0451\u043c\u043d\u043e\u0433\u043e \u043a\u043b\u0435\u044f \u0434\u043b\u044f \u043d\u043e\u0433\u0442\u0435\u0439:<br \/>\n\u2022\u00a0\u00a0\u00a0\u00a0\u041d\u0435 \u0442\u0440\u0435\u0431\u0443\u0435\u0442\u0441\u044f \u0423\u0424-\u0441\u0432\u0435\u0442<br \/>\n\u2022\u00a0\u00a0\u00a0\u00a0\u0411\u0435\u0437 \u0437\u0430\u043f\u0430\u0445\u0430<br \/>\n\u2022\u00a0\u00a0\u00a0\u00a0\u041c\u043d\u043e\u0433\u043e\u0440\u0430\u0437\u043e\u0432\u043e\u0435 \u0438\u0441\u043f\u043e\u043b\u044c\u0437\u043e\u0432\u0430\u043d\u0438\u0435 \u043f\u043e\u0441\u043b\u0435 \u0441\u043d\u044f\u0442\u0438\u044f \u0438\u0441\u043a\u0443\u0441\u0441\u0442\u0432\u0435\u043d\u043d\u043e\u0433\u043e \u043d\u043e\u0433\u0442\u044f<\/p>\n<p>\u0418\u043d\u0433\u0440\u0435\u0434\u0438\u0435\u043d\u0442\u044b:<br \/>\n\u2022\u00a0\u00a0\u00a0\u00a0\u0421\u043e\u043f\u043e\u043b\u0438\u043c\u0435\u0440 \u0430\u043a\u0440\u0438\u043b\u043e\u0432\u043e\u0439 \u043a\u0438\u0441\u043b\u043e\u0442\u044b \u0438 \u044d\u0444\u0438\u0440\u043e\u0432<br \/>\n\u2022\u00a0\u00a0\u00a0\u00a0\u041f\u043e\u043b\u0438\u0432\u0438\u043d\u0438\u043b\u043e\u0432\u044b\u0439 \u0441\u043f\u0438\u0440\u0442<br \/>\n\u2022\u00a0\u00a0\u00a0\u00a0\u0412\u043e\u0434\u043e\u0440\u0430\u0441\u0442\u0432\u043e\u0440\u0438\u043c\u0430\u044f \u0441\u043c\u043e\u043b\u0430<br \/>\n\u2022 \u0414\u0440\u0443\u0433\u0438\u0435 \u043a\u043e\u0441\u043c\u0435\u0442\u0438\u0447\u0435\u0441\u043a\u0438\u0435 \u0434\u043e\u0431\u0430\u0432\u043a\u0438<\/p>\n<p>&nbsp;<\/p>\n<p>\u041f\u0440\u0438\u043c\u0435\u043d\u0435\u043d\u0438\u0435:<br \/>\n\u0422\u0449\u0430\u0442\u0435\u043b\u044c\u043d\u043e \u043e\u0447\u0438\u0441\u0442\u0438 \u0438 \u0432\u044b\u0441\u0443\u0448\u0438 \u043d\u043e\u0433\u0442\u0438. \u0417\u0430\u0442\u0435\u043c \u043d\u0430\u043d\u0435\u0441\u0438 \u043a\u043b\u0435\u0439 \u043d\u0430\u043f\u0440\u044f\u043c\u0443\u044e.<\/p>\n<p>\u0420\u0430\u0432\u043d\u043e\u043c\u0435\u0440\u043d\u043e \u0440\u0430\u0441\u043f\u0440\u0435\u0434\u0435\u043b\u0438\u0442\u0435 \u043a\u043b\u0435\u0439, \u0447\u0442\u043e\u0431\u044b \u0432\u0441\u044f \u043f\u043e\u0432\u0435\u0440\u0445\u043d\u043e\u0441\u0442\u044c \u043d\u043e\u0433\u0442\u044f \u0431\u044b\u043b\u0430 \u043f\u043e\u043a\u0440\u044b\u0442\u0430.<\/p>\n<p>\u041d\u0435\u043c\u0435\u0434\u043b\u0435\u043d\u043d\u043e \u043f\u0440\u0438\u0436\u043c\u0438 \u0438\u0441\u043a\u0443\u0441\u0441\u0442\u0432\u0435\u043d\u043d\u044b\u0439 \u043d\u043e\u0433\u043e\u0442\u044c \u043a \u043d\u0430\u0442\u0443\u0440\u0430\u043b\u044c\u043d\u043e\u043c\u0443 \u0438 \u0441\u043b\u0435\u0433\u043a\u0430 \u043d\u0430\u0434\u0430\u0432\u0438.<\/p>\n<p>\u0423\u0434\u0435\u0440\u0436\u0438\u0432\u0430\u0439 \u0434\u0430\u0432\u043b\u0435\u043d\u0438\u0435 \u0432 \u0442\u0435\u0447\u0435\u043d\u0438\u0435 5\u201310 \u0441\u0435\u043a\u0443\u043d\u0434. \u0421\u043b\u0438\u0448\u043a\u043e\u043c \u0441\u043b\u0430\u0431\u043e\u0435 \u0434\u0430\u0432\u043b\u0435\u043d\u0438\u0435 \u043c\u043e\u0436\u0435\u0442 \u0443\u0445\u0443\u0434\u0448\u0438\u0442\u044c \u0441\u0446\u0435\u043f\u043b\u0435\u043d\u0438\u0435.<\/p>\n<p>\u0418\u0437\u0431\u0435\u0433\u0430\u0439 \u043a\u043e\u043d\u0442\u0430\u043a\u0442\u0430 \u0441 \u0432\u043e\u0434\u043e\u0439 \u043a\u0430\u043a \u043c\u0438\u043d\u0438\u043c\u0443\u043c 20 \u043c\u0438\u043d\u0443\u0442 \u043f\u043e\u0441\u043b\u0435 \u043d\u0430\u043a\u043b\u0435\u0438\u0432\u0430\u043d\u0438\u044f, \u0447\u0442\u043e\u0431\u044b \u043f\u0440\u043e\u0434\u043b\u0438\u0442\u044c \u0441\u0440\u043e\u043a \u0441\u043b\u0443\u0436\u0431\u044b.<\/p>","protected":false},"excerpt":{"rendered":"<p>Abziehbarer Nagelkleber Geruchlos Inhalt: (7\u202fml \/ 0.24\u202ffl.oz) Abziehbarer Nagelkleber Eigenschaften: \u2022\u00a0\u00a0\u00a0\u00a0Kein UV-Licht erforderlich \u2022\u00a0\u00a0\u00a0\u00a0Geruchlos \u2022\u00a0\u00a0\u00a0\u00a0Wiederverwendbar nach dem Entfernen des Kunstnagels Inhaltsstoffe: \u2022\u00a0\u00a0\u00a0\u00a0Acryls\u00e4ure-Ester-Copolymer \u2022\u00a0\u00a0\u00a0\u00a0Polyvinylalkohol \u2022\u00a0\u00a0\u00a0\u00a0Wasserl\u00f6sliches Harz \u2022\u00a0\u00a0\u00a0\u00a0Weitere kosmetische Zusatzstoffe &nbsp; Anwendung: Reinige und trockne die N\u00e4gel gr\u00fcndlich. Trage dann den Kleber direkt auf. Verteile den Kleber gleichm\u00e4\u00dfig, sodass die gesamte Nageloberfl\u00e4che bedeckt ist. Dr\u00fccke den Kunstnagel [&hellip;]<\/p>\n","protected":false},"featured_media":6539,"comment_status":"open","ping_status":"closed","template":"","meta":[],"product_brand":[],"product_cat":[280],"product_tag":[],"class_list":{"0":"post-6442","1":"product","2":"type-product","3":"status-publish","4":"has-post-thumbnail","6":"product_cat-kleber","8":"first","9":"instock","10":"sale","11":"taxable","12":"shipping-taxable","13":"purchasable","14":"product-type-simple"},"yoast_head":"<!-- This site is optimized with the Yoast SEO plugin v27.4 - https:\/\/yoast.com\/product\/yoast-seo-wordpress\/ -->\n<title>Abziehbarer Nagelkleber und Umweltfreundlicher Nagelkleber Entferner | Handgefertigte Press-on Nails \u2013 Chic Claws<\/title>\n<meta name=\"description\" content=\"Entdecke Abziehbarer Nagelkleber und Umweltfreundlicher Nagelkleber Entferner \u2013 wiederverwendbare, handgefertigte Press-on Nails mit UV-freiem Kleber. Besser als Kiss &amp; Doonails. Jetzt bei Chic Claws kaufen!\" \/>\n<meta name=\"robots\" content=\"index, follow, max-snippet:-1, max-image-preview:large, max-video-preview:-1\" \/>\n<link rel=\"canonical\" href=\"https:\/\/chic-claws.com\/ru\/urun\/6442\/\" \/>\n<meta property=\"og:locale\" content=\"ru_RU\" \/>\n<meta property=\"og:type\" content=\"article\" \/>\n<meta property=\"og:title\" content=\"Abziehbarer Nagelkleber und Umweltfreundlicher Nagelkleber Entferner | Handgefertigte Press-on Nails \u2013 Chic Claws\" \/>\n<meta property=\"og:description\" content=\"Entdecke Abziehbarer Nagelkleber und Umweltfreundlicher Nagelkleber Entferner \u2013 wiederverwendbare, handgefertigte Press-on Nails mit UV-freiem Kleber. Besser als Kiss &amp; Doonails. Jetzt bei Chic Claws kaufen!\" \/>\n<meta property=\"og:url\" content=\"https:\/\/chic-claws.com\/ru\/urun\/6442\/\" \/>\n<meta property=\"og:site_name\" content=\"Chic Claws\" \/>\n<meta property=\"article:modified_time\" content=\"2025-11-01T18:49:45+00:00\" \/>\n<meta property=\"og:image\" content=\"https:\/\/chic-claws.com\/wp-content\/uploads\/2025\/09\/kleberset.jpg\" \/>\n\t<meta property=\"og:image:width\" content=\"1024\" \/>\n\t<meta property=\"og:image:height\" content=\"1024\" \/>\n\t<meta property=\"og:image:type\" content=\"image\/jpeg\" \/>\n<meta name=\"twitter:card\" content=\"summary_large_image\" \/>\n<meta name=\"twitter:label1\" content=\"\u041f\u0440\u0438\u043c\u0435\u0440\u043d\u043e\u0435 \u0432\u0440\u0435\u043c\u044f \u0434\u043b\u044f \u0447\u0442\u0435\u043d\u0438\u044f\" \/>\n\t<meta name=\"twitter:data1\" content=\"1 \u043c\u0438\u043d\u0443\u0442\u0430\" \/>\n<script type=\"application\/ld+json\" class=\"yoast-schema-graph\">{\"@context\":\"https:\\\/\\\/schema.org\",\"@graph\":[{\"@type\":\"WebPage\",\"@id\":\"https:\\\/\\\/chic-claws.com\\\/urun\\\/6442\\\/\",\"url\":\"https:\\\/\\\/chic-claws.com\\\/urun\\\/6442\\\/\",\"name\":\"Abziehbarer Nagelkleber und Umweltfreundlicher Nagelkleber Entferner | Handgefertigte Press-on Nails \u2013 Chic Claws\",\"isPartOf\":{\"@id\":\"https:\\\/\\\/chic-claws.com\\\/#website\"},\"primaryImageOfPage\":{\"@id\":\"https:\\\/\\\/chic-claws.com\\\/urun\\\/6442\\\/#primaryimage\"},\"image\":{\"@id\":\"https:\\\/\\\/chic-claws.com\\\/urun\\\/6442\\\/#primaryimage\"},\"thumbnailUrl\":\"https:\\\/\\\/chic-claws.com\\\/wp-content\\\/uploads\\\/2025\\\/09\\\/kleberset.jpg\",\"datePublished\":\"2025-09-17T06:56:55+00:00\",\"dateModified\":\"2025-11-01T18:49:45+00:00\",\"description\":\"Entdecke Abziehbarer Nagelkleber und Umweltfreundlicher Nagelkleber Entferner \u2013 wiederverwendbare, handgefertigte Press-on Nails mit UV-freiem Kleber. Besser als Kiss & Doonails. Jetzt bei Chic Claws kaufen!\",\"breadcrumb\":{\"@id\":\"https:\\\/\\\/chic-claws.com\\\/urun\\\/6442\\\/#breadcrumb\"},\"inLanguage\":\"ru-RU\",\"potentialAction\":[{\"@type\":\"ReadAction\",\"target\":[\"https:\\\/\\\/chic-claws.com\\\/urun\\\/6442\\\/\"]}]},{\"@type\":\"ImageObject\",\"inLanguage\":\"ru-RU\",\"@id\":\"https:\\\/\\\/chic-claws.com\\\/urun\\\/6442\\\/#primaryimage\",\"url\":\"https:\\\/\\\/chic-claws.com\\\/wp-content\\\/uploads\\\/2025\\\/09\\\/kleberset.jpg\",\"contentUrl\":\"https:\\\/\\\/chic-claws.com\\\/wp-content\\\/uploads\\\/2025\\\/09\\\/kleberset.jpg\",\"width\":17008,\"height\":17008},{\"@type\":\"BreadcrumbList\",\"@id\":\"https:\\\/\\\/chic-claws.com\\\/urun\\\/6442\\\/#breadcrumb\",\"itemListElement\":[{\"@type\":\"ListItem\",\"position\":1,\"name\":\"Anasayfa\",\"item\":\"https:\\\/\\\/chic-claws.com\\\/\"},{\"@type\":\"ListItem\",\"position\":2,\"name\":\"Shop\",\"item\":\"https:\\\/\\\/chic-claws.com\\\/en\\\/shop\\\/\"},{\"@type\":\"ListItem\",\"position\":3,\"name\":\"Abziehbarer Nagelkleber und Umweltfreundlicher Nagelkleber Entferner\"}]},{\"@type\":\"WebSite\",\"@id\":\"https:\\\/\\\/chic-claws.com\\\/#website\",\"url\":\"https:\\\/\\\/chic-claws.com\\\/\",\"name\":\"Chic Claws\",\"description\":\"Chic Claws\",\"publisher\":{\"@id\":\"https:\\\/\\\/chic-claws.com\\\/#organization\"},\"potentialAction\":[{\"@type\":\"SearchAction\",\"target\":{\"@type\":\"EntryPoint\",\"urlTemplate\":\"https:\\\/\\\/chic-claws.com\\\/?s={search_term_string}\"},\"query-input\":{\"@type\":\"PropertyValueSpecification\",\"valueRequired\":true,\"valueName\":\"search_term_string\"}}],\"inLanguage\":\"ru-RU\"},{\"@type\":\"Organization\",\"@id\":\"https:\\\/\\\/chic-claws.com\\\/#organization\",\"name\":\"Chic Claws\",\"url\":\"https:\\\/\\\/chic-claws.com\\\/\",\"logo\":{\"@type\":\"ImageObject\",\"inLanguage\":\"ru-RU\",\"@id\":\"https:\\\/\\\/chic-claws.com\\\/#\\\/schema\\\/logo\\\/image\\\/\",\"url\":\"https:\\\/\\\/chic-claws.com\\\/wp-content\\\/uploads\\\/2020\\\/02\\\/cropped-noBgColor-2-small.png\",\"contentUrl\":\"https:\\\/\\\/chic-claws.com\\\/wp-content\\\/uploads\\\/2020\\\/02\\\/cropped-noBgColor-2-small.png\",\"width\":142,\"height\":144,\"caption\":\"Chic Claws\"},\"image\":{\"@id\":\"https:\\\/\\\/chic-claws.com\\\/#\\\/schema\\\/logo\\\/image\\\/\"}}]}<\/script>\n<!-- \/ Yoast SEO plugin. -->","yoast_head_json":{"title":"Abziehbarer Nagelkleber und Umweltfreundlicher Nagelkleber Entferner | Handgefertigte Press-on Nails \u2013 Chic Claws","description":"Entdecke Abziehbarer Nagelkleber und Umweltfreundlicher Nagelkleber Entferner \u2013 wiederverwendbare, handgefertigte Press-on Nails mit UV-freiem Kleber. Besser als Kiss & Doonails. Jetzt bei Chic Claws kaufen!","robots":{"index":"index","follow":"follow","max-snippet":"max-snippet:-1","max-image-preview":"max-image-preview:large","max-video-preview":"max-video-preview:-1"},"canonical":"https:\/\/chic-claws.com\/ru\/urun\/6442\/","og_locale":"ru_RU","og_type":"article","og_title":"Abziehbarer Nagelkleber und Umweltfreundlicher Nagelkleber Entferner | Handgefertigte Press-on Nails \u2013 Chic Claws","og_description":"Entdecke Abziehbarer Nagelkleber und Umweltfreundlicher Nagelkleber Entferner \u2013 wiederverwendbare, handgefertigte Press-on Nails mit UV-freiem Kleber. Besser als Kiss & Doonails. Jetzt bei Chic Claws kaufen!","og_url":"https:\/\/chic-claws.com\/ru\/urun\/6442\/","og_site_name":"Chic Claws","article_modified_time":"2025-11-01T18:49:45+00:00","og_image":[{"url":"https:\/\/chic-claws.com\/wp-content\/uploads\/2025\/09\/kleberset.jpg","width":1024,"height":1024,"type":"image\/jpeg"}],"twitter_card":"summary_large_image","twitter_misc":{"\u041f\u0440\u0438\u043c\u0435\u0440\u043d\u043e\u0435 \u0432\u0440\u0435\u043c\u044f \u0434\u043b\u044f \u0447\u0442\u0435\u043d\u0438\u044f":"1 \u043c\u0438\u043d\u0443\u0442\u0430"},"schema":{"@context":"https:\/\/schema.org","@graph":[{"@type":"WebPage","@id":"https:\/\/chic-claws.com\/urun\/6442\/","url":"https:\/\/chic-claws.com\/urun\/6442\/","name":"Abziehbarer Nagelkleber und Umweltfreundlicher Nagelkleber Entferner | Handgefertigte Press-on Nails \u2013 Chic Claws","isPartOf":{"@id":"https:\/\/chic-claws.com\/#website"},"primaryImageOfPage":{"@id":"https:\/\/chic-claws.com\/urun\/6442\/#primaryimage"},"image":{"@id":"https:\/\/chic-claws.com\/urun\/6442\/#primaryimage"},"thumbnailUrl":"https:\/\/chic-claws.com\/wp-content\/uploads\/2025\/09\/kleberset.jpg","datePublished":"2025-09-17T06:56:55+00:00","dateModified":"2025-11-01T18:49:45+00:00","description":"Entdecke Abziehbarer Nagelkleber und Umweltfreundlicher Nagelkleber Entferner \u2013 wiederverwendbare, handgefertigte Press-on Nails mit UV-freiem Kleber. Besser als Kiss & Doonails. Jetzt bei Chic Claws kaufen!","breadcrumb":{"@id":"https:\/\/chic-claws.com\/urun\/6442\/#breadcrumb"},"inLanguage":"ru-RU","potentialAction":[{"@type":"ReadAction","target":["https:\/\/chic-claws.com\/urun\/6442\/"]}]},{"@type":"ImageObject","inLanguage":"ru-RU","@id":"https:\/\/chic-claws.com\/urun\/6442\/#primaryimage","url":"https:\/\/chic-claws.com\/wp-content\/uploads\/2025\/09\/kleberset.jpg","contentUrl":"https:\/\/chic-claws.com\/wp-content\/uploads\/2025\/09\/kleberset.jpg","width":17008,"height":17008},{"@type":"BreadcrumbList","@id":"https:\/\/chic-claws.com\/urun\/6442\/#breadcrumb","itemListElement":[{"@type":"ListItem","position":1,"name":"Anasayfa","item":"https:\/\/chic-claws.com\/"},{"@type":"ListItem","position":2,"name":"Shop","item":"https:\/\/chic-claws.com\/en\/shop\/"},{"@type":"ListItem","position":3,"name":"Abziehbarer Nagelkleber und Umweltfreundlicher Nagelkleber Entferner"}]},{"@type":"WebSite","@id":"https:\/\/chic-claws.com\/#website","url":"https:\/\/chic-claws.com\/","name":"Chic Claws","description":"Chic Claws","publisher":{"@id":"https:\/\/chic-claws.com\/#organization"},"potentialAction":[{"@type":"SearchAction","target":{"@type":"EntryPoint","urlTemplate":"https:\/\/chic-claws.com\/?s={search_term_string}"},"query-input":{"@type":"PropertyValueSpecification","valueRequired":true,"valueName":"search_term_string"}}],"inLanguage":"ru-RU"},{"@type":"Organization","@id":"https:\/\/chic-claws.com\/#organization","name":"Chic Claws","url":"https:\/\/chic-claws.com\/","logo":{"@type":"ImageObject","inLanguage":"ru-RU","@id":"https:\/\/chic-claws.com\/#\/schema\/logo\/image\/","url":"https:\/\/chic-claws.com\/wp-content\/uploads\/2020\/02\/cropped-noBgColor-2-small.png","contentUrl":"https:\/\/chic-claws.com\/wp-content\/uploads\/2020\/02\/cropped-noBgColor-2-small.png","width":142,"height":144,"caption":"Chic Claws"},"image":{"@id":"https:\/\/chic-claws.com\/#\/schema\/logo\/image\/"}}]}},"_links":{"self":[{"href":"https:\/\/chic-claws.com\/ru\/wp-json\/wp\/v2\/product\/6442","targetHints":{"allow":["GET"]}}],"collection":[{"href":"https:\/\/chic-claws.com\/ru\/wp-json\/wp\/v2\/product"}],"about":[{"href":"https:\/\/chic-claws.com\/ru\/wp-json\/wp\/v2\/types\/product"}],"replies":[{"embeddable":true,"href":"https:\/\/chic-claws.com\/ru\/wp-json\/wp\/v2\/comments?post=6442"}],"version-history":[{"count":3,"href":"https:\/\/chic-claws.com\/ru\/wp-json\/wp\/v2\/product\/6442\/revisions"}],"predecessor-version":[{"id":6545,"href":"https:\/\/chic-claws.com\/ru\/wp-json\/wp\/v2\/product\/6442\/revisions\/6545"}],"wp:featuredmedia":[{"embeddable":true,"href":"https:\/\/chic-claws.com\/ru\/wp-json\/wp\/v2\/media\/6539"}],"wp:attachment":[{"href":"https:\/\/chic-claws.com\/ru\/wp-json\/wp\/v2\/media?parent=6442"}],"wp:term":[{"taxonomy":"product_brand","embeddable":true,"href":"https:\/\/chic-claws.com\/ru\/wp-json\/wp\/v2\/product_brand?post=6442"},{"taxonomy":"product_cat","embeddable":true,"href":"https:\/\/chic-claws.com\/ru\/wp-json\/wp\/v2\/product_cat?post=6442"},{"taxonomy":"product_tag","embeddable":true,"href":"https:\/\/chic-claws.com\/ru\/wp-json\/wp\/v2\/product_tag?post=6442"}],"curies":[{"name":"wp","href":"https:\/\/api.w.org\/{rel}","templated":true}]}}