{"id":4306,"date":"2025-08-13T09:45:26","date_gmt":"2025-08-13T09:45:26","guid":{"rendered":"https:\/\/chic-claws.com\/?page_id=4306"},"modified":"2025-08-26T09:29:26","modified_gmt":"2025-08-26T09:29:26","slug":"uber-uns","status":"publish","type":"page","link":"https:\/\/chic-claws.com\/tr\/uber-uns\/","title":{"rendered":"Hakk\u0131m\u0131zda"},"content":{"rendered":"<div data-elementor-type=\"wp-page\" data-elementor-id=\"4306\" class=\"elementor elementor-4306\" data-elementor-post-type=\"page\">\n\t\t\t\t<div class=\"elementor-element elementor-element-aacd5fe e-flex e-con-boxed e-con e-parent\" data-id=\"aacd5fe\" data-element_type=\"container\" data-e-type=\"container\" data-settings=\"{&quot;background_background&quot;:&quot;classic&quot;,&quot;jet_parallax_layout_list&quot;:[]}\">\n\t\t\t\t\t<div class=\"e-con-inner\">\n\t\t\t\t<div class=\"elementor-element elementor-element-77befeff elementor-widget elementor-widget-heading\" data-id=\"77befeff\" data-element_type=\"widget\" data-e-type=\"widget\" data-widget_type=\"heading.default\">\n\t\t\t\t\t<h1 class=\"elementor-heading-title elementor-size-default\">Yarat\u0131c\u0131l\u0131k, Bireysellik &amp; 2009\u2019dan beri d\u00fcnya \u00e7ap\u0131nda tasar\u0131m<\/h1>\t\t\t\t<\/div>\n\t\t\t\t<div class=\"elementor-element elementor-element-12c97b55 elementor-align-center elementor-mobile-align-center elementor-widget elementor-widget-button\" data-id=\"12c97b55\" data-element_type=\"widget\" data-e-type=\"widget\" data-widget_type=\"button.default\">\n\t\t\t\t\t\t\t\t\t\t<a class=\"elementor-button elementor-button-link elementor-size-sm\" href=\"https:\/\/chic-claws.com\/tr\/kontakt\/\">\n\t\t\t\t\t\t<span class=\"elementor-button-content-wrapper\">\n\t\t\t\t\t\t\t\t\t<span class=\"elementor-button-text\">Kontaktieren Sie uns<\/span>\n\t\t\t\t\t<\/span>\n\t\t\t\t\t<\/a>\n\t\t\t\t\t\t\t\t<\/div>\n\t\t\t\t\t<\/div>\n\t\t\t\t<\/div>\n\t\t<div class=\"elementor-element elementor-element-7102f2e4 e-flex e-con-boxed e-con e-parent\" data-id=\"7102f2e4\" data-element_type=\"container\" data-e-type=\"container\" data-settings=\"{&quot;jet_parallax_layout_list&quot;:[]}\">\n\t\t\t\t\t<div class=\"e-con-inner\">\n\t\t<div class=\"elementor-element elementor-element-7b545dd5 e-con-full e-flex e-con e-child\" data-id=\"7b545dd5\" data-element_type=\"container\" data-e-type=\"container\" data-settings=\"{&quot;jet_parallax_layout_list&quot;:[]}\">\n\t\t\t\t<div class=\"elementor-element elementor-element-4cb5421b elementor-widget elementor-widget-image\" data-id=\"4cb5421b\" data-element_type=\"widget\" data-e-type=\"widget\" data-widget_type=\"image.default\">\n\t\t\t\t\t\t\t\t\t\t\t\t\t\t\t<img fetchpriority=\"high\" decoding=\"async\" width=\"1024\" height=\"683\" src=\"https:\/\/chic-claws.com\/wp-content\/uploads\/2025\/08\/kreativitat-trifft-1024x683.jpg\" class=\"attachment-large size-large wp-image-4469\" alt=\"\" srcset=\"https:\/\/chic-claws.com\/wp-content\/uploads\/2025\/08\/kreativitat-trifft-1024x683.jpg 1024w, https:\/\/chic-claws.com\/wp-content\/uploads\/2025\/08\/kreativitat-trifft-700x467.jpg 700w, https:\/\/chic-claws.com\/wp-content\/uploads\/2025\/08\/kreativitat-trifft-768x512.jpg 768w, https:\/\/chic-claws.com\/wp-content\/uploads\/2025\/08\/kreativitat-trifft-600x400.jpg 600w, https:\/\/chic-claws.com\/wp-content\/uploads\/2025\/08\/kreativitat-trifft.jpg 1200w\" sizes=\"(max-width: 1024px) 100vw, 1024px\" \/>\t\t\t\t\t\t\t\t\t\t\t\t\t\t\t<\/div>\n\t\t\t\t<\/div>\n\t\t<div class=\"elementor-element elementor-element-628330c0 e-con-full e-flex e-con e-child\" data-id=\"628330c0\" data-element_type=\"container\" data-e-type=\"container\" data-settings=\"{&quot;jet_parallax_layout_list&quot;:[]}\">\n\t\t\t\t<div class=\"elementor-element elementor-element-4b4cdcfd elementor-widget elementor-widget-heading\" data-id=\"4b4cdcfd\" data-element_type=\"widget\" data-e-type=\"widget\" data-widget_type=\"heading.default\">\n\t\t\t\t\t<h2 class=\"elementor-heading-title elementor-size-default\">Yarat\u0131c\u0131l\u0131\u011f\u0131n t\u0131rnak tasar\u0131m\u0131yla bulu\u015ftu\u011fu yer<\/h2>\t\t\t\t<\/div>\n\t\t\t\t<div class=\"elementor-element elementor-element-72753b99 elementor-widget elementor-widget-text-editor\" data-id=\"72753b99\" data-element_type=\"widget\" data-e-type=\"widget\" data-widget_type=\"text-editor.default\">\n\t\t\t\t\t\t\t\t\t<p>Tasar\u0131m ve inovasyona duydu\u011fumuz tutkuyla, 24 Eyl\u00fcl 2009\u2019da yolculu\u011fumuza ba\u015flad\u0131k \u2013 net bir vizyonla: T\u0131rnaklar\u0131 de\u011fi\u015ftirilebilir sanat eserleri olarak g\u00f6rmek. Biz klasik bir g\u00fczellik sa\u011flay\u0131c\u0131s\u0131 de\u011filiz, her \u00fcr\u00fcn\u00fcm\u00fczde tasar\u0131m\u0131, trendleri ve bireysel ifade bi\u00e7imlerini birle\u015ftiren yarat\u0131c\u0131 bir kolektifiz.<\/p>\t\t\t\t\t\t\t\t<\/div>\n\t\t\t\t<\/div>\n\t\t\t\t\t<\/div>\n\t\t\t\t<\/div>\n\t\t<div class=\"elementor-element elementor-element-6a303c3 e-con-full e-flex e-con e-parent\" data-id=\"6a303c3\" data-element_type=\"container\" data-e-type=\"container\" data-settings=\"{&quot;background_background&quot;:&quot;classic&quot;,&quot;jet_parallax_layout_list&quot;:[]}\">\n\t\t\t\t<div class=\"elementor-element elementor-element-c434a14 elementor-widget elementor-widget-image\" data-id=\"c434a14\" data-element_type=\"widget\" data-e-type=\"widget\" data-widget_type=\"image.default\">\n\t\t\t\t\t\t\t\t\t\t\t\t\t\t\t<img decoding=\"async\" width=\"1024\" height=\"487\" src=\"https:\/\/chic-claws.com\/wp-content\/uploads\/2025\/08\/moda-nails-1024x487.jpg\" class=\"attachment-large size-large wp-image-4483\" alt=\"\" srcset=\"https:\/\/chic-claws.com\/wp-content\/uploads\/2025\/08\/moda-nails-1024x487.jpg 1024w, https:\/\/chic-claws.com\/wp-content\/uploads\/2025\/08\/moda-nails-700x333.jpg 700w, https:\/\/chic-claws.com\/wp-content\/uploads\/2025\/08\/moda-nails-768x365.jpg 768w, https:\/\/chic-claws.com\/wp-content\/uploads\/2025\/08\/moda-nails-1536x730.jpg 1536w, https:\/\/chic-claws.com\/wp-content\/uploads\/2025\/08\/moda-nails-600x285.jpg 600w, https:\/\/chic-claws.com\/wp-content\/uploads\/2025\/08\/moda-nails.jpg 1800w\" sizes=\"(max-width: 1024px) 100vw, 1024px\" \/>\t\t\t\t\t\t\t\t\t\t\t\t\t\t\t<\/div>\n\t\t\t\t<\/div>\n\t\t<div class=\"elementor-element elementor-element-31a4b09b e-flex e-con-boxed e-con e-parent\" data-id=\"31a4b09b\" data-element_type=\"container\" data-e-type=\"container\" data-settings=\"{&quot;jet_parallax_layout_list&quot;:[]}\">\n\t\t\t\t\t<div class=\"e-con-inner\">\n\t\t\t\t<div class=\"elementor-element elementor-element-222b916b elementor-widget elementor-widget-heading\" data-id=\"222b916b\" data-element_type=\"widget\" data-e-type=\"widget\" data-widget_type=\"heading.default\">\n\t\t\t\t\t<h3 class=\"elementor-heading-title elementor-size-default\">DNA\u2019m\u0131z: Yarat\u0131c\u0131 Zihinler, S\u0131n\u0131rs\u0131z Fikirler<\/h3>\t\t\t\t<\/div>\n\t\t<div class=\"elementor-element elementor-element-1423723c e-con-full e-flex e-con e-child\" data-id=\"1423723c\" data-element_type=\"container\" data-e-type=\"container\" data-settings=\"{&quot;jet_parallax_layout_list&quot;:[]}\">\n\t\t\t\t<div class=\"elementor-element elementor-element-41d84f0b elementor-view-stacked elementor-shape-square elementor-widget__width-initial elementor-position-block-start elementor-mobile-position-block-start elementor-widget elementor-widget-icon-box\" data-id=\"41d84f0b\" data-element_type=\"widget\" data-e-type=\"widget\" data-widget_type=\"icon-box.default\">\n\t\t\t\t\t\t\t<div class=\"elementor-icon-box-wrapper\">\n\n\t\t\t\t\t\t<div class=\"elementor-icon-box-icon\">\n\t\t\t\t<span  class=\"elementor-icon elementor-animation-shrink\">\n\t\t\t\t<svg xmlns=\"http:\/\/www.w3.org\/2000\/svg\" id=\"ef401a9b-392f-49b7-a156-a160ba6e5cf7\" data-name=\"Layer 1\" width=\"41.4618\" height=\"39.8666\" viewbox=\"0 0 41.4618 39.8666\"><polygon points=\"29.876 11.139 29.876 0 0 0 0 28.727 11.586 28.727 11.586 11.139 29.876 11.139\"><\/polygon><polygon points=\"29.876 11.139 29.876 28.727 11.586 28.727 11.586 39.867 41.462 39.867 41.462 11.139 29.876 11.139\"><\/polygon><\/svg>\t\t\t\t<\/span>\n\t\t\t<\/div>\n\t\t\t\n\t\t\t\t\t\t<div class=\"elementor-icon-box-content\">\n\n\t\t\t\t\t\t\t\t\t<h4 class=\"elementor-icon-box-title\">\n\t\t\t\t\t\t<span  >\n\t\t\t\t\t\t\tEkibimiz; tasar\u0131mc\u0131lardan, trend avc\u0131lar\u0131ndan ve nail-art sanat\u00e7\u0131lar\u0131ndan olu\u015fuyor. Birlikte sadece i\u015flevsel de\u011fil, ayn\u0131 zamanda hik\u00e2yeler anlatan \u00fcr\u00fcnler geli\u015ftiriyoruz.\t\t\t\t\t\t<\/span>\n\t\t\t\t\t<\/h4>\n\t\t\t\t\n\t\t\t\t\t\t\t\t\t<p class=\"elementor-icon-box-description\">\n\t\t\t\t\t\tBiz sadece oje yaratm\u0131yoruz \u2013 biz ruh halini y\u00fckselten tasar\u0131mlar yap\u0131yoruz. <br> \nBiz sadece t\u0131rnak u\u00e7lar\u0131 \u00fcretmiyoruz \u2013 biz de\u011fi\u015ftirilebilir mini sanat eserleri geli\u015ftiriyoruz.  <br>  \nBiz sadece trendlere uymuyoruz \u2013 biz onlar\u0131 yarat\u0131yoruz.  <br> \u2013 yenilik\u00e7i t\u0131rnak tasar\u0131mc\u0131lar\u0131ndan olu\u015fan k\u00fcresel a\u011f\u0131m\u0131z sayesinde.\t\t\t\t\t<\/p>\n\t\t\t\t\n\t\t\t<\/div>\n\t\t\t\n\t\t<\/div>\n\t\t\t\t\t\t<\/div>\n\t\t\t\t<\/div>\n\t\t\t\t\t<\/div>\n\t\t\t\t<\/div>\n\t\t<div class=\"elementor-element elementor-element-7e1504a7 e-flex e-con-boxed e-con e-parent\" data-id=\"7e1504a7\" data-element_type=\"container\" data-e-type=\"container\" data-settings=\"{&quot;jet_parallax_layout_list&quot;:[]}\">\n\t\t\t\t\t<div class=\"e-con-inner\">\n\t\t<div class=\"elementor-element elementor-element-55d81129 e-con-full e-flex e-con e-child\" data-id=\"55d81129\" data-element_type=\"container\" data-e-type=\"container\" data-settings=\"{&quot;jet_parallax_layout_list&quot;:[]}\">\n\t\t\t\t<div class=\"elementor-element elementor-element-2bca61e6 elementor-view-default elementor-widget elementor-widget-icon\" data-id=\"2bca61e6\" data-element_type=\"widget\" data-e-type=\"widget\" data-widget_type=\"icon.default\">\n\t\t\t\t\t\t\t<div class=\"elementor-icon-wrapper\">\n\t\t\t<div class=\"elementor-icon\">\n\t\t\t<svg xmlns=\"http:\/\/www.w3.org\/2000\/svg\" id=\"a\" width=\"82\" height=\"67\" viewbox=\"0 0 82 67\"><path d=\"M20.3643,32.1382c0-5.8103,1.0861-10.0772,3.2583-12.8008,2.3532-2.9052,5.883-4.3577,10.5894-4.3577V0C22.989,0,14.4812,3.3591,8.6887,10.0772,2.8962,16.6138,0,25.6924,0,37.313c0,9.4417,1.5386,19.3374,4.6159,29.687h31.4967v-29.9594h-15.7483v-4.9024Z\"><\/path><path d=\"M66.2517,37.0406v-4.9024c0-5.8103,1.0861-10.0772,3.2583-12.8008,2.3532-2.9052,5.883-4.3577,10.5894-4.3577V0c-11.2229,0-19.7307,3.3591-25.5231,10.0772-5.7925,6.5366-8.6889,15.6152-8.6889,27.2358,0,9.4417,1.5387,19.3374,4.6159,29.687h31.4967v-29.9594h-15.7483Z\"><\/path><\/svg>\t\t\t<\/div>\n\t\t<\/div>\n\t\t\t\t\t\t<\/div>\n\t\t\t\t<div class=\"elementor-element elementor-element-531edac9 elementor-blockquote--skin-clean elementor-widget__width-inherit elementor-widget elementor-widget-blockquote\" data-id=\"531edac9\" data-element_type=\"widget\" data-e-type=\"widget\" data-widget_type=\"blockquote.default\">\n\t\t\t\t\t\t\t<blockquote class=\"elementor-blockquote\">\n\t\t\t<p class=\"elementor-blockquote__content\">\n\t\t\t\t\u201eSwitch Nails, Switch Mood\u201c bir slogandan fazlas\u0131 \u2013 bu bizim yarat\u0131c\u0131 manifestomuz. Her bir \u00fcr\u00fcn\u00fcm\u00fcz sana \u015fu \u00f6zg\u00fcrl\u00fc\u011f\u00fc vermeyi ama\u00e7l\u0131yor:\n\nKendini her g\u00fcn yeniden ke\u015ffetmek \u2013 ister s\u0131n\u0131rl\u0131 koleksiyonlarla, ister zamans\u0131z klasiklerle. <br> \n<br> K\u00fcresel ilhamla stil sahibi olmak \u2013 sokak modas\u0131, y\u00fcksek moda ve d\u00fcnya \u00e7ap\u0131ndaki alt k\u00fclt\u00fcrlerden esinlenerek.  \n<br> <br> \nKaliteyi hissetmek \u2013 \u00e7\u00fcnk\u00fc ola\u011fan\u00fcst\u00fc tasar\u0131m ayn\u0131 zamanda m\u00fckemmel \u015fekilde tutunmal\u0131d\u0131r.\t\t\t<\/p>\n\t\t\t\t\t\t\t<div class=\"e-q-footer\">\n\t\t\t\t\t\t\t\t\t\t\t<cite class=\"elementor-blockquote__author\">Bizi ne motive ediyor? D\u00f6n\u00fc\u015f\u00fcm\u00fcn sanat\u0131 <\/cite>\n\t\t\t\t\t\t\t\t\t\t\t\t\t\t<\/div>\n\t\t\t\t\t<\/blockquote>\n\t\t\t\t\t\t<\/div>\n\t\t\t\t<\/div>\n\t\t<div class=\"elementor-element elementor-element-49fbcad8 e-con-full e-flex e-con e-child\" data-id=\"49fbcad8\" data-element_type=\"container\" data-e-type=\"container\" data-settings=\"{&quot;jet_parallax_layout_list&quot;:[]}\">\n\t\t\t\t<div class=\"elementor-element elementor-element-3236444a elementor-widget elementor-widget-image\" data-id=\"3236444a\" data-element_type=\"widget\" data-e-type=\"widget\" data-widget_type=\"image.default\">\n\t\t\t\t\t\t\t\t\t\t\t\t\t\t\t<img decoding=\"async\" width=\"1024\" height=\"653\" src=\"https:\/\/chic-claws.com\/wp-content\/uploads\/2025\/08\/hellowen-1024x653.jpg\" class=\"attachment-large size-large wp-image-4485\" alt=\"\" srcset=\"https:\/\/chic-claws.com\/wp-content\/uploads\/2025\/08\/hellowen-1024x653.jpg 1024w, https:\/\/chic-claws.com\/wp-content\/uploads\/2025\/08\/hellowen-700x446.jpg 700w, https:\/\/chic-claws.com\/wp-content\/uploads\/2025\/08\/hellowen-768x489.jpg 768w, https:\/\/chic-claws.com\/wp-content\/uploads\/2025\/08\/hellowen-1536x979.jpg 1536w, https:\/\/chic-claws.com\/wp-content\/uploads\/2025\/08\/hellowen-600x382.jpg 600w, https:\/\/chic-claws.com\/wp-content\/uploads\/2025\/08\/hellowen.jpg 1607w\" sizes=\"(max-width: 1024px) 100vw, 1024px\" \/>\t\t\t\t\t\t\t\t\t\t\t\t\t\t\t<\/div>\n\t\t\t\t<\/div>\n\t\t\t\t\t<\/div>\n\t\t\t\t<\/div>\n\t\t<div class=\"elementor-element elementor-element-2a4df194 e-flex e-con-boxed e-con e-parent\" data-id=\"2a4df194\" data-element_type=\"container\" data-e-type=\"container\" data-settings=\"{&quot;jet_parallax_layout_list&quot;:[]}\">\n\t\t\t\t\t<div class=\"e-con-inner\">\n\t\t<div class=\"elementor-element elementor-element-46dd5b14 e-con-full e-flex e-con e-child\" data-id=\"46dd5b14\" data-element_type=\"container\" data-e-type=\"container\" data-settings=\"{&quot;jet_parallax_layout_list&quot;:[]}\">\n\t\t\t\t<div class=\"elementor-element elementor-element-7db7a460 elementor-widget__width-initial elementor-widget elementor-widget-heading\" data-id=\"7db7a460\" data-element_type=\"widget\" data-e-type=\"widget\" data-widget_type=\"heading.default\">\n\t\t\t\t\t<h4 class=\"elementor-heading-title elementor-size-default\">T\u0131rnaklar\u0131n senin tuvalin. Bizim misyonumuz: Onun \u00fczerine resmetmen i\u00e7in sana ara\u00e7lar\u0131 vermek.<\/h4>\t\t\t\t<\/div>\n\t\t\t\t<div class=\"elementor-element elementor-element-66fe847e elementor-mobile-align-center elementor-tablet-align-center elementor-widget elementor-widget-button\" data-id=\"66fe847e\" data-element_type=\"widget\" data-e-type=\"widget\" data-widget_type=\"button.default\">\n\t\t\t\t\t\t\t\t\t\t<a class=\"elementor-button elementor-button-link elementor-size-sm\" href=\"https:\/\/chic-claws.com\/tr\/kontakt\/\">\n\t\t\t\t\t\t<span class=\"elementor-button-content-wrapper\">\n\t\t\t\t\t\t\t\t\t<span class=\"elementor-button-text\">Kontaktieren Sie uns<\/span>\n\t\t\t\t\t<\/span>\n\t\t\t\t\t<\/a>\n\t\t\t\t\t\t\t\t<\/div>\n\t\t\t\t<\/div>\n\t\t<div class=\"elementor-element elementor-element-6966c3e5 e-con-full e-flex e-con e-child\" data-id=\"6966c3e5\" data-element_type=\"container\" data-e-type=\"container\" data-settings=\"{&quot;jet_parallax_layout_list&quot;:[]}\">\n\t\t\t\t<div class=\"elementor-element elementor-element-7cdba269 elementor-widget elementor-widget-image\" data-id=\"7cdba269\" data-element_type=\"widget\" data-e-type=\"widget\" data-widget_type=\"image.default\">\n\t\t\t\t\t\t\t\t\t\t\t\t\t\t\t<img loading=\"lazy\" decoding=\"async\" width=\"1536\" height=\"1121\" src=\"https:\/\/chic-claws.com\/wp-content\/uploads\/2025\/08\/newstyle-1536x1121.jpg\" class=\"attachment-1536x1536 size-1536x1536 wp-image-4486\" alt=\"\" srcset=\"https:\/\/chic-claws.com\/wp-content\/uploads\/2025\/08\/newstyle-1536x1121.jpg 1536w, https:\/\/chic-claws.com\/wp-content\/uploads\/2025\/08\/newstyle-700x511.jpg 700w, https:\/\/chic-claws.com\/wp-content\/uploads\/2025\/08\/newstyle-1024x748.jpg 1024w, https:\/\/chic-claws.com\/wp-content\/uploads\/2025\/08\/newstyle-768x561.jpg 768w, https:\/\/chic-claws.com\/wp-content\/uploads\/2025\/08\/newstyle-2048x1495.jpg 2048w, https:\/\/chic-claws.com\/wp-content\/uploads\/2025\/08\/newstyle-600x438.jpg 600w\" sizes=\"(max-width: 1536px) 100vw, 1536px\" \/>\t\t\t\t\t\t\t\t\t\t\t\t\t\t\t<\/div>\n\t\t\t\t<\/div>\n\t\t\t\t\t<\/div>\n\t\t\t\t<\/div>\n\t\t\t\t<\/div>","protected":false},"excerpt":{"rendered":"<p>Kreativit\u00e4t, Individualit\u00e4t &amp; weltweite DESIGN seit 2009 Kontaktieren Sie uns Wo Kreativit\u00e4t auf Nageldesign trifft Als kreative Agentur mit Leidenschaft f\u00fcr Design und Innovation haben wir am *24. September 2009* unsere Reise begonnen \u2013 mit einer klaren Vision: N\u00e4gel als wandelbare Kunstwerke zu denken. Wir sind kein klassischer Beauty-Anbieter, sondern ein *kreatives Kollektiv*, das Design, [&hellip;]<\/p>\n","protected":false},"author":4,"featured_media":0,"parent":0,"menu_order":0,"comment_status":"closed","ping_status":"closed","template":"","meta":{"footnotes":""},"class_list":["post-4306","page","type-page","status-publish","hentry"],"yoast_head":"<!-- This site is optimized with the Yoast SEO plugin v27.4 - https:\/\/yoast.com\/product\/yoast-seo-wordpress\/ -->\n<title>\u00dcber Uns - Chic Claws<\/title>\n<meta name=\"description\" content=\"Erfahre mehr \u00fcber \u00dcber Uns auf Chic Claws. Entdecke Press-on Nails, wiederverwendbare Designs und UV-freien Nagelkleber \u2013 exklusiv bei Chic Class.\" \/>\n<meta name=\"robots\" content=\"index, follow, max-snippet:-1, max-image-preview:large, max-video-preview:-1\" \/>\n<link rel=\"canonical\" href=\"https:\/\/chic-claws.com\/tr\/uber-uns\/\" \/>\n<meta property=\"og:locale\" content=\"tr_TR\" \/>\n<meta property=\"og:type\" content=\"article\" \/>\n<meta property=\"og:title\" content=\"\u00dcber Uns - Chic Claws\" \/>\n<meta property=\"og:description\" content=\"Erfahre mehr \u00fcber \u00dcber Uns auf Chic Claws. Entdecke Press-on Nails, wiederverwendbare Designs und UV-freien Nagelkleber \u2013 exklusiv bei Chic Class.\" \/>\n<meta property=\"og:url\" content=\"https:\/\/chic-claws.com\/tr\/uber-uns\/\" \/>\n<meta property=\"og:site_name\" content=\"Chic Claws\" \/>\n<meta property=\"article:modified_time\" content=\"2025-08-26T09:29:26+00:00\" \/>\n<meta property=\"og:image\" content=\"https:\/\/chic-claws.com\/wp-content\/uploads\/2025\/08\/kreativitat-trifft.jpg\" \/>\n\t<meta property=\"og:image:width\" content=\"1200\" \/>\n\t<meta property=\"og:image:height\" content=\"800\" \/>\n\t<meta property=\"og:image:type\" content=\"image\/jpeg\" \/>\n<meta name=\"twitter:card\" content=\"summary_large_image\" \/>\n<meta name=\"twitter:label1\" content=\"Tahmini okuma s\u00fcresi\" \/>\n\t<meta name=\"twitter:data1\" content=\"2 dakika\" \/>\n<script type=\"application\/ld+json\" class=\"yoast-schema-graph\">{\"@context\":\"https:\\\/\\\/schema.org\",\"@graph\":[{\"@type\":\"WebPage\",\"@id\":\"https:\\\/\\\/chic-claws.com\\\/uber-uns\\\/\",\"url\":\"https:\\\/\\\/chic-claws.com\\\/uber-uns\\\/\",\"name\":\"\u00dcber Uns - Chic Claws\",\"isPartOf\":{\"@id\":\"https:\\\/\\\/chic-claws.com\\\/#website\"},\"primaryImageOfPage\":{\"@id\":\"https:\\\/\\\/chic-claws.com\\\/uber-uns\\\/#primaryimage\"},\"image\":{\"@id\":\"https:\\\/\\\/chic-claws.com\\\/uber-uns\\\/#primaryimage\"},\"thumbnailUrl\":\"https:\\\/\\\/chic-claws.com\\\/wp-content\\\/uploads\\\/2025\\\/08\\\/kreativitat-trifft-1024x683.jpg\",\"datePublished\":\"2025-08-13T09:45:26+00:00\",\"dateModified\":\"2025-08-26T09:29:26+00:00\",\"description\":\"Erfahre mehr \u00fcber \u00dcber Uns auf Chic Claws. Entdecke Press-on Nails, wiederverwendbare Designs und UV-freien Nagelkleber \u2013 exklusiv bei Chic Class.\",\"breadcrumb\":{\"@id\":\"https:\\\/\\\/chic-claws.com\\\/uber-uns\\\/#breadcrumb\"},\"inLanguage\":\"tr\",\"potentialAction\":[{\"@type\":\"ReadAction\",\"target\":[\"https:\\\/\\\/chic-claws.com\\\/uber-uns\\\/\"]}]},{\"@type\":\"ImageObject\",\"inLanguage\":\"tr\",\"@id\":\"https:\\\/\\\/chic-claws.com\\\/uber-uns\\\/#primaryimage\",\"url\":\"https:\\\/\\\/chic-claws.com\\\/wp-content\\\/uploads\\\/2025\\\/08\\\/kreativitat-trifft-1024x683.jpg\",\"contentUrl\":\"https:\\\/\\\/chic-claws.com\\\/wp-content\\\/uploads\\\/2025\\\/08\\\/kreativitat-trifft-1024x683.jpg\"},{\"@type\":\"BreadcrumbList\",\"@id\":\"https:\\\/\\\/chic-claws.com\\\/uber-uns\\\/#breadcrumb\",\"itemListElement\":[{\"@type\":\"ListItem\",\"position\":1,\"name\":\"Anasayfa\",\"item\":\"https:\\\/\\\/chic-claws.com\\\/\"},{\"@type\":\"ListItem\",\"position\":2,\"name\":\"\u00dcber Uns\"}]},{\"@type\":\"WebSite\",\"@id\":\"https:\\\/\\\/chic-claws.com\\\/#website\",\"url\":\"https:\\\/\\\/chic-claws.com\\\/\",\"name\":\"Chic Claws\",\"description\":\"Chic Claws\",\"publisher\":{\"@id\":\"https:\\\/\\\/chic-claws.com\\\/#organization\"},\"potentialAction\":[{\"@type\":\"SearchAction\",\"target\":{\"@type\":\"EntryPoint\",\"urlTemplate\":\"https:\\\/\\\/chic-claws.com\\\/?s={search_term_string}\"},\"query-input\":{\"@type\":\"PropertyValueSpecification\",\"valueRequired\":true,\"valueName\":\"search_term_string\"}}],\"inLanguage\":\"tr\"},{\"@type\":\"Organization\",\"@id\":\"https:\\\/\\\/chic-claws.com\\\/#organization\",\"name\":\"Chic Claws\",\"url\":\"https:\\\/\\\/chic-claws.com\\\/\",\"logo\":{\"@type\":\"ImageObject\",\"inLanguage\":\"tr\",\"@id\":\"https:\\\/\\\/chic-claws.com\\\/#\\\/schema\\\/logo\\\/image\\\/\",\"url\":\"https:\\\/\\\/chic-claws.com\\\/wp-content\\\/uploads\\\/2020\\\/02\\\/cropped-noBgColor-2-small.png\",\"contentUrl\":\"https:\\\/\\\/chic-claws.com\\\/wp-content\\\/uploads\\\/2020\\\/02\\\/cropped-noBgColor-2-small.png\",\"width\":142,\"height\":144,\"caption\":\"Chic Claws\"},\"image\":{\"@id\":\"https:\\\/\\\/chic-claws.com\\\/#\\\/schema\\\/logo\\\/image\\\/\"}}]}<\/script>\n<!-- \/ Yoast SEO plugin. -->","yoast_head_json":{"title":"\u00dcber Uns - Chic Claws","description":"Erfahre mehr \u00fcber \u00dcber Uns auf Chic Claws. Entdecke Press-on Nails, wiederverwendbare Designs und UV-freien Nagelkleber \u2013 exklusiv bei Chic Class.","robots":{"index":"index","follow":"follow","max-snippet":"max-snippet:-1","max-image-preview":"max-image-preview:large","max-video-preview":"max-video-preview:-1"},"canonical":"https:\/\/chic-claws.com\/tr\/uber-uns\/","og_locale":"tr_TR","og_type":"article","og_title":"\u00dcber Uns - Chic Claws","og_description":"Erfahre mehr \u00fcber \u00dcber Uns auf Chic Claws. Entdecke Press-on Nails, wiederverwendbare Designs und UV-freien Nagelkleber \u2013 exklusiv bei Chic Class.","og_url":"https:\/\/chic-claws.com\/tr\/uber-uns\/","og_site_name":"Chic Claws","article_modified_time":"2025-08-26T09:29:26+00:00","og_image":[{"width":1200,"height":800,"url":"https:\/\/chic-claws.com\/wp-content\/uploads\/2025\/08\/kreativitat-trifft.jpg","type":"image\/jpeg"}],"twitter_card":"summary_large_image","twitter_misc":{"Tahmini okuma s\u00fcresi":"2 dakika"},"schema":{"@context":"https:\/\/schema.org","@graph":[{"@type":"WebPage","@id":"https:\/\/chic-claws.com\/uber-uns\/","url":"https:\/\/chic-claws.com\/uber-uns\/","name":"\u00dcber Uns - Chic Claws","isPartOf":{"@id":"https:\/\/chic-claws.com\/#website"},"primaryImageOfPage":{"@id":"https:\/\/chic-claws.com\/uber-uns\/#primaryimage"},"image":{"@id":"https:\/\/chic-claws.com\/uber-uns\/#primaryimage"},"thumbnailUrl":"https:\/\/chic-claws.com\/wp-content\/uploads\/2025\/08\/kreativitat-trifft-1024x683.jpg","datePublished":"2025-08-13T09:45:26+00:00","dateModified":"2025-08-26T09:29:26+00:00","description":"Erfahre mehr \u00fcber \u00dcber Uns auf Chic Claws. Entdecke Press-on Nails, wiederverwendbare Designs und UV-freien Nagelkleber \u2013 exklusiv bei Chic Class.","breadcrumb":{"@id":"https:\/\/chic-claws.com\/uber-uns\/#breadcrumb"},"inLanguage":"tr","potentialAction":[{"@type":"ReadAction","target":["https:\/\/chic-claws.com\/uber-uns\/"]}]},{"@type":"ImageObject","inLanguage":"tr","@id":"https:\/\/chic-claws.com\/uber-uns\/#primaryimage","url":"https:\/\/chic-claws.com\/wp-content\/uploads\/2025\/08\/kreativitat-trifft-1024x683.jpg","contentUrl":"https:\/\/chic-claws.com\/wp-content\/uploads\/2025\/08\/kreativitat-trifft-1024x683.jpg"},{"@type":"BreadcrumbList","@id":"https:\/\/chic-claws.com\/uber-uns\/#breadcrumb","itemListElement":[{"@type":"ListItem","position":1,"name":"Anasayfa","item":"https:\/\/chic-claws.com\/"},{"@type":"ListItem","position":2,"name":"\u00dcber Uns"}]},{"@type":"WebSite","@id":"https:\/\/chic-claws.com\/#website","url":"https:\/\/chic-claws.com\/","name":"Chic Claws","description":"Chic Claws","publisher":{"@id":"https:\/\/chic-claws.com\/#organization"},"potentialAction":[{"@type":"SearchAction","target":{"@type":"EntryPoint","urlTemplate":"https:\/\/chic-claws.com\/?s={search_term_string}"},"query-input":{"@type":"PropertyValueSpecification","valueRequired":true,"valueName":"search_term_string"}}],"inLanguage":"tr"},{"@type":"Organization","@id":"https:\/\/chic-claws.com\/#organization","name":"Chic Claws","url":"https:\/\/chic-claws.com\/","logo":{"@type":"ImageObject","inLanguage":"tr","@id":"https:\/\/chic-claws.com\/#\/schema\/logo\/image\/","url":"https:\/\/chic-claws.com\/wp-content\/uploads\/2020\/02\/cropped-noBgColor-2-small.png","contentUrl":"https:\/\/chic-claws.com\/wp-content\/uploads\/2020\/02\/cropped-noBgColor-2-small.png","width":142,"height":144,"caption":"Chic Claws"},"image":{"@id":"https:\/\/chic-claws.com\/#\/schema\/logo\/image\/"}}]}},"_links":{"self":[{"href":"https:\/\/chic-claws.com\/tr\/wp-json\/wp\/v2\/pages\/4306","targetHints":{"allow":["GET"]}}],"collection":[{"href":"https:\/\/chic-claws.com\/tr\/wp-json\/wp\/v2\/pages"}],"about":[{"href":"https:\/\/chic-claws.com\/tr\/wp-json\/wp\/v2\/types\/page"}],"author":[{"embeddable":true,"href":"https:\/\/chic-claws.com\/tr\/wp-json\/wp\/v2\/users\/4"}],"replies":[{"embeddable":true,"href":"https:\/\/chic-claws.com\/tr\/wp-json\/wp\/v2\/comments?post=4306"}],"version-history":[{"count":55,"href":"https:\/\/chic-claws.com\/tr\/wp-json\/wp\/v2\/pages\/4306\/revisions"}],"predecessor-version":[{"id":5962,"href":"https:\/\/chic-claws.com\/tr\/wp-json\/wp\/v2\/pages\/4306\/revisions\/5962"}],"wp:attachment":[{"href":"https:\/\/chic-claws.com\/tr\/wp-json\/wp\/v2\/media?parent=4306"}],"curies":[{"name":"wp","href":"https:\/\/api.w.org\/{rel}","templated":true}]}}